{"id":3463,"date":"2021-03-16T11:34:07","date_gmt":"2021-03-16T10:34:07","guid":{"rendered":"https:\/\/www.reservit.com\/merci-pour-votre-demande\/"},"modified":"2021-05-10T11:21:57","modified_gmt":"2021-05-10T09:21:57","slug":"obrigado-pelo-seu-pedido","status":"publish","type":"page","link":"https:\/\/www.reservit.com\/pt-br\/obrigado-pelo-seu-pedido\/","title":{"rendered":""},"content":{"rendered":"<div class=\"vce-row-container\" data-vce-boxed-width=\"true\"><div class=\"vce-row vce-element--has-background vce-row--col-gap-30 page-banner vce-row-content--top\" id=\"el-94b67783\" data-vce-do-apply=\"all el-94b67783\" data-vce-animate=\"vce-o-animate--zoomIn\"><div class=\"vce-content-background-container\"><div class=\"vce-asset-background-simple-container vce-visible-all-only vce-asset-background-simple--style-cover vce-asset-background-simple--position-center-top\"><div class=\"vce-asset-background-simple\"><div class=\"vce-asset-background-simple-item\" style=\"background-image: url('https:\/\/www.reservit.com\/zeeptapo\/2021\/01\/OAV9EA0-1030x740-1.jpg');\"><\/div><div class=\"vce-asset-background-simple-item\" style=\"background-image: url('https:\/\/www.reservit.com\/zeeptapo\/2021\/02\/Turquoise.png');\"><\/div><\/div><\/div><\/div><div class=\"vce-row-content\" data-vce-element-content=\"true\"><div class=\"vce-col vce-col--md-auto vce-col--xs-1 vce-col--xs-last vce-col--xs-first vce-col--sm-last vce-col--sm-first vce-col--md-last vce-col--lg-last vce-col--xl-last vce-col--md-first vce-col--lg-first vce-col--xl-first\" id=\"el-d252c871\"><div class=\"vce-col-inner\" data-vce-do-apply=\"border margin background  el-d252c871\"><div class=\"vce-col-content\" data-vce-element-content=\"true\" data-vce-do-apply=\"padding el-d252c871\"><div class=\"vce-text-block banner-arrows\"><div class=\"vce-text-block-wrapper vce\" id=\"el-c450b284\" data-vce-do-apply=\"all el-c450b284\"><h1>Obrigado !<\/h1><p>Obrigado por ter nos contatado! Levamos seu pedido em considera\u00e7\u00e3o e entraremos em contato com voc\u00ea o mais breve poss\u00edvel.<\/p><\/div><\/div><\/div><\/div><\/div><\/div><\/div><\/div>\n","protected":false},"excerpt":{"rendered":"<p>Obrigado !Obrigado por ter nos contatado! Levamos seu pedido em considera\u00e7\u00e3o e entraremos em contato com voc\u00ea o mais breve poss\u00edvel.<\/p>\n","protected":false},"author":2,"featured_media":0,"parent":0,"menu_order":0,"comment_status":"closed","ping_status":"closed","template":"","meta":{"footnotes":""},"class_list":["post-3463","page","type-page","status-publish","hentry"],"yoast_head":"<!-- This site is optimized with the Yoast SEO plugin v24.1 - https:\/\/yoast.com\/wordpress\/plugins\/seo\/ -->\n<title>Obrigado !<\/title>\n<meta name=\"description\" content=\"Obrigado !Obrigado por ter nos contatado! Levamos seu pedido em considera\u00e7\u00e3o e entraremos em contato com voc\u00ea o mais breve poss\u00edvel.\" \/>\n<meta name=\"robots\" content=\"index, follow, max-snippet:-1, max-image-preview:large, max-video-preview:-1\" \/>\n<link rel=\"canonical\" href=\"https:\/\/www.reservit.com\/pt-br\/obrigado-pelo-seu-pedido\/\" \/>\n<meta property=\"og:locale\" content=\"pt_BR\" \/>\n<meta property=\"og:type\" content=\"article\" \/>\n<meta property=\"og:title\" content=\"Obrigado !\" \/>\n<meta property=\"og:description\" content=\"Obrigado !Obrigado por ter nos contatado! Levamos seu pedido em considera\u00e7\u00e3o e entraremos em contato com voc\u00ea o mais breve poss\u00edvel.\" \/>\n<meta property=\"og:url\" content=\"https:\/\/www.reservit.com\/pt-br\/obrigado-pelo-seu-pedido\/\" \/>\n<meta property=\"og:site_name\" content=\"Reservit\" \/>\n<meta property=\"article:modified_time\" content=\"2021-05-10T09:21:57+00:00\" \/>\n<meta name=\"twitter:card\" content=\"summary_large_image\" \/>\n<script type=\"application\/ld+json\" class=\"yoast-schema-graph\">{\"@context\":\"https:\/\/schema.org\",\"@graph\":[{\"@type\":\"WebPage\",\"@id\":\"https:\/\/www.reservit.com\/pt-br\/obrigado-pelo-seu-pedido\/\",\"url\":\"https:\/\/www.reservit.com\/pt-br\/obrigado-pelo-seu-pedido\/\",\"name\":\"Obrigado !\",\"isPartOf\":{\"@id\":\"https:\/\/www.reservit.com\/pt-br\/#website\"},\"datePublished\":\"2021-03-16T10:34:07+00:00\",\"dateModified\":\"2021-05-10T09:21:57+00:00\",\"description\":\"Obrigado !Obrigado por ter nos contatado! Levamos seu pedido em considera\u00e7\u00e3o e entraremos em contato com voc\u00ea o mais breve poss\u00edvel.\",\"inLanguage\":\"pt-BR\",\"potentialAction\":[{\"@type\":\"ReadAction\",\"target\":[\"https:\/\/www.reservit.com\/pt-br\/obrigado-pelo-seu-pedido\/\"]}]},{\"@type\":\"WebSite\",\"@id\":\"https:\/\/www.reservit.com\/pt-br\/#website\",\"url\":\"https:\/\/www.reservit.com\/pt-br\/\",\"name\":\"Reservit\",\"description\":\"Un site utilisant WordPress\",\"potentialAction\":[{\"@type\":\"SearchAction\",\"target\":{\"@type\":\"EntryPoint\",\"urlTemplate\":\"https:\/\/www.reservit.com\/pt-br\/?s={search_term_string}\"},\"query-input\":{\"@type\":\"PropertyValueSpecification\",\"valueRequired\":true,\"valueName\":\"search_term_string\"}}],\"inLanguage\":\"pt-BR\"}]}<\/script>\n<!-- \/ Yoast SEO plugin. -->","yoast_head_json":{"title":"Obrigado !","description":"Obrigado !Obrigado por ter nos contatado! Levamos seu pedido em considera\u00e7\u00e3o e entraremos em contato com voc\u00ea o mais breve poss\u00edvel.","robots":{"index":"index","follow":"follow","max-snippet":"max-snippet:-1","max-image-preview":"max-image-preview:large","max-video-preview":"max-video-preview:-1"},"canonical":"https:\/\/www.reservit.com\/pt-br\/obrigado-pelo-seu-pedido\/","og_locale":"pt_BR","og_type":"article","og_title":"Obrigado !","og_description":"Obrigado !Obrigado por ter nos contatado! Levamos seu pedido em considera\u00e7\u00e3o e entraremos em contato com voc\u00ea o mais breve poss\u00edvel.","og_url":"https:\/\/www.reservit.com\/pt-br\/obrigado-pelo-seu-pedido\/","og_site_name":"Reservit","article_modified_time":"2021-05-10T09:21:57+00:00","twitter_card":"summary_large_image","schema":{"@context":"https:\/\/schema.org","@graph":[{"@type":"WebPage","@id":"https:\/\/www.reservit.com\/pt-br\/obrigado-pelo-seu-pedido\/","url":"https:\/\/www.reservit.com\/pt-br\/obrigado-pelo-seu-pedido\/","name":"Obrigado !","isPartOf":{"@id":"https:\/\/www.reservit.com\/pt-br\/#website"},"datePublished":"2021-03-16T10:34:07+00:00","dateModified":"2021-05-10T09:21:57+00:00","description":"Obrigado !Obrigado por ter nos contatado! Levamos seu pedido em considera\u00e7\u00e3o e entraremos em contato com voc\u00ea o mais breve poss\u00edvel.","inLanguage":"pt-BR","potentialAction":[{"@type":"ReadAction","target":["https:\/\/www.reservit.com\/pt-br\/obrigado-pelo-seu-pedido\/"]}]},{"@type":"WebSite","@id":"https:\/\/www.reservit.com\/pt-br\/#website","url":"https:\/\/www.reservit.com\/pt-br\/","name":"Reservit","description":"Un site utilisant WordPress","potentialAction":[{"@type":"SearchAction","target":{"@type":"EntryPoint","urlTemplate":"https:\/\/www.reservit.com\/pt-br\/?s={search_term_string}"},"query-input":{"@type":"PropertyValueSpecification","valueRequired":true,"valueName":"search_term_string"}}],"inLanguage":"pt-BR"}]}},"_links":{"self":[{"href":"https:\/\/www.reservit.com\/pt-br\/wp-json\/wp\/v2\/pages\/3463","targetHints":{"allow":["GET"]}}],"collection":[{"href":"https:\/\/www.reservit.com\/pt-br\/wp-json\/wp\/v2\/pages"}],"about":[{"href":"https:\/\/www.reservit.com\/pt-br\/wp-json\/wp\/v2\/types\/page"}],"author":[{"embeddable":true,"href":"https:\/\/www.reservit.com\/pt-br\/wp-json\/wp\/v2\/users\/2"}],"replies":[{"embeddable":true,"href":"https:\/\/www.reservit.com\/pt-br\/wp-json\/wp\/v2\/comments?post=3463"}],"version-history":[{"count":0,"href":"https:\/\/www.reservit.com\/pt-br\/wp-json\/wp\/v2\/pages\/3463\/revisions"}],"wp:attachment":[{"href":"https:\/\/www.reservit.com\/pt-br\/wp-json\/wp\/v2\/media?parent=3463"}],"curies":[{"name":"wp","href":"https:\/\/api.w.org\/{rel}","templated":true}]}}