{"id":2765,"date":"2021-01-14T15:51:10","date_gmt":"2021-01-14T14:51:10","guid":{"rendered":"https:\/\/www.reservit.com\/gestion-des-coffrets-cadeaux-coffrets-cadeaux\/"},"modified":"2025-12-01T16:30:20","modified_gmt":"2025-12-01T15:30:20","slug":"gestao-caixas-de-presente","status":"publish","type":"page","link":"https:\/\/www.reservit.com\/pt-br\/gestao-caixas-de-presente\/","title":{"rendered":""},"content":{"rendered":"<div class=\"vce-row-container\" data-vce-boxed-width=\"true\"><div class=\"vce-row vce-element--has-background vce-row--col-gap-30 page-banner vce-row-content--top\" id=\"el-94b67783\" data-vce-do-apply=\"all el-94b67783\"><div class=\"vce-content-background-container\"><div class=\"vce-asset-background-simple-container vce-visible-all-only vce-asset-background-simple--style-cover vce-asset-background-simple--position-right-center\"><div class=\"vce-asset-background-simple\">\n              <div class=\"vce-asset-background-simple-item vcv-lozad\" data-background-image=\"https:\/\/www.reservit.com\/zeeptapo\/2021\/02\/mia-golic-6JtuGvLzh20-unsplash-1-scaled.jpg\"><\/div>\n              <noscript>\n                <div class=\"vce-asset-background-simple-item\" style=\"background-image: url(https:\/\/www.reservit.com\/zeeptapo\/2021\/02\/mia-golic-6JtuGvLzh20-unsplash-1-scaled.jpg)\"><\/div>\n              <\/noscript>\n            <\/div><\/div><\/div><div class=\"vce-row-content\" data-vce-element-content=\"true\"><div class=\"vce-col vce-col--md-auto vce-col--xs-1 vce-col--xs-last vce-col--xs-first vce-col--sm-last vce-col--sm-first vce-col--md-last vce-col--lg-last vce-col--xl-last vce-col--md-first vce-col--lg-first vce-col--xl-first\" id=\"el-d252c871\"><div class=\"vce-col-inner\" data-vce-do-apply=\"border margin background  el-d252c871\"><div class=\"vce-col-content\" data-vce-element-content=\"true\" data-vce-do-apply=\"padding el-d252c871\"><div class=\"vce-text-block banner-arrows\"><div class=\"vce-text-block-wrapper vce\" id=\"el-c450b284\" data-vce-do-apply=\"all el-c450b284\"><h1>Gest\u00e3o de caixas de presente<\/h1>\n<p>Divulgue e gerencie suas caixas de presente em seu site<\/p><\/div><\/div><\/div><\/div><\/div><\/div><\/div><\/div><div class=\"vce-row-container\" data-vce-boxed-width=\"true\"><div class=\"vce-row vce-row--col-gap-70 vce-row-equal-height vce-row-content--top\" id=\"el-dd8b2c8e\" data-vce-do-apply=\"all el-dd8b2c8e\"><div class=\"vce-content-background-container\"><\/div><div class=\"vce-row-content\" data-vce-element-content=\"true\"><div class=\"vce-col vce-col--md-56-73p vce-col--xs-1 vce-col--xs-last vce-col--xs-first vce-col--sm-last vce-col--sm-first vce-col--md-first vce-col--lg-first vce-col--xl-first\" id=\"el-309d95f4\"><div class=\"vce-col-inner\" data-vce-do-apply=\"border margin background  el-309d95f4\"><div class=\"vce-col-content\" data-vce-element-content=\"true\" data-vce-do-apply=\"padding el-309d95f4\"><div class=\"vce-single-image-container vce-single-image--align-left\"><div class=\"vce vce-single-image-wrapper\" id=\"el-728e9dd0\" data-vce-do-apply=\"all el-728e9dd0\"><figure><div class=\"vce-single-image-figure-inner\" style=\"width: 1000px;\"><div class=\"vce-single-image-inner vce-single-image--absolute\" style=\"width: 100%; padding-bottom: 100%;\"><img loading=\"lazy\" decoding=\"async\" class=\"vce-single-image\"  width=\"1000\" height=\"1000\" src=\"https:\/\/www.reservit.com\/zeeptapo\/2021\/02\/Copie-de-Design-sans-titre.jpg\" data-img-src=\"https:\/\/www.reservit.com\/zeeptapo\/2021\/02\/Copie-de-Design-sans-titre.jpg\" data-attachment-id=\"1273\"  alt=\"\" title=\"Copie de Design sans titre\" \/><\/div><\/div><figcaption hidden=\"\"><\/figcaption><\/figure><\/div><\/div><\/div><\/div><\/div><div class=\"vce-col vce-col--md-43-25p vce-col--xs-1 vce-col--xs-last vce-col--xs-first vce-col--sm-last vce-col--sm-first vce-col--md-last vce-col--lg-last vce-col--xl-last\" id=\"el-b151a1a8\"><div class=\"vce-col-inner\" data-vce-do-apply=\"border margin background  el-b151a1a8\"><div class=\"vce-col-content\" data-vce-element-content=\"true\" data-vce-do-apply=\"padding el-b151a1a8\"><div class=\"vce-text-block\"><div class=\"vce-text-block-wrapper vce\" id=\"el-bcc24724\" data-vce-do-apply=\"all el-bcc24724\"><h2 style=\"text-align: center;\">&nbsp;<\/h2><h2 style=\"text-align: center;\">Gest\u00e3o de cartas e caixas de presente para os seus servi\u00e7os e atividades<\/h2><p>A solu\u00e7\u00e3o caixa de presente oferece a comercializa\u00e7\u00e3o pr\u00e1tica e eficaz diretamente de seu site. \u00c9 poss\u00edvel oferecer aos clientes a oportunidade de fazer compras on-line e de adquirir a caixa comprada de forma muito simples.<\/p><p>As caixas s\u00e3o apresentadas por tipos de atividade e ilustradas por fotos, descri\u00e7\u00f5es e pre\u00e7o \u201ca partir de\u201d. Sempre respeitando a sua interface gr\u00e1fica.<\/p><p>Deseja criar ofertas para o seu spa, para uma estadia com tudo inclu\u00eddo, para um jantar especial e tudo mais? Seja um hotel, um restaurante, algum tipo de atividade ou um spa... Aqui est\u00e1 a nova ferramenta eficaz de vendas para aumentar o seu volume de neg\u00f3cios! O seu site transforma-se em uma valiosa ferramenta de com\u00e9rcio eletr\u00f4nico gra\u00e7as ao pagamento on-line.<\/p><p>\u00c9 um ganho de tempo importante para a sua estrutura, al\u00e9m da gest\u00e3o simplificada e da comercializa\u00e7\u00e3o de produtos durante 24 horas por dia.<\/p><\/div><\/div><\/div><\/div><\/div><\/div><\/div><\/div><div class=\"vce-row-container\" data-vce-boxed-width=\"true\"><div class=\"vce-row vce-row--has-col-background vce-row--col-gap-70 vce-row-equal-height vce-row-content--top\" id=\"el-d246aba8\" data-vce-do-apply=\"all el-d246aba8\"><div class=\"vce-content-background-container\"><\/div><div class=\"vce-row-content\" data-vce-element-content=\"true\"><div class=\"vce-col vce-col--md-43-35p vce-col--xs-1 vce-col--xs-last vce-col--xs-first vce-col--sm-last vce-col--sm-first vce-col--md-first vce-col--lg-first vce-col--xl-first\" id=\"el-376874ee\"><div class=\"vce-col-inner\" data-vce-do-apply=\"border margin background  el-376874ee\"><div class=\"vce-col-content\" data-vce-element-content=\"true\" data-vce-do-apply=\"padding el-376874ee\"><div class=\"vce-text-block\"><div class=\"vce-text-block-wrapper vce\" id=\"el-f2adaf45\" data-vce-do-apply=\"all el-f2adaf45\"><h2 style=\"text-align: center;\">As vantagens da solu\u00e7\u00e3o caixa de presente :<\/h2><\/div><\/div><div class=\"vce-row-container\" data-vce-boxed-width=\"true\"><div class=\"vce-row vce-row--col-gap-30 fancy-bloc vce-row-equal-height vce-row-content--top\" id=\"el-6dd7bc83\" data-vce-do-apply=\"all el-6dd7bc83\"><div class=\"vce-row-content\" data-vce-element-content=\"true\"><div class=\"vce-col vce-col--md-auto vce-col--xs-1 vce-col--xs-last vce-col--xs-first vce-col--sm-last vce-col--sm-first vce-col--md-first vce-col--lg-first vce-col--xl-first\" id=\"el-cf84d43d\"><div class=\"vce-col-inner\" data-vce-do-apply=\"border margin background  el-cf84d43d\"><div class=\"vce-col-content\" data-vce-element-content=\"true\" data-vce-do-apply=\"padding el-cf84d43d\"><div class=\"vce-text-block\"><div class=\"vce-text-block-wrapper vce\" id=\"el-651b6d79\" data-vce-do-apply=\"all el-651b6d79\"><p><strong><img loading=\"lazy\" decoding=\"async\" class=\"alignnone size-full wp-image-1641\" src=\"https:\/\/www.reservit.com\/zeeptapo\/2021\/02\/PictoD.png\" alt=\"\" width=\"90\" height=\"85\"><\/strong><\/p><\/div><\/div><div class=\"vce-row-container\" data-vce-boxed-width=\"true\"><div class=\"vce-row vce-row--col-gap-30 vce-row-equal-height vce-row-content--top\" id=\"el-ea96cf8e\" data-vce-do-apply=\"all el-ea96cf8e\"><div class=\"vce-row-content\" data-vce-element-content=\"true\"><div class=\"vce-col vce-col--md-auto vce-col--xs-1 vce-col--xs-last vce-col--xs-first vce-col--sm-last vce-col--sm-first vce-col--md-last vce-col--lg-last vce-col--xl-last vce-col--md-first vce-col--lg-first vce-col--xl-first\" id=\"el-ffa6f919\"><div class=\"vce-col-inner\" data-vce-do-apply=\"border margin background  el-ffa6f919\"><div class=\"vce-col-content\" data-vce-element-content=\"true\" data-vce-do-apply=\"padding el-ffa6f919\"><div class=\"vce-text-block\"><div class=\"vce-text-block-wrapper vce\" id=\"el-50e6cb6d\" data-vce-do-apply=\"all el-50e6cb6d\"><p>Otimiza\u00e7\u00e3o de tempo durante a gest\u00e3o do estabelecimento pelo internauta<\/p><\/div><\/div><\/div><\/div><\/div><\/div><\/div><\/div><\/div><\/div><\/div><div class=\"vce-col vce-col--md-auto vce-col--xs-1 vce-col--xs-last vce-col--xs-first vce-col--sm-last vce-col--sm-first\" id=\"el-1ec87b8c\"><div class=\"vce-col-inner\" data-vce-do-apply=\"border margin background  el-1ec87b8c\"><div class=\"vce-col-content\" data-vce-element-content=\"true\" data-vce-do-apply=\"padding el-1ec87b8c\"><div class=\"vce-text-block\"><div class=\"vce-text-block-wrapper vce\" id=\"el-b96c02c6\" data-vce-do-apply=\"all el-b96c02c6\"><p><img loading=\"lazy\" decoding=\"async\" class=\"alignnone size-full wp-image-1589\" src=\"https:\/\/www.reservit.com\/zeeptapo\/2021\/02\/PictoE.png\" alt=\"\" width=\"90\" height=\"85\"><\/p><\/div><\/div><div class=\"vce-text-block\"><div class=\"vce-text-block-wrapper vce\" id=\"el-dc1e8873\" data-vce-do-apply=\"all el-dc1e8873\"><p>Organiza\u00e7\u00e3o das ofertas por tipo de servi\u00e7o<\/p><h4>&nbsp;<\/h4><\/div><\/div><\/div><\/div><\/div><div class=\"vce-col vce-col--md-auto vce-col--xs-1 vce-col--xs-last vce-col--xs-first vce-col--sm-last vce-col--sm-first vce-col--md-last vce-col--lg-last vce-col--xl-last\" id=\"el-3d4cf447\"><div class=\"vce-col-inner\" data-vce-do-apply=\"border margin background  el-3d4cf447\"><div class=\"vce-col-content\" data-vce-element-content=\"true\" data-vce-do-apply=\"padding el-3d4cf447\"><div class=\"vce-text-block\"><div class=\"vce-text-block-wrapper vce\" id=\"el-66fc94ef\" data-vce-do-apply=\"all el-66fc94ef\"><p><img loading=\"lazy\" decoding=\"async\" class=\"alignnone size-full wp-image-30\" src=\"https:\/\/www.reservit.com\/zeeptapo\/2021\/01\/demo.png\" alt=\"\" width=\"87\" height=\"87\"><\/p><\/div><\/div><div class=\"vce-text-block\"><div class=\"vce-text-block-wrapper vce\" id=\"el-69ade221\" data-vce-do-apply=\"all el-69ade221\"><p>Gest\u00e3o simplificada&nbsp;<\/p><h4>&nbsp;<\/h4><\/div><\/div><\/div><\/div><\/div><\/div><\/div><\/div><div class=\"vce-row-container\" data-vce-boxed-width=\"true\"><div class=\"vce-row vce-row--col-gap-30 fancy-bloc vce-row-equal-height vce-row-content--top\" id=\"el-bd5351dc\" data-vce-do-apply=\"all el-bd5351dc\"><div class=\"vce-row-content\" data-vce-element-content=\"true\"><div class=\"vce-col vce-col--md-auto vce-col--xs-1 vce-col--xs-last vce-col--xs-first vce-col--sm-last vce-col--sm-first vce-col--md-first vce-col--lg-first vce-col--xl-first\" id=\"el-52ba79dc\"><div class=\"vce-col-inner\" data-vce-do-apply=\"border margin background  el-52ba79dc\"><div class=\"vce-col-content\" data-vce-element-content=\"true\" data-vce-do-apply=\"padding el-52ba79dc\"><div class=\"vce-text-block\"><div class=\"vce-text-block-wrapper vce\" id=\"el-f3f30bfd\" data-vce-do-apply=\"all el-f3f30bfd\"><p><img loading=\"lazy\" decoding=\"async\" class=\"alignnone size-full wp-image-37\" src=\"https:\/\/www.reservit.com\/zeeptapo\/2021\/01\/picto3.png\" alt=\"\" width=\"95\" height=\"82\"><\/p><\/div><\/div><div class=\"vce-text-block\"><div class=\"vce-text-block-wrapper vce\" id=\"el-369ea963\" data-vce-do-apply=\"all el-369ea963\"><p>As p\u00e1ginas de reserva s\u00e3o adaptadas para celulares e tablets<\/p><\/div><\/div><\/div><\/div><\/div><div class=\"vce-col vce-col--md-auto vce-col--xs-1 vce-col--xs-last vce-col--xs-first vce-col--sm-last vce-col--sm-first\" id=\"el-e1e1d17d\"><div class=\"vce-col-inner\" data-vce-do-apply=\"border margin background  el-e1e1d17d\"><div class=\"vce-col-content\" data-vce-element-content=\"true\" data-vce-do-apply=\"padding el-e1e1d17d\"><div class=\"vce-text-block\"><div class=\"vce-text-block-wrapper vce\" id=\"el-397f8cf1\" data-vce-do-apply=\"all el-397f8cf1\"><p><img loading=\"lazy\" decoding=\"async\" class=\"alignnone size-full wp-image-36\" src=\"https:\/\/www.reservit.com\/zeeptapo\/2021\/01\/picto2.png\" alt=\"\" width=\"90\" height=\"63\"><\/p><\/div><\/div><div class=\"vce-text-block\"><div class=\"vce-text-block-wrapper vce\" id=\"el-0ee2517d\" data-vce-do-apply=\"all el-0ee2517d\"><p>Faturas geradas automaticamente&nbsp;<\/p><\/div><\/div><\/div><\/div><\/div><div class=\"vce-col vce-col--md-auto vce-col--xs-1 vce-col--xs-last vce-col--xs-first vce-col--sm-last vce-col--sm-first vce-col--md-last vce-col--lg-last vce-col--xl-last\" id=\"el-104c0d8d\"><div class=\"vce-col-inner\" data-vce-do-apply=\"border margin background  el-104c0d8d\"><div class=\"vce-col-content\" data-vce-element-content=\"true\" data-vce-do-apply=\"padding el-104c0d8d\"><div class=\"vce-text-block\"><div class=\"vce-text-block-wrapper vce\" id=\"el-dc8f2a6e\" data-vce-do-apply=\"all el-dc8f2a6e\"><p><img loading=\"lazy\" decoding=\"async\" class=\"alignnone size-full wp-image-1653\" src=\"https:\/\/www.reservit.com\/zeeptapo\/2021\/02\/PictoG.png\" alt=\"\" width=\"90\" height=\"85\"><\/p><\/div><\/div><div class=\"vce-text-block\"><div class=\"vce-text-block-wrapper vce\" id=\"el-1bb265cf\" data-vce-do-apply=\"all el-1bb265cf\"><p>Ferramenta integrada ao back office do reservit ou em modo independente<\/p><\/div><\/div><\/div><\/div><\/div><\/div><\/div><\/div><\/div><\/div><\/div><div class=\"vce-col vce-element--has-background vce-col--md-56-65p vce-col--xs-1 vce-col--xs-last vce-col--xs-first vce-col--sm-last vce-col--sm-first vce-col--md-last vce-col--lg-last vce-col--xl-last\" id=\"el-fba5445d\"><div class=\"vce-col-inner\" data-vce-do-apply=\"border margin background  el-fba5445d\"><div class=\"vce-content-background-container\"><div class=\"vce-asset-background-simple-container vce-visible-all-only vce-asset-background-simple--style-cover vce-asset-background-simple--position-center-center\"><div class=\"vce-asset-background-simple\">\n              <div class=\"vce-asset-background-simple-item vcv-lozad\" data-background-image=\"https:\/\/www.reservit.com\/zeeptapo\/2021\/01\/book-1667826_1920-1-1500x430-1.jpg\"><\/div>\n              <noscript>\n                <div class=\"vce-asset-background-simple-item\" style=\"background-image: url(https:\/\/www.reservit.com\/zeeptapo\/2021\/01\/book-1667826_1920-1-1500x430-1.jpg)\"><\/div>\n              <\/noscript>\n            <\/div><\/div><\/div><div class=\"vce-col-content\" data-vce-element-content=\"true\" data-vce-do-apply=\"padding el-fba5445d\"><div class=\"vcv-row-control-wrapper\"><\/div><\/div><\/div><\/div><\/div><\/div><\/div>","protected":false},"excerpt":{"rendered":"<p>Gest\u00e3o de caixas de presente Divulgue e gerencie suas caixas de presente em seu site&nbsp;Gest\u00e3o de cartas e caixas de presente para os seus servi\u00e7os e atividadesA solu\u00e7\u00e3o caixa de presente oferece a comercializa\u00e7\u00e3o pr\u00e1tica e eficaz diretamente de seu site. \u00c9 poss\u00edvel oferecer aos clientes a oportunidade de fazer compras on-line e de adquirir [&hellip;]<\/p>\n","protected":false},"author":5,"featured_media":0,"parent":0,"menu_order":0,"comment_status":"closed","ping_status":"closed","template":"","meta":{"footnotes":""},"class_list":["post-2765","page","type-page","status-publish","hentry"],"yoast_head":"<!-- This site is optimized with the Yoast SEO plugin v24.1 - https:\/\/yoast.com\/wordpress\/plugins\/seo\/ -->\n<title>Caixas de presente | Gest\u00e3o Caixas de presente<\/title>\n<meta name=\"description\" content=\"Gest\u00e3o de caixas de presente Divulgue e gerencie suas caixas de presente em seu site&nbsp;Gest\u00e3o de cartas e caixas de presente para os seus servi\u00e7os e\" \/>\n<meta name=\"robots\" content=\"index, follow, max-snippet:-1, max-image-preview:large, max-video-preview:-1\" \/>\n<link rel=\"canonical\" href=\"https:\/\/www.reservit.com\/pt-br\/gestao-caixas-de-presente\/\" \/>\n<meta property=\"og:locale\" content=\"pt_BR\" \/>\n<meta property=\"og:type\" content=\"article\" \/>\n<meta property=\"og:title\" content=\"Caixas de presente | Gest\u00e3o Caixas de presente\" \/>\n<meta property=\"og:description\" content=\"Gest\u00e3o de caixas de presente Divulgue e gerencie suas caixas de presente em seu site&nbsp;Gest\u00e3o de cartas e caixas de presente para os seus servi\u00e7os e\" \/>\n<meta property=\"og:url\" content=\"https:\/\/www.reservit.com\/pt-br\/gestao-caixas-de-presente\/\" \/>\n<meta property=\"og:site_name\" content=\"Reservit\" \/>\n<meta property=\"article:modified_time\" content=\"2025-12-01T15:30:20+00:00\" \/>\n<meta property=\"og:image\" content=\"https:\/\/www.reservit.com\/zeeptapo\/2021\/02\/Copie-de-Design-sans-titre.jpg\" \/>\n<meta name=\"twitter:card\" content=\"summary_large_image\" \/>\n<meta name=\"twitter:label1\" content=\"Est. tempo de leitura\" \/>\n\t<meta name=\"twitter:data1\" content=\"1 minuto\" \/>\n<script type=\"application\/ld+json\" class=\"yoast-schema-graph\">{\"@context\":\"https:\/\/schema.org\",\"@graph\":[{\"@type\":\"WebPage\",\"@id\":\"https:\/\/www.reservit.com\/pt-br\/gestao-caixas-de-presente\/\",\"url\":\"https:\/\/www.reservit.com\/pt-br\/gestao-caixas-de-presente\/\",\"name\":\"Caixas de presente | Gest\u00e3o Caixas de presente\",\"isPartOf\":{\"@id\":\"https:\/\/www.reservit.com\/pt-br\/#website\"},\"primaryImageOfPage\":{\"@id\":\"https:\/\/www.reservit.com\/pt-br\/gestao-caixas-de-presente\/#primaryimage\"},\"image\":{\"@id\":\"https:\/\/www.reservit.com\/pt-br\/gestao-caixas-de-presente\/#primaryimage\"},\"thumbnailUrl\":\"https:\/\/www.reservit.com\/zeeptapo\/2021\/02\/Copie-de-Design-sans-titre.jpg\",\"datePublished\":\"2021-01-14T14:51:10+00:00\",\"dateModified\":\"2025-12-01T15:30:20+00:00\",\"description\":\"Gest\u00e3o de caixas de presente Divulgue e gerencie suas caixas de presente em seu site&nbsp;Gest\u00e3o de cartas e caixas de presente para os seus servi\u00e7os e\",\"breadcrumb\":{\"@id\":\"https:\/\/www.reservit.com\/pt-br\/gestao-caixas-de-presente\/#breadcrumb\"},\"inLanguage\":\"pt-BR\",\"potentialAction\":[{\"@type\":\"ReadAction\",\"target\":[\"https:\/\/www.reservit.com\/pt-br\/gestao-caixas-de-presente\/\"]}]},{\"@type\":\"ImageObject\",\"inLanguage\":\"pt-BR\",\"@id\":\"https:\/\/www.reservit.com\/pt-br\/gestao-caixas-de-presente\/#primaryimage\",\"url\":\"https:\/\/www.reservit.com\/zeeptapo\/2021\/02\/Copie-de-Design-sans-titre.jpg\",\"contentUrl\":\"https:\/\/www.reservit.com\/zeeptapo\/2021\/02\/Copie-de-Design-sans-titre.jpg\"},{\"@type\":\"BreadcrumbList\",\"@id\":\"https:\/\/www.reservit.com\/pt-br\/gestao-caixas-de-presente\/#breadcrumb\",\"itemListElement\":[{\"@type\":\"ListItem\",\"position\":1,\"name\":\"Accueil\",\"item\":\"https:\/\/www.reservit.com\/pt-br\/logiciels-de-reservation-developpes-pour-hotels-restaurants-activites-de-loisirs-br\/\"},{\"@type\":\"ListItem\",\"position\":2,\"name\":\"Caixas de presente | Gest\u00e3o Caixas de presente\"}]},{\"@type\":\"WebSite\",\"@id\":\"https:\/\/www.reservit.com\/pt-br\/#website\",\"url\":\"https:\/\/www.reservit.com\/pt-br\/\",\"name\":\"Reservit\",\"description\":\"Un site utilisant WordPress\",\"potentialAction\":[{\"@type\":\"SearchAction\",\"target\":{\"@type\":\"EntryPoint\",\"urlTemplate\":\"https:\/\/www.reservit.com\/pt-br\/?s={search_term_string}\"},\"query-input\":{\"@type\":\"PropertyValueSpecification\",\"valueRequired\":true,\"valueName\":\"search_term_string\"}}],\"inLanguage\":\"pt-BR\"}]}<\/script>\n<!-- \/ Yoast SEO plugin. -->","yoast_head_json":{"title":"Caixas de presente | Gest\u00e3o Caixas de presente","description":"Gest\u00e3o de caixas de presente Divulgue e gerencie suas caixas de presente em seu site&nbsp;Gest\u00e3o de cartas e caixas de presente para os seus servi\u00e7os e","robots":{"index":"index","follow":"follow","max-snippet":"max-snippet:-1","max-image-preview":"max-image-preview:large","max-video-preview":"max-video-preview:-1"},"canonical":"https:\/\/www.reservit.com\/pt-br\/gestao-caixas-de-presente\/","og_locale":"pt_BR","og_type":"article","og_title":"Caixas de presente | Gest\u00e3o Caixas de presente","og_description":"Gest\u00e3o de caixas de presente Divulgue e gerencie suas caixas de presente em seu site&nbsp;Gest\u00e3o de cartas e caixas de presente para os seus servi\u00e7os e","og_url":"https:\/\/www.reservit.com\/pt-br\/gestao-caixas-de-presente\/","og_site_name":"Reservit","article_modified_time":"2025-12-01T15:30:20+00:00","og_image":[{"url":"https:\/\/www.reservit.com\/zeeptapo\/2021\/02\/Copie-de-Design-sans-titre.jpg","type":"","width":"","height":""}],"twitter_card":"summary_large_image","twitter_misc":{"Est. tempo de leitura":"1 minuto"},"schema":{"@context":"https:\/\/schema.org","@graph":[{"@type":"WebPage","@id":"https:\/\/www.reservit.com\/pt-br\/gestao-caixas-de-presente\/","url":"https:\/\/www.reservit.com\/pt-br\/gestao-caixas-de-presente\/","name":"Caixas de presente | Gest\u00e3o Caixas de presente","isPartOf":{"@id":"https:\/\/www.reservit.com\/pt-br\/#website"},"primaryImageOfPage":{"@id":"https:\/\/www.reservit.com\/pt-br\/gestao-caixas-de-presente\/#primaryimage"},"image":{"@id":"https:\/\/www.reservit.com\/pt-br\/gestao-caixas-de-presente\/#primaryimage"},"thumbnailUrl":"https:\/\/www.reservit.com\/zeeptapo\/2021\/02\/Copie-de-Design-sans-titre.jpg","datePublished":"2021-01-14T14:51:10+00:00","dateModified":"2025-12-01T15:30:20+00:00","description":"Gest\u00e3o de caixas de presente Divulgue e gerencie suas caixas de presente em seu site&nbsp;Gest\u00e3o de cartas e caixas de presente para os seus servi\u00e7os e","breadcrumb":{"@id":"https:\/\/www.reservit.com\/pt-br\/gestao-caixas-de-presente\/#breadcrumb"},"inLanguage":"pt-BR","potentialAction":[{"@type":"ReadAction","target":["https:\/\/www.reservit.com\/pt-br\/gestao-caixas-de-presente\/"]}]},{"@type":"ImageObject","inLanguage":"pt-BR","@id":"https:\/\/www.reservit.com\/pt-br\/gestao-caixas-de-presente\/#primaryimage","url":"https:\/\/www.reservit.com\/zeeptapo\/2021\/02\/Copie-de-Design-sans-titre.jpg","contentUrl":"https:\/\/www.reservit.com\/zeeptapo\/2021\/02\/Copie-de-Design-sans-titre.jpg"},{"@type":"BreadcrumbList","@id":"https:\/\/www.reservit.com\/pt-br\/gestao-caixas-de-presente\/#breadcrumb","itemListElement":[{"@type":"ListItem","position":1,"name":"Accueil","item":"https:\/\/www.reservit.com\/pt-br\/logiciels-de-reservation-developpes-pour-hotels-restaurants-activites-de-loisirs-br\/"},{"@type":"ListItem","position":2,"name":"Caixas de presente | Gest\u00e3o Caixas de presente"}]},{"@type":"WebSite","@id":"https:\/\/www.reservit.com\/pt-br\/#website","url":"https:\/\/www.reservit.com\/pt-br\/","name":"Reservit","description":"Un site utilisant WordPress","potentialAction":[{"@type":"SearchAction","target":{"@type":"EntryPoint","urlTemplate":"https:\/\/www.reservit.com\/pt-br\/?s={search_term_string}"},"query-input":{"@type":"PropertyValueSpecification","valueRequired":true,"valueName":"search_term_string"}}],"inLanguage":"pt-BR"}]}},"_links":{"self":[{"href":"https:\/\/www.reservit.com\/pt-br\/wp-json\/wp\/v2\/pages\/2765","targetHints":{"allow":["GET"]}}],"collection":[{"href":"https:\/\/www.reservit.com\/pt-br\/wp-json\/wp\/v2\/pages"}],"about":[{"href":"https:\/\/www.reservit.com\/pt-br\/wp-json\/wp\/v2\/types\/page"}],"author":[{"embeddable":true,"href":"https:\/\/www.reservit.com\/pt-br\/wp-json\/wp\/v2\/users\/5"}],"replies":[{"embeddable":true,"href":"https:\/\/www.reservit.com\/pt-br\/wp-json\/wp\/v2\/comments?post=2765"}],"version-history":[{"count":0,"href":"https:\/\/www.reservit.com\/pt-br\/wp-json\/wp\/v2\/pages\/2765\/revisions"}],"wp:attachment":[{"href":"https:\/\/www.reservit.com\/pt-br\/wp-json\/wp\/v2\/media?parent=2765"}],"curies":[{"name":"wp","href":"https:\/\/api.w.org\/{rel}","templated":true}]}}