{"id":2764,"date":"2021-01-15T15:58:32","date_gmt":"2021-01-15T14:58:32","guid":{"rendered":"https:\/\/www.reservit.com\/spa-paiement-en-ligne\/"},"modified":"2021-08-10T11:50:47","modified_gmt":"2021-08-10T09:50:47","slug":"spa-pagamento-on-line","status":"publish","type":"page","link":"https:\/\/www.reservit.com\/pt-br\/spa-pagamento-on-line\/","title":{"rendered":""},"content":{"rendered":"<div class=\"vce-row-container\" data-vce-boxed-width=\"true\"><div class=\"vce-row vce-element--has-background vce-row--col-gap-30 page-banner vce-row-content--top\" id=\"el-94b67783\" data-vce-do-apply=\"all el-94b67783\"><div class=\"vce-content-background-container\"><div class=\"vce-asset-background-simple-container vce-visible-all-only vce-asset-background-simple--style-cover vce-asset-background-simple--position-center-center\"><div class=\"vce-asset-background-simple\">\n              <div class=\"vce-asset-background-simple-item vcv-lozad\" data-background-image=\"https:\/\/www.reservit.com\/zeeptapo\/2021\/01\/paybox_paiement-1030x687-2.jpg\"><\/div>\n              <noscript>\n                <div class=\"vce-asset-background-simple-item\" style=\"background-image: url(https:\/\/www.reservit.com\/zeeptapo\/2021\/01\/paybox_paiement-1030x687-2.jpg)\"><\/div>\n              <\/noscript>\n            <\/div><\/div><\/div><div class=\"vce-row-content\" data-vce-element-content=\"true\"><div class=\"vce-col vce-col--md-auto vce-col--xs-1 vce-col--xs-last vce-col--xs-first vce-col--sm-last vce-col--sm-first vce-col--md-last vce-col--lg-last vce-col--xl-last vce-col--md-first vce-col--lg-first vce-col--xl-first\" id=\"el-d252c871\"><div class=\"vce-col-inner\" data-vce-do-apply=\"border margin background  el-d252c871\"><div class=\"vce-col-content\" data-vce-element-content=\"true\" data-vce-do-apply=\"padding el-d252c871\"><div class=\"vce-text-block banner-arrows\"><div class=\"vce-text-block-wrapper vce\" id=\"el-c450b284\" data-vce-do-apply=\"all el-c450b284\"><h1>Pagamento on-line<\/h1><p>N\u00e3o precisa gerenciar mais as transa\u00e7\u00f5es cara a cara e poupe tempo na chegada de seu cliente<\/p><\/div><\/div><\/div><\/div><\/div><\/div><\/div><\/div><div class=\"vce-row-container\" data-vce-boxed-width=\"true\"><div class=\"vce-row vce-row--has-col-background vce-row--col-gap-70 vce-row-equal-height vce-row-content--top\" id=\"el-dd8b2c8e\" data-vce-do-apply=\"all el-dd8b2c8e\"><div class=\"vce-content-background-container\"><\/div><div class=\"vce-row-content\" data-vce-element-content=\"true\"><div class=\"vce-col vce-element--has-background vce-col--md-56-73p vce-col--xs-1 vce-col--xs-last vce-col--xs-first vce-col--sm-last vce-col--sm-first vce-col--md-first vce-col--lg-first vce-col--xl-first\" id=\"el-309d95f4\"><div class=\"vce-col-inner\" data-vce-do-apply=\"border margin background  el-309d95f4\"><div class=\"vce-content-background-container\"><div class=\"vce-asset-background-simple-container vce-visible-all-only vce-asset-background-simple--style-cover vce-asset-background-simple--position-center-top\"><div class=\"vce-asset-background-simple\">\n              <div class=\"vce-asset-background-simple-item vcv-lozad\" data-background-image=\"https:\/\/www.reservit.com\/zeeptapo\/2021\/02\/bruce-mars-FWVMhUa_wbY-unsplash-scaled.jpg\"><\/div>\n              <noscript>\n                <div class=\"vce-asset-background-simple-item\" style=\"background-image: url(https:\/\/www.reservit.com\/zeeptapo\/2021\/02\/bruce-mars-FWVMhUa_wbY-unsplash-scaled.jpg)\"><\/div>\n              <\/noscript>\n            <\/div><\/div><\/div><div class=\"vce-col-content\" data-vce-element-content=\"true\" data-vce-do-apply=\"padding el-309d95f4\"><\/div><\/div><\/div><div class=\"vce-col vce-col--md-43-25p vce-col--xs-1 vce-col--xs-last vce-col--xs-first vce-col--sm-last vce-col--sm-first vce-col--md-last vce-col--lg-last vce-col--xl-last\" id=\"el-b151a1a8\"><div class=\"vce-col-inner\" data-vce-do-apply=\"border margin background  el-b151a1a8\"><div class=\"vce-col-content\" data-vce-element-content=\"true\" data-vce-do-apply=\"padding el-b151a1a8\"><div class=\"vce-text-block\"><div class=\"vce-text-block-wrapper vce\" id=\"el-bcc24724\" data-vce-do-apply=\"all el-bcc24724\"><h2 style=\"text-align: center;\">Pagamento on-line<\/h2><p>O m\u00e9todo de pagamento \u00e9 um vetor de atra\u00e7\u00e3o para seus clientes e potenciais clientes. Ofere\u00e7a meios de pagamento ap\u00f3s a reserva da atividade.<\/p><p>Ap\u00f3s a reserva de sua atividade, o internauta \u00e9 encaminhado para as p\u00e1ginas de pagamento seguro PCI.<br>Al\u00e9m de cart\u00f5es de cr\u00e9dito (Visa e Mastercard), Paybox possui as aprova\u00e7\u00f5es e certifica\u00e7\u00f5es junto dos emitentes privados, adquirentes e centros de tratamento.<\/p><p>Suas vantagens:<br>\u2022 Economia de tempo<br>\u2022 Tesouraria refor\u00e7ada<br>\u2022 Sem erros de introdu\u00e7\u00e3o<br>\u2022 Menos risco de invalidade de pagamento<br>\u2022 Possibilidade de pagamentos parciais ou em v\u00e1rias vezes<br>\u2022 Possibilidade de verificar a validade dos cart\u00f5es fornecidos<\/p><\/div><\/div><\/div><\/div><\/div><\/div><\/div><\/div>\n","protected":false},"excerpt":{"rendered":"<p>Pagamento on-lineN\u00e3o precisa gerenciar mais as transa\u00e7\u00f5es cara a cara e poupe tempo na chegada de seu cliente Pagamento on-lineO m\u00e9todo de pagamento \u00e9 um vetor de atra\u00e7\u00e3o para seus clientes e potenciais clientes. Ofere\u00e7a meios de pagamento ap\u00f3s a reserva da atividade.Ap\u00f3s a reserva de sua atividade, o internauta \u00e9 encaminhado para as p\u00e1ginas [&hellip;]<\/p>\n","protected":false},"author":3,"featured_media":0,"parent":0,"menu_order":0,"comment_status":"closed","ping_status":"closed","template":"","meta":{"footnotes":""},"class_list":["post-2764","page","type-page","status-publish","hentry"],"yoast_head":"<!-- This site is optimized with the Yoast SEO plugin v24.1 - https:\/\/yoast.com\/wordpress\/plugins\/seo\/ -->\n<title>Spa | Pagamento on-line<\/title>\n<meta name=\"description\" content=\"Pagamento on-lineN\u00e3o precisa gerenciar mais as transa\u00e7\u00f5es cara a cara e poupe tempo na chegada de seu cliente Pagamento on-lineO m\u00e9todo de pagamento \u00e9 um\" \/>\n<meta name=\"robots\" content=\"index, follow, max-snippet:-1, max-image-preview:large, max-video-preview:-1\" \/>\n<link rel=\"canonical\" href=\"https:\/\/www.reservit.com\/pt-br\/spa-pagamento-on-line\/\" \/>\n<meta property=\"og:locale\" content=\"pt_BR\" \/>\n<meta property=\"og:type\" content=\"article\" \/>\n<meta property=\"og:title\" content=\"Spa | Pagamento on-line\" \/>\n<meta property=\"og:description\" content=\"Pagamento on-lineN\u00e3o precisa gerenciar mais as transa\u00e7\u00f5es cara a cara e poupe tempo na chegada de seu cliente Pagamento on-lineO m\u00e9todo de pagamento \u00e9 um\" \/>\n<meta property=\"og:url\" content=\"https:\/\/www.reservit.com\/pt-br\/spa-pagamento-on-line\/\" \/>\n<meta property=\"og:site_name\" content=\"Reservit\" \/>\n<meta property=\"article:modified_time\" content=\"2021-08-10T09:50:47+00:00\" \/>\n<meta name=\"twitter:card\" content=\"summary_large_image\" \/>\n<meta name=\"twitter:label1\" content=\"Est. tempo de leitura\" \/>\n\t<meta name=\"twitter:data1\" content=\"1 minuto\" \/>\n<script type=\"application\/ld+json\" class=\"yoast-schema-graph\">{\"@context\":\"https:\/\/schema.org\",\"@graph\":[{\"@type\":\"WebPage\",\"@id\":\"https:\/\/www.reservit.com\/pt-br\/spa-pagamento-on-line\/\",\"url\":\"https:\/\/www.reservit.com\/pt-br\/spa-pagamento-on-line\/\",\"name\":\"Spa | Pagamento on-line\",\"isPartOf\":{\"@id\":\"https:\/\/www.reservit.com\/pt-br\/#website\"},\"datePublished\":\"2021-01-15T14:58:32+00:00\",\"dateModified\":\"2021-08-10T09:50:47+00:00\",\"description\":\"Pagamento on-lineN\u00e3o precisa gerenciar mais as transa\u00e7\u00f5es cara a cara e poupe tempo na chegada de seu cliente Pagamento on-lineO m\u00e9todo de pagamento \u00e9 um\",\"inLanguage\":\"pt-BR\",\"potentialAction\":[{\"@type\":\"ReadAction\",\"target\":[\"https:\/\/www.reservit.com\/pt-br\/spa-pagamento-on-line\/\"]}]},{\"@type\":\"WebSite\",\"@id\":\"https:\/\/www.reservit.com\/pt-br\/#website\",\"url\":\"https:\/\/www.reservit.com\/pt-br\/\",\"name\":\"Reservit\",\"description\":\"Un site utilisant WordPress\",\"potentialAction\":[{\"@type\":\"SearchAction\",\"target\":{\"@type\":\"EntryPoint\",\"urlTemplate\":\"https:\/\/www.reservit.com\/pt-br\/?s={search_term_string}\"},\"query-input\":{\"@type\":\"PropertyValueSpecification\",\"valueRequired\":true,\"valueName\":\"search_term_string\"}}],\"inLanguage\":\"pt-BR\"}]}<\/script>\n<!-- \/ Yoast SEO plugin. -->","yoast_head_json":{"title":"Spa | Pagamento on-line","description":"Pagamento on-lineN\u00e3o precisa gerenciar mais as transa\u00e7\u00f5es cara a cara e poupe tempo na chegada de seu cliente Pagamento on-lineO m\u00e9todo de pagamento \u00e9 um","robots":{"index":"index","follow":"follow","max-snippet":"max-snippet:-1","max-image-preview":"max-image-preview:large","max-video-preview":"max-video-preview:-1"},"canonical":"https:\/\/www.reservit.com\/pt-br\/spa-pagamento-on-line\/","og_locale":"pt_BR","og_type":"article","og_title":"Spa | Pagamento on-line","og_description":"Pagamento on-lineN\u00e3o precisa gerenciar mais as transa\u00e7\u00f5es cara a cara e poupe tempo na chegada de seu cliente Pagamento on-lineO m\u00e9todo de pagamento \u00e9 um","og_url":"https:\/\/www.reservit.com\/pt-br\/spa-pagamento-on-line\/","og_site_name":"Reservit","article_modified_time":"2021-08-10T09:50:47+00:00","twitter_card":"summary_large_image","twitter_misc":{"Est. tempo de leitura":"1 minuto"},"schema":{"@context":"https:\/\/schema.org","@graph":[{"@type":"WebPage","@id":"https:\/\/www.reservit.com\/pt-br\/spa-pagamento-on-line\/","url":"https:\/\/www.reservit.com\/pt-br\/spa-pagamento-on-line\/","name":"Spa | Pagamento on-line","isPartOf":{"@id":"https:\/\/www.reservit.com\/pt-br\/#website"},"datePublished":"2021-01-15T14:58:32+00:00","dateModified":"2021-08-10T09:50:47+00:00","description":"Pagamento on-lineN\u00e3o precisa gerenciar mais as transa\u00e7\u00f5es cara a cara e poupe tempo na chegada de seu cliente Pagamento on-lineO m\u00e9todo de pagamento \u00e9 um","inLanguage":"pt-BR","potentialAction":[{"@type":"ReadAction","target":["https:\/\/www.reservit.com\/pt-br\/spa-pagamento-on-line\/"]}]},{"@type":"WebSite","@id":"https:\/\/www.reservit.com\/pt-br\/#website","url":"https:\/\/www.reservit.com\/pt-br\/","name":"Reservit","description":"Un site utilisant WordPress","potentialAction":[{"@type":"SearchAction","target":{"@type":"EntryPoint","urlTemplate":"https:\/\/www.reservit.com\/pt-br\/?s={search_term_string}"},"query-input":{"@type":"PropertyValueSpecification","valueRequired":true,"valueName":"search_term_string"}}],"inLanguage":"pt-BR"}]}},"_links":{"self":[{"href":"https:\/\/www.reservit.com\/pt-br\/wp-json\/wp\/v2\/pages\/2764","targetHints":{"allow":["GET"]}}],"collection":[{"href":"https:\/\/www.reservit.com\/pt-br\/wp-json\/wp\/v2\/pages"}],"about":[{"href":"https:\/\/www.reservit.com\/pt-br\/wp-json\/wp\/v2\/types\/page"}],"author":[{"embeddable":true,"href":"https:\/\/www.reservit.com\/pt-br\/wp-json\/wp\/v2\/users\/3"}],"replies":[{"embeddable":true,"href":"https:\/\/www.reservit.com\/pt-br\/wp-json\/wp\/v2\/comments?post=2764"}],"version-history":[{"count":0,"href":"https:\/\/www.reservit.com\/pt-br\/wp-json\/wp\/v2\/pages\/2764\/revisions"}],"wp:attachment":[{"href":"https:\/\/www.reservit.com\/pt-br\/wp-json\/wp\/v2\/media?parent=2764"}],"curies":[{"name":"wp","href":"https:\/\/api.w.org\/{rel}","templated":true}]}}