{"id":2758,"date":"2021-01-14T15:53:36","date_gmt":"2021-01-14T14:53:36","guid":{"rendered":"https:\/\/www.reservit.com\/moteur-de-reservation-activites\/"},"modified":"2021-08-10T11:45:06","modified_gmt":"2021-08-10T09:45:06","slug":"atividades-motor-de-reservas","status":"publish","type":"page","link":"https:\/\/www.reservit.com\/pt-br\/atividades-motor-de-reservas\/","title":{"rendered":""},"content":{"rendered":"<div class=\"vce-row-container\" data-vce-boxed-width=\"true\"><div class=\"vce-row vce-element--has-background vce-row--col-gap-30 page-banner vce-row-content--top\" id=\"el-94b67783\" data-vce-do-apply=\"all el-94b67783\"><div class=\"vce-content-background-container\"><div class=\"vce-asset-background-simple-container vce-visible-all-only vce-asset-background-simple--style-cover vce-asset-background-simple--position-center-bottom\"><div class=\"vce-asset-background-simple\">\n              <div class=\"vce-asset-background-simple-item vcv-lozad\" data-background-image=\"https:\/\/www.reservit.com\/zeeptapo\/2021\/02\/mark-sivewright-xMjQYjGGJgk-unsplash-scaled.jpg\"><\/div>\n              <noscript>\n                <div class=\"vce-asset-background-simple-item\" style=\"background-image: url(https:\/\/www.reservit.com\/zeeptapo\/2021\/02\/mark-sivewright-xMjQYjGGJgk-unsplash-scaled.jpg)\"><\/div>\n              <\/noscript>\n            <\/div><\/div><\/div><div class=\"vce-row-content\" data-vce-element-content=\"true\"><div class=\"vce-col vce-col--md-auto vce-col--xs-1 vce-col--xs-last vce-col--xs-first vce-col--sm-last vce-col--sm-first vce-col--md-last vce-col--lg-last vce-col--xl-last vce-col--md-first vce-col--lg-first vce-col--xl-first\" id=\"el-d252c871\"><div class=\"vce-col-inner\" data-vce-do-apply=\"border margin background  el-d252c871\"><div class=\"vce-col-content\" data-vce-element-content=\"true\" data-vce-do-apply=\"padding el-d252c871\"><div class=\"vce-text-block banner-arrows\"><div class=\"vce-text-block-wrapper vce\" id=\"el-c450b284\" data-vce-do-apply=\"all el-c450b284\"><h1>Motor de reservas<\/h1><p>Reservas on-line sua atividade por vagas hor\u00e1rias<\/p><\/div><\/div><\/div><\/div><\/div><\/div><\/div><\/div><div class=\"vce-row-container\" data-vce-boxed-width=\"true\"><div class=\"vce-row vce-row--col-gap-70 vce-row-equal-height vce-row-content--top\" id=\"el-dd8b2c8e\" data-vce-do-apply=\"all el-dd8b2c8e\"><div class=\"vce-content-background-container\"><\/div><div class=\"vce-row-content\" data-vce-element-content=\"true\"><div class=\"vce-col vce-col--md-56-73p vce-col--xs-1 vce-col--xs-last vce-col--xs-first vce-col--sm-last vce-col--sm-first vce-col--md-first vce-col--lg-first vce-col--xl-first\" id=\"el-309d95f4\"><div class=\"vce-col-inner\" data-vce-do-apply=\"border margin background  el-309d95f4\"><div class=\"vce-col-content\" data-vce-element-content=\"true\" data-vce-do-apply=\"padding el-309d95f4\"><div class=\"vce-single-image-container vce-single-image--align-center\"><div class=\"vce vce-single-image-wrapper\" id=\"el-728e9dd0\" data-vce-do-apply=\"all el-728e9dd0\"><figure><div class=\"vce-single-image-inner vce-single-image--absolute\" style=\"padding-bottom: 100%; width: 500px;\"><img loading=\"lazy\" decoding=\"async\" class=\"vce-single-image vcv-lozad\" data-src=\"https:\/\/www.reservit.com\/zeeptapo\/2021\/02\/Sans-titre-5.jpg\" width=\"500\" height=\"500\" src=\"\" data-img-src=\"https:\/\/www.reservit.com\/zeeptapo\/2021\/02\/Sans-titre-5.jpg\" alt=\"\" title=\"Sans titre (5)\" \/><noscript>\n        <img loading=\"lazy\" decoding=\"async\" class=\"vce-single-image\" src=\"https:\/\/www.reservit.com\/zeeptapo\/2021\/02\/Sans-titre-5.jpg\" width=\"500\" height=\"500\" alt=\"\" title=\"Sans titre (5)\" \/>\n      <\/noscript><\/div><figcaption hidden=\"\"><\/figcaption><\/figure><\/div><\/div><\/div><\/div><\/div><div class=\"vce-col vce-col--md-43-25p vce-col--xs-1 vce-col--xs-last vce-col--xs-first vce-col--sm-last vce-col--sm-first vce-col--md-last vce-col--lg-last vce-col--xl-last\" id=\"el-b151a1a8\"><div class=\"vce-col-inner\" data-vce-do-apply=\"border margin background  el-b151a1a8\"><div class=\"vce-col-content\" data-vce-element-content=\"true\" data-vce-do-apply=\"padding el-b151a1a8\"><div class=\"vce-text-block\"><div class=\"vce-text-block-wrapper vce\" id=\"el-bcc24724\" data-vce-do-apply=\"all el-bcc24724\"><h2 style=\"text-align: center;\">&nbsp;<\/h2><h2 style=\"text-align: center;\">Reservar por vagas<\/h2><p>Os internautas podem reservar e pagar diretamente em seu site. Poupe tempo de gest\u00e3o gra\u00e7as ao motor de reservas Reservit Atividades:<\/p><p>\u2022 + disponibilidade no acolhimento e linha telef\u00f3nica livre<br>\u2022 Atualiza\u00e7\u00e3o de seu planejamento em tempo real<br>\u2022 Tesouraria dispon\u00edvel gra\u00e7as ao pagamento antecipado (sinal)<br>\u2022 Melhor antecipa\u00e7\u00e3o de enchimento devido ao pr\u00e9-pagamento \/ Automatiza\u00e7\u00e3o da lista de espera para otimizar a taxa de ocupa\u00e7\u00e3o<\/p><\/div><\/div><\/div><\/div><\/div><\/div><\/div><\/div><div class=\"vce-row-container\" data-vce-boxed-width=\"true\"><div class=\"vce-row vce-row--has-col-background vce-row--col-gap-70 vce-row-equal-height vce-row-content--top\" id=\"el-d246aba8\" data-vce-do-apply=\"all el-d246aba8\"><div class=\"vce-content-background-container\"><\/div><div class=\"vce-row-content\" data-vce-element-content=\"true\"><div class=\"vce-col vce-col--md-46-16p vce-col--xs-1 vce-col--xs-last vce-col--xs-first vce-col--sm-last vce-col--sm-first vce-col--md-first vce-col--lg-first vce-col--xl-first\" id=\"el-376874ee\"><div class=\"vce-col-inner\" data-vce-do-apply=\"border margin background  el-376874ee\"><div class=\"vce-col-content\" data-vce-element-content=\"true\" data-vce-do-apply=\"padding el-376874ee\"><div class=\"vce-text-block\"><div class=\"vce-text-block-wrapper vce\" id=\"el-f2adaf45\" data-vce-do-apply=\"all el-f2adaf45\"><h2 style=\"text-align: center;\">Funcionalidades<\/h2><p>Sistema de reservas para toda a estrutura de esporte, lazer, relaxamento, etc. permitem gerenciar:<\/p><p>\u2022 as vagas<br>\u2022 as tarifas<br>\u2022 as reservas<br>\u2022 a base de dados dos clientes<br>\u2022 as estat\u00edsticas<br>\u2022 a comunica\u00e7\u00e3o externa<\/p><\/div><\/div><\/div><\/div><\/div><div class=\"vce-col vce-element--has-background vce-col--md-53-83p vce-col--xs-1 vce-col--xs-last vce-col--xs-first vce-col--sm-last vce-col--sm-first vce-col--md-last vce-col--lg-last vce-col--xl-last\" id=\"el-fba5445d\"><div class=\"vce-col-inner\" data-vce-do-apply=\"border margin background  el-fba5445d\"><div class=\"vce-content-background-container\"><div class=\"vce-asset-background-simple-container vce-visible-all-only vce-asset-background-simple--style-cover vce-asset-background-simple--position-center-top\"><div class=\"vce-asset-background-simple\">\n              <div class=\"vce-asset-background-simple-item vcv-lozad\" data-background-image=\"https:\/\/www.reservit.com\/zeeptapo\/2021\/01\/cours_de_sport-1030x687-2.jpg\"><\/div>\n              <noscript>\n                <div class=\"vce-asset-background-simple-item\" style=\"background-image: url(https:\/\/www.reservit.com\/zeeptapo\/2021\/01\/cours_de_sport-1030x687-2.jpg)\"><\/div>\n              <\/noscript>\n            <\/div><\/div><\/div><div class=\"vce-col-content\" data-vce-element-content=\"true\" data-vce-do-apply=\"padding el-fba5445d\"><\/div><\/div><\/div><\/div><\/div><\/div>\n","protected":false},"excerpt":{"rendered":"<p>Motor de reservasReservas on-line sua atividade por vagas hor\u00e1rias &nbsp;Reservar por vagasOs internautas podem reservar e pagar diretamente em seu site. Poupe tempo de gest\u00e3o gra\u00e7as ao motor de reservas Reservit Atividades:\u2022 + disponibilidade no acolhimento e linha telef\u00f3nica livre\u2022 Atualiza\u00e7\u00e3o de seu planejamento em tempo real\u2022 Tesouraria dispon\u00edvel gra\u00e7as ao pagamento antecipado (sinal)\u2022 Melhor [&hellip;]<\/p>\n","protected":false},"author":5,"featured_media":12002,"parent":0,"menu_order":0,"comment_status":"closed","ping_status":"closed","template":"","meta":{"footnotes":""},"class_list":["post-2758","page","type-page","status-publish","has-post-thumbnail","hentry"],"yoast_head":"<!-- This site is optimized with the Yoast SEO plugin v24.1 - https:\/\/yoast.com\/wordpress\/plugins\/seo\/ -->\n<title>Atividades | Motor de reservas<\/title>\n<meta name=\"description\" content=\"Motor de reservasReservas on-line sua atividade por vagas hor\u00e1rias &nbsp;Reservar por vagasOs internautas podem reservar e pagar diretamente em seu site.\" \/>\n<meta name=\"robots\" content=\"index, follow, max-snippet:-1, max-image-preview:large, max-video-preview:-1\" \/>\n<link rel=\"canonical\" href=\"https:\/\/www.reservit.com\/pt-br\/atividades-motor-de-reservas\/\" \/>\n<meta property=\"og:locale\" content=\"pt_BR\" \/>\n<meta property=\"og:type\" content=\"article\" \/>\n<meta property=\"og:title\" content=\"Atividades | Motor de reservas\" \/>\n<meta property=\"og:description\" content=\"Motor de reservasReservas on-line sua atividade por vagas hor\u00e1rias &nbsp;Reservar por vagasOs internautas podem reservar e pagar diretamente em seu site.\" \/>\n<meta property=\"og:url\" content=\"https:\/\/www.reservit.com\/pt-br\/atividades-motor-de-reservas\/\" \/>\n<meta property=\"og:site_name\" content=\"Reservit\" \/>\n<meta property=\"article:modified_time\" content=\"2021-08-10T09:45:06+00:00\" \/>\n<meta property=\"og:image\" content=\"https:\/\/www.reservit.com\/zeeptapo\/2021\/02\/Sans-titre-5.jpg\" \/>\n<meta name=\"twitter:card\" content=\"summary_large_image\" \/>\n<meta name=\"twitter:label1\" content=\"Est. tempo de leitura\" \/>\n\t<meta name=\"twitter:data1\" content=\"1 minuto\" \/>\n<script type=\"application\/ld+json\" class=\"yoast-schema-graph\">{\"@context\":\"https:\/\/schema.org\",\"@graph\":[{\"@type\":\"WebPage\",\"@id\":\"https:\/\/www.reservit.com\/pt-br\/atividades-motor-de-reservas\/\",\"url\":\"https:\/\/www.reservit.com\/pt-br\/atividades-motor-de-reservas\/\",\"name\":\"Atividades | Motor de reservas\",\"isPartOf\":{\"@id\":\"https:\/\/www.reservit.com\/pt-br\/#website\"},\"primaryImageOfPage\":{\"@id\":\"https:\/\/www.reservit.com\/pt-br\/atividades-motor-de-reservas\/#primaryimage\"},\"image\":{\"@id\":\"https:\/\/www.reservit.com\/pt-br\/atividades-motor-de-reservas\/#primaryimage\"},\"thumbnailUrl\":\"https:\/\/www.reservit.com\/zeeptapo\/2024\/08\/Activites-2.png\",\"datePublished\":\"2021-01-14T14:53:36+00:00\",\"dateModified\":\"2021-08-10T09:45:06+00:00\",\"description\":\"Motor de reservasReservas on-line sua atividade por vagas hor\u00e1rias &nbsp;Reservar por vagasOs internautas podem reservar e pagar diretamente em seu site.\",\"inLanguage\":\"pt-BR\",\"potentialAction\":[{\"@type\":\"ReadAction\",\"target\":[\"https:\/\/www.reservit.com\/pt-br\/atividades-motor-de-reservas\/\"]}]},{\"@type\":\"ImageObject\",\"inLanguage\":\"pt-BR\",\"@id\":\"https:\/\/www.reservit.com\/pt-br\/atividades-motor-de-reservas\/#primaryimage\",\"url\":\"https:\/\/www.reservit.com\/zeeptapo\/2024\/08\/Activites-2.png\",\"contentUrl\":\"https:\/\/www.reservit.com\/zeeptapo\/2024\/08\/Activites-2.png\",\"width\":800,\"height\":500},{\"@type\":\"WebSite\",\"@id\":\"https:\/\/www.reservit.com\/pt-br\/#website\",\"url\":\"https:\/\/www.reservit.com\/pt-br\/\",\"name\":\"Reservit\",\"description\":\"Un site utilisant WordPress\",\"potentialAction\":[{\"@type\":\"SearchAction\",\"target\":{\"@type\":\"EntryPoint\",\"urlTemplate\":\"https:\/\/www.reservit.com\/pt-br\/?s={search_term_string}\"},\"query-input\":{\"@type\":\"PropertyValueSpecification\",\"valueRequired\":true,\"valueName\":\"search_term_string\"}}],\"inLanguage\":\"pt-BR\"}]}<\/script>\n<!-- \/ Yoast SEO plugin. -->","yoast_head_json":{"title":"Atividades | Motor de reservas","description":"Motor de reservasReservas on-line sua atividade por vagas hor\u00e1rias &nbsp;Reservar por vagasOs internautas podem reservar e pagar diretamente em seu site.","robots":{"index":"index","follow":"follow","max-snippet":"max-snippet:-1","max-image-preview":"max-image-preview:large","max-video-preview":"max-video-preview:-1"},"canonical":"https:\/\/www.reservit.com\/pt-br\/atividades-motor-de-reservas\/","og_locale":"pt_BR","og_type":"article","og_title":"Atividades | Motor de reservas","og_description":"Motor de reservasReservas on-line sua atividade por vagas hor\u00e1rias &nbsp;Reservar por vagasOs internautas podem reservar e pagar diretamente em seu site.","og_url":"https:\/\/www.reservit.com\/pt-br\/atividades-motor-de-reservas\/","og_site_name":"Reservit","article_modified_time":"2021-08-10T09:45:06+00:00","og_image":[{"url":"https:\/\/www.reservit.com\/zeeptapo\/2021\/02\/Sans-titre-5.jpg","type":"","width":"","height":""}],"twitter_card":"summary_large_image","twitter_misc":{"Est. tempo de leitura":"1 minuto"},"schema":{"@context":"https:\/\/schema.org","@graph":[{"@type":"WebPage","@id":"https:\/\/www.reservit.com\/pt-br\/atividades-motor-de-reservas\/","url":"https:\/\/www.reservit.com\/pt-br\/atividades-motor-de-reservas\/","name":"Atividades | Motor de reservas","isPartOf":{"@id":"https:\/\/www.reservit.com\/pt-br\/#website"},"primaryImageOfPage":{"@id":"https:\/\/www.reservit.com\/pt-br\/atividades-motor-de-reservas\/#primaryimage"},"image":{"@id":"https:\/\/www.reservit.com\/pt-br\/atividades-motor-de-reservas\/#primaryimage"},"thumbnailUrl":"https:\/\/www.reservit.com\/zeeptapo\/2024\/08\/Activites-2.png","datePublished":"2021-01-14T14:53:36+00:00","dateModified":"2021-08-10T09:45:06+00:00","description":"Motor de reservasReservas on-line sua atividade por vagas hor\u00e1rias &nbsp;Reservar por vagasOs internautas podem reservar e pagar diretamente em seu site.","inLanguage":"pt-BR","potentialAction":[{"@type":"ReadAction","target":["https:\/\/www.reservit.com\/pt-br\/atividades-motor-de-reservas\/"]}]},{"@type":"ImageObject","inLanguage":"pt-BR","@id":"https:\/\/www.reservit.com\/pt-br\/atividades-motor-de-reservas\/#primaryimage","url":"https:\/\/www.reservit.com\/zeeptapo\/2024\/08\/Activites-2.png","contentUrl":"https:\/\/www.reservit.com\/zeeptapo\/2024\/08\/Activites-2.png","width":800,"height":500},{"@type":"WebSite","@id":"https:\/\/www.reservit.com\/pt-br\/#website","url":"https:\/\/www.reservit.com\/pt-br\/","name":"Reservit","description":"Un site utilisant WordPress","potentialAction":[{"@type":"SearchAction","target":{"@type":"EntryPoint","urlTemplate":"https:\/\/www.reservit.com\/pt-br\/?s={search_term_string}"},"query-input":{"@type":"PropertyValueSpecification","valueRequired":true,"valueName":"search_term_string"}}],"inLanguage":"pt-BR"}]}},"_links":{"self":[{"href":"https:\/\/www.reservit.com\/pt-br\/wp-json\/wp\/v2\/pages\/2758","targetHints":{"allow":["GET"]}}],"collection":[{"href":"https:\/\/www.reservit.com\/pt-br\/wp-json\/wp\/v2\/pages"}],"about":[{"href":"https:\/\/www.reservit.com\/pt-br\/wp-json\/wp\/v2\/types\/page"}],"author":[{"embeddable":true,"href":"https:\/\/www.reservit.com\/pt-br\/wp-json\/wp\/v2\/users\/5"}],"replies":[{"embeddable":true,"href":"https:\/\/www.reservit.com\/pt-br\/wp-json\/wp\/v2\/comments?post=2758"}],"version-history":[{"count":0,"href":"https:\/\/www.reservit.com\/pt-br\/wp-json\/wp\/v2\/pages\/2758\/revisions"}],"wp:featuredmedia":[{"embeddable":true,"href":"https:\/\/www.reservit.com\/pt-br\/wp-json\/wp\/v2\/media\/12002"}],"wp:attachment":[{"href":"https:\/\/www.reservit.com\/pt-br\/wp-json\/wp\/v2\/media?parent=2758"}],"curies":[{"name":"wp","href":"https:\/\/api.w.org\/{rel}","templated":true}]}}