{"id":2754,"date":"2021-01-14T13:41:37","date_gmt":"2021-01-14T12:41:37","guid":{"rendered":"https:\/\/www.reservit.com\/moteur-de-reservation-restaurant\/"},"modified":"2021-08-10T11:43:53","modified_gmt":"2021-08-10T09:43:53","slug":"restaurante-motor-de-reservas","status":"publish","type":"page","link":"https:\/\/www.reservit.com\/pt-br\/restaurante-motor-de-reservas\/","title":{"rendered":""},"content":{"rendered":"<div class=\"vce-row-container\" data-vce-boxed-width=\"true\"><div class=\"vce-row vce-element--has-background vce-row--col-gap-30 page-banner vce-row-content--top\" id=\"el-94b67783\" data-vce-do-apply=\"all el-94b67783\"><div class=\"vce-content-background-container\"><div class=\"vce-asset-background-simple-container vce-visible-all-only vce-asset-background-simple--style-cover vce-asset-background-simple--position-center-bottom\"><div class=\"vce-asset-background-simple\">\n              <div class=\"vce-asset-background-simple-item vcv-lozad\" data-background-image=\"https:\/\/www.reservit.com\/zeeptapo\/2021\/02\/menu-restaurant-vintage-table800x230.jpg\"><\/div>\n              <noscript>\n                <div class=\"vce-asset-background-simple-item\" style=\"background-image: url(https:\/\/www.reservit.com\/zeeptapo\/2021\/02\/menu-restaurant-vintage-table800x230.jpg)\"><\/div>\n              <\/noscript>\n            <\/div><\/div><\/div><div class=\"vce-row-content\" data-vce-element-content=\"true\"><div class=\"vce-col vce-col--md-auto vce-col--xs-1 vce-col--xs-last vce-col--xs-first vce-col--sm-last vce-col--sm-first vce-col--md-last vce-col--lg-last vce-col--xl-last vce-col--md-first vce-col--lg-first vce-col--xl-first\" id=\"el-d252c871\"><div class=\"vce-col-inner\" data-vce-do-apply=\"border margin background  el-d252c871\"><div class=\"vce-col-content\" data-vce-element-content=\"true\" data-vce-do-apply=\"padding el-d252c871\"><div class=\"vce-text-block banner-arrows\"><div class=\"vce-text-block-wrapper vce\" id=\"el-c450b284\" data-vce-do-apply=\"all el-c450b284\"><h1>Reservit Restaurante<\/h1><p>Apresente a reserva de una mesa de seu restaurante<\/p><\/div><\/div><\/div><\/div><\/div><\/div><\/div><\/div><div class=\"vce-row-container\" data-vce-boxed-width=\"true\"><div class=\"vce-row vce-row--col-gap-70 vce-row-equal-height vce-row-content--top\" id=\"el-dd8b2c8e\" data-vce-do-apply=\"all el-dd8b2c8e\"><div class=\"vce-content-background-container\"><\/div><div class=\"vce-row-content\" data-vce-element-content=\"true\"><div class=\"vce-col vce-col--md-56-73p vce-col--xs-1 vce-col--xs-last vce-col--xs-first vce-col--sm-last vce-col--sm-first vce-col--md-first vce-col--lg-first vce-col--xl-first\" id=\"el-309d95f4\"><div class=\"vce-col-inner\" data-vce-do-apply=\"border margin background  el-309d95f4\"><div class=\"vce-col-content\" data-vce-element-content=\"true\" data-vce-do-apply=\"padding el-309d95f4\"><div class=\"vce-single-image-container vce-single-image--align-center\"><div class=\"vce vce-single-image-wrapper\" id=\"el-728e9dd0\" data-vce-do-apply=\"all el-728e9dd0\"><figure><div class=\"vce-single-image-inner vce-single-image--absolute\" style=\"padding-bottom: 100%; width: 500px;\"><img loading=\"lazy\" decoding=\"async\" class=\"vce-single-image vcv-lozad\" data-src=\"https:\/\/www.reservit.com\/zeeptapo\/2021\/02\/Sans-titre-3.jpg\" width=\"500\" height=\"500\" src=\"\" data-img-src=\"https:\/\/www.reservit.com\/zeeptapo\/2021\/02\/Sans-titre-3.jpg\" alt=\"\" title=\"Sans titre (3)\" \/><noscript>\n        <img loading=\"lazy\" decoding=\"async\" class=\"vce-single-image\" src=\"https:\/\/www.reservit.com\/zeeptapo\/2021\/02\/Sans-titre-3.jpg\" width=\"500\" height=\"500\" alt=\"\" title=\"Sans titre (3)\" \/>\n      <\/noscript><\/div><figcaption hidden=\"\"><\/figcaption><\/figure><\/div><\/div><\/div><\/div><\/div><div class=\"vce-col vce-col--md-43-25p vce-col--xs-1 vce-col--xs-last vce-col--xs-first vce-col--sm-last vce-col--sm-first vce-col--md-last vce-col--lg-last vce-col--xl-last\" id=\"el-b151a1a8\"><div class=\"vce-col-inner\" data-vce-do-apply=\"border margin background  el-b151a1a8\"><div class=\"vce-col-content\" data-vce-element-content=\"true\" data-vce-do-apply=\"padding el-b151a1a8\"><div class=\"vce-text-block\"><div class=\"vce-text-block-wrapper vce\" id=\"el-bcc24724\" data-vce-do-apply=\"all el-bcc24724\"><h2>&nbsp;<\/h2><h2 style=\"text-align: center;\">O motor de reservas adaptado<\/h2><p>A Reservit concebeu um motor de reservas para permitir que seus clientes reservem uma das suas mesas on-line. Pode gerenciar a reserva com total autonomia e em tempo real.<\/p><p><br>A ferramenta tamb\u00e9m \u00e9 adequada para telem\u00f3veis e tablets para maior visibilidade. Nossa equipe t\u00e9cnica e comercial se adapta \u00e0 carta gr\u00e1fica totalmente intuitiva para o seu futuro cliente.<\/p><\/div><\/div><\/div><\/div><\/div><\/div><\/div><\/div><div class=\"vce-row-container\" data-vce-boxed-width=\"true\"><div class=\"vce-row vce-row--col-gap-30 vce-row-equal-height vce-row-content--top\" id=\"el-0f2a32b6\" data-vce-do-apply=\"all el-0f2a32b6\"><div class=\"vce-row-content\" data-vce-element-content=\"true\"><div class=\"vce-col vce-col--md-auto vce-col--xs-1 vce-col--xs-last vce-col--xs-first vce-col--sm-last vce-col--sm-first vce-col--md-last vce-col--lg-last vce-col--xl-last vce-col--md-first vce-col--lg-first vce-col--xl-first\" id=\"el-e45059d3\"><div class=\"vce-col-inner\" data-vce-do-apply=\"border margin background  el-e45059d3\"><div class=\"vce-col-content\" data-vce-element-content=\"true\" data-vce-do-apply=\"padding el-e45059d3\"><div class=\"vce-text-block\"><div class=\"vce-text-block-wrapper vce\" id=\"el-849388ca\" data-vce-do-apply=\"all el-849388ca\"><h2 style=\"text-align: center;\">Suas vantagens<\/h2><\/div><\/div><\/div><\/div><\/div><\/div><\/div><\/div><div class=\"vce-row-container\" data-vce-boxed-width=\"true\"><div class=\"vce-row vce-row--col-gap-30 fancy-bloc vce-row-equal-height vce-row-content--top\" id=\"el-21eb9e67\" data-vce-do-apply=\"all el-21eb9e67\"><div class=\"vce-content-background-container\"><\/div><div class=\"vce-row-content\" data-vce-element-content=\"true\"><div class=\"vce-col vce-col--md-auto vce-col--xs-1 vce-col--xs-last vce-col--xs-first vce-col--sm-last vce-col--sm-first vce-col--md-first vce-col--lg-first vce-col--xl-first\" id=\"el-4d7b8b2d\"><div class=\"vce-col-inner\" data-vce-do-apply=\"border margin background  el-4d7b8b2d\"><div class=\"vce-col-content\" data-vce-element-content=\"true\" data-vce-do-apply=\"padding el-4d7b8b2d\"><div class=\"vce-text-block\"><div class=\"vce-text-block-wrapper vce\" id=\"el-b641c90e\" data-vce-do-apply=\"all el-b641c90e\"><p><img loading=\"lazy\" decoding=\"async\" class=\"alignnone size-full wp-image-37\" src=\"https:\/\/www.reservit.com\/zeeptapo\/2021\/01\/picto3.png\" alt=\"\" width=\"95\" height=\"82\">&nbsp; &nbsp;Motor de reservas adaptado \u00e0 carta gr\u00e1fica de restaurante<\/p><h4>&nbsp;<\/h4><\/div><\/div><\/div><\/div><\/div><div class=\"vce-col vce-col--md-26-27p vce-col--xs-1 vce-col--xs-last vce-col--xs-first vce-col--sm-last vce-col--sm-first\" id=\"el-661d3fd0\"><div class=\"vce-col-inner\" data-vce-do-apply=\"border margin background  el-661d3fd0\"><div class=\"vce-col-content\" data-vce-element-content=\"true\" data-vce-do-apply=\"padding el-661d3fd0\"><div class=\"vce-text-block\"><div class=\"vce-text-block-wrapper vce\" id=\"el-566ef184\" data-vce-do-apply=\"all el-566ef184\"><p><img loading=\"lazy\" decoding=\"async\" class=\"alignnone wp-image-36 size-full\" src=\"https:\/\/www.reservit.com\/zeeptapo\/2021\/01\/picto2.png\" alt=\"\" width=\"90\" height=\"63\">&nbsp; &nbsp;Facilidade de gest\u00e3o e uso di\u00e1rio<\/p><h4>&nbsp;<\/h4><\/div><\/div><\/div><\/div><\/div><div class=\"vce-col vce-col--md-26-07p vce-col--xs-1 vce-col--xs-last vce-col--xs-first vce-col--sm-last vce-col--sm-first\" id=\"el-4633c10d\"><div class=\"vce-col-inner\" data-vce-do-apply=\"border margin background  el-4633c10d\"><div class=\"vce-col-content\" data-vce-element-content=\"true\" data-vce-do-apply=\"padding el-4633c10d\"><div class=\"vce-text-block\"><div class=\"vce-text-block-wrapper vce\" id=\"el-a5d3464a\" data-vce-do-apply=\"all el-a5d3464a\"><p><img loading=\"lazy\" decoding=\"async\" class=\"alignnone wp-image-30 size-full\" src=\"https:\/\/www.reservit.com\/zeeptapo\/2021\/01\/demo.png\" alt=\"\" width=\"87\" height=\"87\">&nbsp; Reserva dispon\u00edvel em 6 linguas<\/p><h4>&nbsp;<\/h4><\/div><\/div><\/div><\/div><\/div><div class=\"vce-col vce-col--md-22-66p vce-col--xs-1 vce-col--xs-last vce-col--xs-first vce-col--sm-last vce-col--sm-first vce-col--md-last vce-col--lg-last vce-col--xl-last\" id=\"el-1fa21194\"><div class=\"vce-col-inner\" data-vce-do-apply=\"border margin background  el-1fa21194\"><div class=\"vce-col-content\" data-vce-element-content=\"true\" data-vce-do-apply=\"padding el-1fa21194\"><div class=\"vce-text-block\"><div class=\"vce-text-block-wrapper vce\" id=\"el-f1bbd6b0\" data-vce-do-apply=\"all el-f1bbd6b0\"><p><img loading=\"lazy\" decoding=\"async\" class=\"alignnone size-full wp-image-35\" src=\"https:\/\/www.reservit.com\/zeeptapo\/2021\/01\/picto1.png\" alt=\"\" width=\"98\" height=\"82\">&nbsp; Ergonomia simples e intuitiva<\/p><h4>&nbsp;<\/h4><\/div><\/div><\/div><\/div><\/div><\/div><\/div><\/div><div class=\"vce-row-container\" data-vce-boxed-width=\"true\"><div class=\"vce-row vce-row--has-col-background vce-row--col-gap-70 vce-row-equal-height vce-row-content--top\" id=\"el-d246aba8\" data-vce-do-apply=\"all el-d246aba8\"><div class=\"vce-content-background-container\"><\/div><div class=\"vce-row-content\" data-vce-element-content=\"true\"><div class=\"vce-col vce-col--md-42-85p vce-col--xs-1 vce-col--xs-last vce-col--xs-first vce-col--sm-last vce-col--sm-first vce-col--md-first vce-col--lg-first vce-col--xl-first\" id=\"el-63c34b06\"><div class=\"vce-col-inner\" data-vce-do-apply=\"border margin background  el-63c34b06\"><div class=\"vce-col-content\" data-vce-element-content=\"true\" data-vce-do-apply=\"padding el-63c34b06\"><div class=\"vce-text-block\"><div class=\"vce-text-block-wrapper vce\" id=\"el-f2adaf45\" data-vce-do-apply=\"all el-f2adaf45\"><h2 style=\"text-align: center;\">Venda suas mesas on-line, em direto e com toda a independ\u00eancia !<\/h2><p>Metade dos nossos 2000 clientes s\u00e3o hot\u00e9is e restaurantes, como tal, Reservit Restaurants \u00e9 a ferramenta ideal para uma gest\u00e3o completa. A interface de reserva est\u00e1 integrada no site do seu restaurante e \u00e9 ergon\u00f4mica. Esta est\u00e1 acess\u00edvel a partir de qualquer computador conectado \u00e0 internet.<\/p><p>A tecnologia \u201cReservit Restaurants\u201d \u00e9 baseada em sua experi\u00eancia no dom\u00ednio da reserva on-line e na sua conectividade, com as capacidades de abertura da solu\u00e7\u00e3o aos programas profissionais (TMS).<\/p><p>Sua plataforma ir\u00e1 custar um simples custo fixo por subscri\u00e7\u00e3o, sem comiss\u00e3o sobre a atividade gerada.<\/p><p>Por outro lado, cada estabelecimento \u00e9 o propriet\u00e1rio exclusivo do ficheiro do cliente do seu site da Internet, o que permite usar para promover o seu restaurante.<\/p><\/div><\/div><\/div><\/div><\/div><div class=\"vce-col vce-element--has-background vce-col--md-57-15p vce-col--xs-1 vce-col--xs-last vce-col--xs-first vce-col--sm-last vce-col--sm-first vce-col--md-last vce-col--lg-last vce-col--xl-last\" id=\"el-376874ee\"><div class=\"vce-col-inner\" data-vce-do-apply=\"border margin background  el-376874ee\"><div class=\"vce-content-background-container\"><div class=\"vce-asset-background-simple-container vce-visible-all-only vce-asset-background-simple--style-cover vce-asset-background-simple--position-right-center\"><div class=\"vce-asset-background-simple\">\n              <div class=\"vce-asset-background-simple-item vcv-lozad\" data-background-image=\"https:\/\/www.reservit.com\/zeeptapo\/2021\/02\/Restaurant-2-scaled.jpg\"><\/div>\n              <noscript>\n                <div class=\"vce-asset-background-simple-item\" style=\"background-image: url(https:\/\/www.reservit.com\/zeeptapo\/2021\/02\/Restaurant-2-scaled.jpg)\"><\/div>\n              <\/noscript>\n            <\/div><\/div><\/div><div class=\"vce-col-content\" data-vce-element-content=\"true\" data-vce-do-apply=\"padding el-376874ee\"><\/div><\/div><\/div><\/div><\/div><\/div><div class=\"vce-row-container\" data-vce-boxed-width=\"true\"><div class=\"vce-row vce-row--col-gap-30 fancy-bloc vce-row-equal-height vce-row-content--top\" id=\"el-61e809c5\" data-vce-do-apply=\"all el-61e809c5\"><div class=\"vce-content-background-container\"><\/div><div class=\"vce-row-content\" data-vce-element-content=\"true\"><div class=\"vce-col vce-col--md-auto vce-col--xs-1 vce-col--xs-last vce-col--xs-first vce-col--sm-last vce-col--sm-first vce-col--md-first vce-col--lg-first vce-col--xl-first\" id=\"el-45a60b68\"><div class=\"vce-col-inner\" data-vce-do-apply=\"border margin background  el-45a60b68\"><div class=\"vce-content-background-container\"><\/div><div class=\"vce-col-content\" data-vce-element-content=\"true\" data-vce-do-apply=\"padding el-45a60b68\"><div class=\"vce-text-block\"><div class=\"vce-text-block-wrapper vce\" id=\"el-2df6867f\" data-vce-do-apply=\"all el-2df6867f\"><p><img loading=\"lazy\" decoding=\"async\" class=\"alignnone size-full wp-image-1645\" src=\"https:\/\/www.reservit.com\/zeeptapo\/2021\/02\/PictoD.png\" alt=\"\" width=\"90\" height=\"85\"> <span style=\"font-size: 14pt;\"><strong>Lado do empres\u00e1rio de restaurantes<\/strong><\/span><\/p><\/div><\/div><div class=\"vce-row-container\" data-vce-boxed-width=\"true\"><div class=\"vce-row vce-row--col-gap-30 vce-row-equal-height vce-row-content--top\" id=\"el-998693f1\" data-vce-do-apply=\"all el-998693f1\"><div class=\"vce-row-content\" data-vce-element-content=\"true\"><div class=\"vce-col vce-col--md-auto vce-col--xs-1 vce-col--xs-last vce-col--xs-first vce-col--sm-last vce-col--sm-first vce-col--md-last vce-col--lg-last vce-col--xl-last vce-col--md-first vce-col--lg-first vce-col--xl-first\" id=\"el-8bacb27b\"><div class=\"vce-col-inner\" data-vce-do-apply=\"border margin background  el-8bacb27b\"><div class=\"vce-col-content\" data-vce-element-content=\"true\" data-vce-do-apply=\"padding el-8bacb27b\"><div class=\"vce-text-block\"><div class=\"vce-text-block-wrapper vce\" id=\"el-32a0a7ae\" data-vce-do-apply=\"all el-32a0a7ae\"><p>1. Gest\u00e3o de servi\u00e7os e hor\u00e1rios propostos aos internautas<br>2. Gest\u00e3o das mesas colocadas \u00e0 venda na Internet<br>3. Gest\u00e3o dos c\u00f3digos de acesso e dos direitos de acesso a usu\u00e1rios associados<br>4. Personaliza\u00e7\u00e3o gr\u00e1fica do motor para integra\u00e7\u00e3o no website do estabelecimento<\/p><\/div><\/div><\/div><\/div><\/div><\/div><\/div><\/div><\/div><\/div><\/div><div class=\"vce-col vce-col--md-auto vce-col--xs-1 vce-col--xs-last vce-col--xs-first vce-col--sm-last vce-col--sm-first\" id=\"el-7d53fba7\"><div class=\"vce-col-inner\" data-vce-do-apply=\"border margin background  el-7d53fba7\"><div class=\"vce-content-background-container\"><\/div><div class=\"vce-col-content\" data-vce-element-content=\"true\" data-vce-do-apply=\"padding el-7d53fba7\"><div class=\"vce-text-block\"><div class=\"vce-text-block-wrapper vce\" id=\"el-6d84663e\" data-vce-do-apply=\"all el-6d84663e\"><p>&nbsp;<img loading=\"lazy\" decoding=\"async\" class=\"alignnone size-full wp-image-37\" src=\"https:\/\/www.reservit.com\/zeeptapo\/2021\/01\/picto3.png\" alt=\"\" width=\"95\" height=\"82\"> &nbsp;<span style=\"font-size: 14pt;\"><strong>Lado do internauta<\/strong><\/span><\/p><\/div><\/div><div class=\"vce-row-container\" data-vce-boxed-width=\"true\"><div class=\"vce-row vce-row--col-gap-30 vce-row-equal-height vce-row-content--top\" id=\"el-1b421ddb\" data-vce-do-apply=\"all el-1b421ddb\"><div class=\"vce-row-content\" data-vce-element-content=\"true\"><div class=\"vce-col vce-col--md-auto vce-col--xs-1 vce-col--xs-last vce-col--xs-first vce-col--sm-last vce-col--sm-first vce-col--md-last vce-col--lg-last vce-col--xl-last vce-col--md-first vce-col--lg-first vce-col--xl-first\" id=\"el-ae7746fb\"><div class=\"vce-col-inner\" data-vce-do-apply=\"border margin background  el-ae7746fb\"><div class=\"vce-col-content\" data-vce-element-content=\"true\" data-vce-do-apply=\"padding el-ae7746fb\"><div class=\"vce-text-block\"><div class=\"vce-text-block-wrapper vce\" id=\"el-d5f4dff7\" data-vce-do-apply=\"all el-d5f4dff7\"><p>1. Reserva em tempo real<br>2. Telas de reserva din\u00e2micos<br>3. Reserva dispon\u00edvel em 6 l\u00ednguas<br>4. E-mail de confirma\u00e7\u00e3o da reserva em formato HTML<br>5. Reserva no telem\u00f3vel<\/p><\/div><\/div><\/div><\/div><\/div><\/div><\/div><\/div><\/div><\/div><\/div><div class=\"vce-col vce-col--md-auto vce-col--xs-1 vce-col--xs-last vce-col--xs-first vce-col--sm-last vce-col--sm-first vce-col--md-last vce-col--lg-last vce-col--xl-last\" id=\"el-f56403dd\"><div class=\"vce-col-inner\" data-vce-do-apply=\"border margin background  el-f56403dd\"><div class=\"vce-content-background-container\"><\/div><div class=\"vce-col-content\" data-vce-element-content=\"true\" data-vce-do-apply=\"padding el-f56403dd\"><div class=\"vce-text-block\"><div class=\"vce-text-block-wrapper vce\" id=\"el-d170b810\" data-vce-do-apply=\"all el-d170b810\"><p><img loading=\"lazy\" decoding=\"async\" class=\"alignnone size-full wp-image-30\" src=\"https:\/\/www.reservit.com\/zeeptapo\/2021\/01\/demo.png\" alt=\"\" width=\"87\" height=\"87\">&nbsp;<strong><span style=\"font-size: 14pt;\"> Seguimento da atividade<\/span><\/strong><\/p><\/div><\/div><div class=\"vce-row-container\" data-vce-boxed-width=\"true\"><div class=\"vce-row vce-row--col-gap-30 vce-row-equal-height vce-row-content--top\" id=\"el-cd2c7e90\" data-vce-do-apply=\"all el-cd2c7e90\"><div class=\"vce-row-content\" data-vce-element-content=\"true\"><div class=\"vce-col vce-col--md-auto vce-col--xs-1 vce-col--xs-last vce-col--xs-first vce-col--sm-last vce-col--sm-first vce-col--md-last vce-col--lg-last vce-col--xl-last vce-col--md-first vce-col--lg-first vce-col--xl-first\" id=\"el-e62cbf9f\"><div class=\"vce-col-inner\" data-vce-do-apply=\"border margin background  el-e62cbf9f\"><div class=\"vce-col-content\" data-vce-element-content=\"true\" data-vce-do-apply=\"padding el-e62cbf9f\"><div class=\"vce-text-block\"><div class=\"vce-text-block-wrapper vce\" id=\"el-7ff282ed\" data-vce-do-apply=\"all el-7ff282ed\"><p>1. Tela de gest\u00e3o de reservas e de consulta de hist\u00f3ricos<br>2. Apresenta\u00e7\u00e3o do planejamento das mesas disponibilizadas para venda de acordo com diferentes filtros<br>3. Extra\u00e7\u00e3o do ficheiro de reservas para estudos da atividade<br>4. Extra\u00e7\u00e3o do ficheiro de clientes para gest\u00e3o de campanhas de comunica\u00e7\u00e3o<\/p><\/div><\/div><\/div><\/div><\/div><\/div><\/div><\/div><\/div><\/div><\/div><\/div><\/div><\/div>\n","protected":false},"excerpt":{"rendered":"<p>Reservit RestauranteApresente a reserva de una mesa de seu restaurante &nbsp;O motor de reservas adaptadoA Reservit concebeu um motor de reservas para permitir que seus clientes reservem uma das suas mesas on-line. Pode gerenciar a reserva com total autonomia e em tempo real.A ferramenta tamb\u00e9m \u00e9 adequada para telem\u00f3veis e tablets para maior visibilidade. Nossa [&hellip;]<\/p>\n","protected":false},"author":5,"featured_media":11778,"parent":0,"menu_order":0,"comment_status":"closed","ping_status":"closed","template":"","meta":{"footnotes":""},"class_list":["post-2754","page","type-page","status-publish","has-post-thumbnail","hentry"],"yoast_head":"<!-- This site is optimized with the Yoast SEO plugin v24.1 - https:\/\/yoast.com\/wordpress\/plugins\/seo\/ -->\n<title>Restaurante | Motor de reservas<\/title>\n<meta name=\"description\" content=\"Reservit RestauranteApresente a reserva de una mesa de seu restaurante &nbsp;O motor de reservas adaptadoA Reservit concebeu um motor de reservas para\" \/>\n<meta name=\"robots\" content=\"index, follow, max-snippet:-1, max-image-preview:large, max-video-preview:-1\" \/>\n<link rel=\"canonical\" href=\"https:\/\/www.reservit.com\/pt-br\/restaurante-motor-de-reservas\/\" \/>\n<meta property=\"og:locale\" content=\"pt_BR\" \/>\n<meta property=\"og:type\" content=\"article\" \/>\n<meta property=\"og:title\" content=\"Restaurante | Motor de reservas\" \/>\n<meta property=\"og:description\" content=\"Reservit RestauranteApresente a reserva de una mesa de seu restaurante &nbsp;O motor de reservas adaptadoA Reservit concebeu um motor de reservas para\" \/>\n<meta property=\"og:url\" content=\"https:\/\/www.reservit.com\/pt-br\/restaurante-motor-de-reservas\/\" \/>\n<meta property=\"og:site_name\" content=\"Reservit\" \/>\n<meta property=\"article:modified_time\" content=\"2021-08-10T09:43:53+00:00\" \/>\n<meta property=\"og:image\" content=\"https:\/\/www.reservit.com\/zeeptapo\/2021\/02\/Sans-titre-3.jpg\" \/>\n<meta name=\"twitter:card\" content=\"summary_large_image\" \/>\n<meta name=\"twitter:label1\" content=\"Est. tempo de leitura\" \/>\n\t<meta name=\"twitter:data1\" content=\"2 minutos\" \/>\n<script type=\"application\/ld+json\" class=\"yoast-schema-graph\">{\"@context\":\"https:\/\/schema.org\",\"@graph\":[{\"@type\":\"WebPage\",\"@id\":\"https:\/\/www.reservit.com\/pt-br\/restaurante-motor-de-reservas\/\",\"url\":\"https:\/\/www.reservit.com\/pt-br\/restaurante-motor-de-reservas\/\",\"name\":\"Restaurante | Motor de reservas\",\"isPartOf\":{\"@id\":\"https:\/\/www.reservit.com\/pt-br\/#website\"},\"primaryImageOfPage\":{\"@id\":\"https:\/\/www.reservit.com\/pt-br\/restaurante-motor-de-reservas\/#primaryimage\"},\"image\":{\"@id\":\"https:\/\/www.reservit.com\/pt-br\/restaurante-motor-de-reservas\/#primaryimage\"},\"thumbnailUrl\":\"https:\/\/www.reservit.com\/zeeptapo\/2024\/08\/Restaurant-8.png\",\"datePublished\":\"2021-01-14T12:41:37+00:00\",\"dateModified\":\"2021-08-10T09:43:53+00:00\",\"description\":\"Reservit RestauranteApresente a reserva de una mesa de seu restaurante &nbsp;O motor de reservas adaptadoA Reservit concebeu um motor de reservas para\",\"inLanguage\":\"pt-BR\",\"potentialAction\":[{\"@type\":\"ReadAction\",\"target\":[\"https:\/\/www.reservit.com\/pt-br\/restaurante-motor-de-reservas\/\"]}]},{\"@type\":\"ImageObject\",\"inLanguage\":\"pt-BR\",\"@id\":\"https:\/\/www.reservit.com\/pt-br\/restaurante-motor-de-reservas\/#primaryimage\",\"url\":\"https:\/\/www.reservit.com\/zeeptapo\/2024\/08\/Restaurant-8.png\",\"contentUrl\":\"https:\/\/www.reservit.com\/zeeptapo\/2024\/08\/Restaurant-8.png\",\"width\":800,\"height\":500},{\"@type\":\"WebSite\",\"@id\":\"https:\/\/www.reservit.com\/pt-br\/#website\",\"url\":\"https:\/\/www.reservit.com\/pt-br\/\",\"name\":\"Reservit\",\"description\":\"Un site utilisant WordPress\",\"potentialAction\":[{\"@type\":\"SearchAction\",\"target\":{\"@type\":\"EntryPoint\",\"urlTemplate\":\"https:\/\/www.reservit.com\/pt-br\/?s={search_term_string}\"},\"query-input\":{\"@type\":\"PropertyValueSpecification\",\"valueRequired\":true,\"valueName\":\"search_term_string\"}}],\"inLanguage\":\"pt-BR\"}]}<\/script>\n<!-- \/ Yoast SEO plugin. -->","yoast_head_json":{"title":"Restaurante | Motor de reservas","description":"Reservit RestauranteApresente a reserva de una mesa de seu restaurante &nbsp;O motor de reservas adaptadoA Reservit concebeu um motor de reservas para","robots":{"index":"index","follow":"follow","max-snippet":"max-snippet:-1","max-image-preview":"max-image-preview:large","max-video-preview":"max-video-preview:-1"},"canonical":"https:\/\/www.reservit.com\/pt-br\/restaurante-motor-de-reservas\/","og_locale":"pt_BR","og_type":"article","og_title":"Restaurante | Motor de reservas","og_description":"Reservit RestauranteApresente a reserva de una mesa de seu restaurante &nbsp;O motor de reservas adaptadoA Reservit concebeu um motor de reservas para","og_url":"https:\/\/www.reservit.com\/pt-br\/restaurante-motor-de-reservas\/","og_site_name":"Reservit","article_modified_time":"2021-08-10T09:43:53+00:00","og_image":[{"url":"https:\/\/www.reservit.com\/zeeptapo\/2021\/02\/Sans-titre-3.jpg","type":"","width":"","height":""}],"twitter_card":"summary_large_image","twitter_misc":{"Est. tempo de leitura":"2 minutos"},"schema":{"@context":"https:\/\/schema.org","@graph":[{"@type":"WebPage","@id":"https:\/\/www.reservit.com\/pt-br\/restaurante-motor-de-reservas\/","url":"https:\/\/www.reservit.com\/pt-br\/restaurante-motor-de-reservas\/","name":"Restaurante | Motor de reservas","isPartOf":{"@id":"https:\/\/www.reservit.com\/pt-br\/#website"},"primaryImageOfPage":{"@id":"https:\/\/www.reservit.com\/pt-br\/restaurante-motor-de-reservas\/#primaryimage"},"image":{"@id":"https:\/\/www.reservit.com\/pt-br\/restaurante-motor-de-reservas\/#primaryimage"},"thumbnailUrl":"https:\/\/www.reservit.com\/zeeptapo\/2024\/08\/Restaurant-8.png","datePublished":"2021-01-14T12:41:37+00:00","dateModified":"2021-08-10T09:43:53+00:00","description":"Reservit RestauranteApresente a reserva de una mesa de seu restaurante &nbsp;O motor de reservas adaptadoA Reservit concebeu um motor de reservas para","inLanguage":"pt-BR","potentialAction":[{"@type":"ReadAction","target":["https:\/\/www.reservit.com\/pt-br\/restaurante-motor-de-reservas\/"]}]},{"@type":"ImageObject","inLanguage":"pt-BR","@id":"https:\/\/www.reservit.com\/pt-br\/restaurante-motor-de-reservas\/#primaryimage","url":"https:\/\/www.reservit.com\/zeeptapo\/2024\/08\/Restaurant-8.png","contentUrl":"https:\/\/www.reservit.com\/zeeptapo\/2024\/08\/Restaurant-8.png","width":800,"height":500},{"@type":"WebSite","@id":"https:\/\/www.reservit.com\/pt-br\/#website","url":"https:\/\/www.reservit.com\/pt-br\/","name":"Reservit","description":"Un site utilisant WordPress","potentialAction":[{"@type":"SearchAction","target":{"@type":"EntryPoint","urlTemplate":"https:\/\/www.reservit.com\/pt-br\/?s={search_term_string}"},"query-input":{"@type":"PropertyValueSpecification","valueRequired":true,"valueName":"search_term_string"}}],"inLanguage":"pt-BR"}]}},"_links":{"self":[{"href":"https:\/\/www.reservit.com\/pt-br\/wp-json\/wp\/v2\/pages\/2754","targetHints":{"allow":["GET"]}}],"collection":[{"href":"https:\/\/www.reservit.com\/pt-br\/wp-json\/wp\/v2\/pages"}],"about":[{"href":"https:\/\/www.reservit.com\/pt-br\/wp-json\/wp\/v2\/types\/page"}],"author":[{"embeddable":true,"href":"https:\/\/www.reservit.com\/pt-br\/wp-json\/wp\/v2\/users\/5"}],"replies":[{"embeddable":true,"href":"https:\/\/www.reservit.com\/pt-br\/wp-json\/wp\/v2\/comments?post=2754"}],"version-history":[{"count":0,"href":"https:\/\/www.reservit.com\/pt-br\/wp-json\/wp\/v2\/pages\/2754\/revisions"}],"wp:featuredmedia":[{"embeddable":true,"href":"https:\/\/www.reservit.com\/pt-br\/wp-json\/wp\/v2\/media\/11778"}],"wp:attachment":[{"href":"https:\/\/www.reservit.com\/pt-br\/wp-json\/wp\/v2\/media?parent=2754"}],"curies":[{"name":"wp","href":"https:\/\/api.w.org\/{rel}","templated":true}]}}