{"id":2751,"date":"2021-01-15T15:40:46","date_gmt":"2021-01-15T14:40:46","guid":{"rendered":"https:\/\/www.reservit.com\/hebergement-referencement-comparateurs\/"},"modified":"2023-02-09T15:01:47","modified_gmt":"2023-02-09T14:01:47","slug":"alojamento-click-connect","status":"publish","type":"page","link":"https:\/\/www.reservit.com\/pt-br\/alojamento-click-connect\/","title":{"rendered":""},"content":{"rendered":"<div class=\"vce-row-container\" data-vce-boxed-width=\"true\"><div class=\"vce-row vce-element--has-background vce-row--col-gap-30 page-banner vce-row-content--top\" id=\"el-94b67783\" data-vce-do-apply=\"all el-94b67783\"><div class=\"vce-content-background-container\"><div class=\"vce-asset-background-simple-container vce-visible-all-only vce-asset-background-simple--style-cover vce-asset-background-simple--position-center-bottom\"><div class=\"vce-asset-background-simple\">\n              <div class=\"vce-asset-background-simple-item vcv-lozad\" data-background-image=\"https:\/\/www.reservit.com\/zeeptapo\/2021\/02\/chart-4819676_1920.jpg\"><\/div>\n              <noscript>\n                <div class=\"vce-asset-background-simple-item\" style=\"background-image: url(https:\/\/www.reservit.com\/zeeptapo\/2021\/02\/chart-4819676_1920.jpg)\"><\/div>\n              <\/noscript>\n            <\/div><\/div><\/div><div class=\"vce-row-content\" data-vce-element-content=\"true\"><div class=\"vce-col vce-col--md-auto vce-col--xs-1 vce-col--xs-last vce-col--xs-first vce-col--sm-last vce-col--sm-first vce-col--md-last vce-col--lg-last vce-col--xl-last vce-col--md-first vce-col--lg-first vce-col--xl-first\" id=\"el-d252c871\"><div class=\"vce-col-inner\" data-vce-do-apply=\"border margin background  el-d252c871\"><div class=\"vce-col-content\" data-vce-element-content=\"true\" data-vce-do-apply=\"padding el-d252c871\"><div class=\"vce-text-block banner-arrows\"><div class=\"vce-text-block-wrapper vce\" id=\"el-c450b284\" data-vce-do-apply=\"all el-c450b284\"><h1>Click connect<\/h1><p>Aumentar as vendas diretas<\/p><\/div><\/div><\/div><\/div><\/div><\/div><\/div><\/div><div class=\"vce-row-container\" data-vce-boxed-width=\"true\"><div class=\"vce-row vce-row--col-gap-70 vce-row-equal-height vce-row-content--top\" id=\"el-dd8b2c8e\" data-vce-do-apply=\"all el-dd8b2c8e\"><div class=\"vce-content-background-container\"><\/div><div class=\"vce-row-content\" data-vce-element-content=\"true\"><div class=\"vce-col vce-col--md-56-73p vce-col--xs-1 vce-col--xs-last vce-col--xs-first vce-col--sm-last vce-col--sm-first vce-col--md-first vce-col--lg-first vce-col--xl-first\" id=\"el-309d95f4\"><div class=\"vce-col-inner\" data-vce-do-apply=\"border margin background  el-309d95f4\"><div class=\"vce-col-content\" data-vce-element-content=\"true\" data-vce-do-apply=\"padding el-309d95f4\"><div class=\"vce-single-image-container vce-single-image--align-left\"><div class=\"vce vce-single-image-wrapper\" id=\"el-728e9dd0\" data-vce-do-apply=\"all el-728e9dd0\"><figure><div class=\"vce-single-image-figure-inner\" style=\"width: 1024px;\"><div class=\"vce-single-image-inner vce-single-image--absolute\" style=\"width: 100%; padding-bottom: 84.9609%;\"><img loading=\"lazy\" decoding=\"async\" class=\"vce-single-image\"  width=\"1024\" height=\"870\" src=\"https:\/\/www.reservit.com\/zeeptapo\/2021\/01\/mise_en_scene_RIT_clickconnect-1030x876-1.png\" data-img-src=\"https:\/\/www.reservit.com\/zeeptapo\/2021\/01\/mise_en_scene_RIT_clickconnect-1030x876-1.png\" data-attachment-id=\"220\"  alt=\"\" title=\"mise_en_scene_RIT_clickconnect-1030x876\" \/><\/div><\/div><figcaption hidden=\"\"><\/figcaption><\/figure><\/div><\/div><\/div><\/div><\/div><div class=\"vce-col vce-col--md-43-25p vce-col--xs-1 vce-col--xs-last vce-col--xs-first vce-col--sm-last vce-col--sm-first vce-col--md-last vce-col--lg-last vce-col--xl-last\" id=\"el-b151a1a8\"><div class=\"vce-col-inner\" data-vce-do-apply=\"border margin background  el-b151a1a8\"><div class=\"vce-col-content\" data-vce-element-content=\"true\" data-vce-do-apply=\"padding el-b151a1a8\"><div class=\"vce-text-block\"><div class=\"vce-text-block-wrapper vce\" id=\"el-bcc24724\" data-vce-do-apply=\"all el-bcc24724\"><h2 style=\"text-align: center;\">O qu\u00e9 o Click connect ?<\/h2><p>&nbsp;<\/p><p>O Click Connect permite ligar o seu hotel a comparadores de pre\u00e7os.<\/p><p>Os comparadores de pre\u00e7os, tipo Google, Trivago ou TripAdvisor, t\u00eam uma forte notoriedade. Os pre\u00e7os s\u00e3o um dos primeiros crit\u00e9rios de escolha dos hot\u00e9is e os viajantes visitam regularmente estes sites.<\/p><p>Os comparadores on-line, ao contr\u00e1rio dos distribuidores, encaminham o tr\u00e1fego para o seu Web site.<\/p><\/div><\/div><\/div><\/div><\/div><\/div><\/div><\/div><div class=\"vce-row-container\" data-vce-boxed-width=\"true\"><div class=\"vce-row vce-row--col-gap-30 vce-row-equal-height vce-row-content--top\" id=\"el-14663c98\" data-vce-do-apply=\"all el-14663c98\"><div class=\"vce-row-content\" data-vce-element-content=\"true\"><div class=\"vce-col vce-col--md-auto vce-col--xs-1 vce-col--xs-last vce-col--xs-first vce-col--sm-last vce-col--sm-first vce-col--md-last vce-col--lg-last vce-col--xl-last vce-col--md-first vce-col--lg-first vce-col--xl-first\" id=\"el-2eb2ed62\"><div class=\"vce-col-inner\" data-vce-do-apply=\"border margin background  el-2eb2ed62\"><div class=\"vce-col-content\" data-vce-element-content=\"true\" data-vce-do-apply=\"padding el-2eb2ed62\"><div class=\"vce-single-image-container vce-single-image--align-left\"><div class=\"vce vce-single-image-wrapper\" id=\"el-d341203d\" data-vce-do-apply=\"all el-d341203d\"><figure><div class=\"vce-single-image-figure-inner\" style=\"width: 1024px;\"><div class=\"vce-single-image-inner vce-single-image--absolute\" style=\"width: 100%; padding-bottom: 32.8125%;\"><img loading=\"lazy\" decoding=\"async\" class=\"vce-single-image\"  width=\"1024\" height=\"336\" src=\"https:\/\/www.reservit.com\/zeeptapo\/2021\/01\/comparateurs_wihp.jpg\" data-img-src=\"https:\/\/www.reservit.com\/zeeptapo\/2021\/01\/comparateurs_wihp.jpg\" data-attachment-id=\"221\"  alt=\"\" title=\"comparateurs_wihp\" \/><\/div><\/div><figcaption hidden=\"\"><\/figcaption><\/figure><\/div><\/div><\/div><\/div><\/div><\/div><\/div><\/div><div class=\"vce-row-container\" data-vce-boxed-width=\"true\"><div class=\"vce-row vce-row--has-col-background vce-row--col-gap-30 vce-row-equal-height vce-row-content--top\" id=\"el-cd1ad981\" data-vce-do-apply=\"all el-cd1ad981\"><div class=\"vce-content-background-container\"><\/div><div class=\"vce-row-content\" data-vce-element-content=\"true\"><div class=\"vce-col vce-col--md-auto vce-col--xs-1 vce-col--xs-last vce-col--xs-first vce-col--sm-last vce-col--sm-first vce-col--md-first vce-col--lg-first vce-col--xl-first\" id=\"el-4ebbde53\"><div class=\"vce-col-inner\" data-vce-do-apply=\"border margin background  el-4ebbde53\"><div class=\"vce-col-content\" data-vce-element-content=\"true\" data-vce-do-apply=\"padding el-4ebbde53\"><div class=\"vce-text-block\"><div class=\"vce-text-block-wrapper vce\" id=\"el-dcff6f9f\" data-vce-do-apply=\"all el-dcff6f9f\"><h2 style=\"text-align: center;\">Atraia clientes diretamente<\/h2><p>V\u00e1rios milhares de visitantes se registram mensalmente nessas plataformas. Estas representam, portanto, importantes oportunidades para reservas diretas com um modelo econ\u00f3mico de custo por clique. O custo por clique \u00e9 fixado por leil\u00e3o.<\/p><p>Fa\u00e7a a conex\u00e3o aos principais comparadores de pre\u00e7os para beneficiar de sua notoriedade. O hotel participa nos leil\u00f5es com a ajuda de uma equipe dedicada para aumentar o volume de reservas diretas e diversificar os clientes.<\/p><p>O Click Connect permite optar por um pacote de cliques adaptado ao seu estabelecimento e de forma a enquadrar a sua presen\u00e7a nestas plataformas com toda a tranquilidade.<\/p><\/div><\/div><\/div><\/div><\/div><div class=\"vce-col vce-element--has-background vce-col--md-auto vce-col--xs-1 vce-col--xs-last vce-col--xs-first vce-col--sm-last vce-col--sm-first vce-col--md-last vce-col--lg-last vce-col--xl-last\" id=\"el-d2a4ebbd\"><div class=\"vce-col-inner\" data-vce-do-apply=\"border margin background  el-d2a4ebbd\"><div class=\"vce-content-background-container\"><div class=\"vce-asset-background-simple-container vce-visible-all-only vce-asset-background-simple--style-cover vce-asset-background-simple--position-center-top\"><div class=\"vce-asset-background-simple\">\n              <div class=\"vce-asset-background-simple-item vcv-lozad\" data-background-image=\"https:\/\/www.reservit.com\/zeeptapo\/2021\/01\/000167340_5-1.jpg\"><\/div>\n              <noscript>\n                <div class=\"vce-asset-background-simple-item\" style=\"background-image: url(https:\/\/www.reservit.com\/zeeptapo\/2021\/01\/000167340_5-1.jpg)\"><\/div>\n              <\/noscript>\n            <\/div><\/div><\/div><div class=\"vce-col-content\" data-vce-element-content=\"true\" data-vce-do-apply=\"padding el-d2a4ebbd\"><div><\/div><\/div><\/div><\/div><\/div><\/div><\/div><div class=\"vce-row-container\" data-vce-boxed-width=\"true\"><div class=\"vce-row vce-row--col-gap-30 fancy-bloc vce-row-equal-height vce-row-content--top\" id=\"el-ee2d908e\" data-vce-do-apply=\"all el-ee2d908e\"><div class=\"vce-content-background-container\"><\/div><div class=\"vce-row-content\" data-vce-element-content=\"true\"><div class=\"vce-col vce-col--md-auto vce-col--xs-1 vce-col--xs-last vce-col--xs-first vce-col--sm-last vce-col--sm-first vce-col--md-first vce-col--lg-first vce-col--xl-first\" id=\"el-1c35ba3e\"><div class=\"vce-col-inner\" data-vce-do-apply=\"border margin background  el-1c35ba3e\"><div class=\"vce-col-content\" data-vce-element-content=\"true\" data-vce-do-apply=\"padding el-1c35ba3e\"><div class=\"vce-text-block\"><div class=\"vce-text-block-wrapper vce\" id=\"el-e1684a97\" data-vce-do-apply=\"all el-e1684a97\"><p><img loading=\"lazy\" decoding=\"async\" class=\"alignnone size-full wp-image-37\" src=\"https:\/\/www.reservit.com\/zeeptapo\/2021\/01\/picto3.png\" alt=\"\" width=\"95\" height=\"82\">&nbsp; Desenvolver o tr\u00e1fego on-line<\/p><h4>&nbsp;<\/h4><\/div><\/div><\/div><\/div><\/div><div class=\"vce-col vce-col--md-auto vce-col--xs-1 vce-col--xs-last vce-col--xs-first vce-col--sm-last vce-col--sm-first\" id=\"el-a5775e4a\"><div class=\"vce-col-inner\" data-vce-do-apply=\"border margin background  el-a5775e4a\"><div class=\"vce-col-content\" data-vce-element-content=\"true\" data-vce-do-apply=\"padding el-a5775e4a\"><div class=\"vce-text-block\"><div class=\"vce-text-block-wrapper vce\" id=\"el-1eedac7d\" data-vce-do-apply=\"all el-1eedac7d\"><p><img loading=\"lazy\" decoding=\"async\" class=\"alignnone size-full wp-image-1639\" src=\"https:\/\/www.reservit.com\/zeeptapo\/2021\/02\/PictoC.png\" alt=\"\" width=\"90\" height=\"85\">&nbsp; Melhorar a sua visibilidade<\/p><h4>&nbsp;<\/h4><\/div><\/div><\/div><\/div><\/div><div class=\"vce-col vce-col--md-auto vce-col--xs-1 vce-col--xs-last vce-col--xs-first vce-col--sm-last vce-col--sm-first vce-col--md-last vce-col--lg-last vce-col--xl-last\" id=\"el-1dd59894\"><div class=\"vce-col-inner\" data-vce-do-apply=\"border margin background  el-1dd59894\"><div class=\"vce-col-content\" data-vce-element-content=\"true\" data-vce-do-apply=\"padding el-1dd59894\"><div class=\"vce-text-block\"><div class=\"vce-text-block-wrapper vce\" id=\"el-935c7c7d\" data-vce-do-apply=\"all el-935c7c7d\"><p><img loading=\"lazy\" decoding=\"async\" class=\"alignnone size-full wp-image-1657\" src=\"https:\/\/www.reservit.com\/zeeptapo\/2021\/02\/PictoG.png\" alt=\"\" width=\"90\" height=\"85\">&nbsp; Gest\u00e3o da liga\u00e7\u00e3o com os comparadores<\/p><h4>&nbsp;<\/h4><\/div><\/div><\/div><\/div><\/div><\/div><\/div><\/div>","protected":false},"excerpt":{"rendered":"<p>Click connectAumentar as vendas diretasO qu\u00e9 o Click connect ?&nbsp;O Click Connect permite ligar o seu hotel a comparadores de pre\u00e7os.Os comparadores de pre\u00e7os, tipo Google, Trivago ou TripAdvisor, t\u00eam uma forte notoriedade. Os pre\u00e7os s\u00e3o um dos primeiros crit\u00e9rios de escolha dos hot\u00e9is e os viajantes visitam regularmente estes sites.Os comparadores on-line, ao contr\u00e1rio [&hellip;]<\/p>\n","protected":false},"author":5,"featured_media":0,"parent":0,"menu_order":0,"comment_status":"closed","ping_status":"closed","template":"","meta":{"footnotes":""},"class_list":["post-2751","page","type-page","status-publish","hentry"],"yoast_head":"<!-- This site is optimized with the Yoast SEO plugin v24.1 - https:\/\/yoast.com\/wordpress\/plugins\/seo\/ -->\n<title>Alojamento | Click connect<\/title>\n<meta name=\"description\" content=\"Click connectAumentar as vendas diretasO qu\u00e9 o Click connect ?&nbsp;O Click Connect permite ligar o seu hotel a comparadores de pre\u00e7os.Os comparadores de\" \/>\n<meta name=\"robots\" content=\"index, follow, max-snippet:-1, max-image-preview:large, max-video-preview:-1\" \/>\n<link rel=\"canonical\" href=\"https:\/\/www.reservit.com\/pt-br\/alojamento-click-connect\/\" \/>\n<meta property=\"og:locale\" content=\"pt_BR\" \/>\n<meta property=\"og:type\" content=\"article\" \/>\n<meta property=\"og:title\" content=\"Alojamento | Click connect\" \/>\n<meta property=\"og:description\" content=\"Click connectAumentar as vendas diretasO qu\u00e9 o Click connect ?&nbsp;O Click Connect permite ligar o seu hotel a comparadores de pre\u00e7os.Os comparadores de\" \/>\n<meta property=\"og:url\" content=\"https:\/\/www.reservit.com\/pt-br\/alojamento-click-connect\/\" \/>\n<meta property=\"og:site_name\" content=\"Reservit\" \/>\n<meta property=\"article:modified_time\" content=\"2023-02-09T14:01:47+00:00\" \/>\n<meta property=\"og:image\" content=\"https:\/\/www.reservit.com\/zeeptapo\/2021\/01\/mise_en_scene_RIT_clickconnect-1030x876-1.png\" \/>\n<meta name=\"twitter:card\" content=\"summary_large_image\" \/>\n<meta name=\"twitter:label1\" content=\"Est. tempo de leitura\" \/>\n\t<meta name=\"twitter:data1\" content=\"1 minuto\" \/>\n<script type=\"application\/ld+json\" class=\"yoast-schema-graph\">{\"@context\":\"https:\/\/schema.org\",\"@graph\":[{\"@type\":\"WebPage\",\"@id\":\"https:\/\/www.reservit.com\/pt-br\/alojamento-click-connect\/\",\"url\":\"https:\/\/www.reservit.com\/pt-br\/alojamento-click-connect\/\",\"name\":\"Alojamento | Click connect\",\"isPartOf\":{\"@id\":\"https:\/\/www.reservit.com\/pt-br\/#website\"},\"primaryImageOfPage\":{\"@id\":\"https:\/\/www.reservit.com\/pt-br\/alojamento-click-connect\/#primaryimage\"},\"image\":{\"@id\":\"https:\/\/www.reservit.com\/pt-br\/alojamento-click-connect\/#primaryimage\"},\"thumbnailUrl\":\"https:\/\/www.reservit.com\/zeeptapo\/2021\/01\/mise_en_scene_RIT_clickconnect-1030x876-1.png\",\"datePublished\":\"2021-01-15T14:40:46+00:00\",\"dateModified\":\"2023-02-09T14:01:47+00:00\",\"description\":\"Click connectAumentar as vendas diretasO qu\u00e9 o Click connect ?&nbsp;O Click Connect permite ligar o seu hotel a comparadores de pre\u00e7os.Os comparadores de\",\"breadcrumb\":{\"@id\":\"https:\/\/www.reservit.com\/pt-br\/alojamento-click-connect\/#breadcrumb\"},\"inLanguage\":\"pt-BR\",\"potentialAction\":[{\"@type\":\"ReadAction\",\"target\":[\"https:\/\/www.reservit.com\/pt-br\/alojamento-click-connect\/\"]}]},{\"@type\":\"ImageObject\",\"inLanguage\":\"pt-BR\",\"@id\":\"https:\/\/www.reservit.com\/pt-br\/alojamento-click-connect\/#primaryimage\",\"url\":\"https:\/\/www.reservit.com\/zeeptapo\/2021\/01\/mise_en_scene_RIT_clickconnect-1030x876-1.png\",\"contentUrl\":\"https:\/\/www.reservit.com\/zeeptapo\/2021\/01\/mise_en_scene_RIT_clickconnect-1030x876-1.png\"},{\"@type\":\"BreadcrumbList\",\"@id\":\"https:\/\/www.reservit.com\/pt-br\/alojamento-click-connect\/#breadcrumb\",\"itemListElement\":[{\"@type\":\"ListItem\",\"position\":1,\"name\":\"Accueil\",\"item\":\"https:\/\/www.reservit.com\/pt-br\/logiciels-de-reservation-developpes-pour-hotels-restaurants-activites-de-loisirs-br\/\"},{\"@type\":\"ListItem\",\"position\":2,\"name\":\"Alojamento | Click connect\"}]},{\"@type\":\"WebSite\",\"@id\":\"https:\/\/www.reservit.com\/pt-br\/#website\",\"url\":\"https:\/\/www.reservit.com\/pt-br\/\",\"name\":\"Reservit\",\"description\":\"Un site utilisant WordPress\",\"potentialAction\":[{\"@type\":\"SearchAction\",\"target\":{\"@type\":\"EntryPoint\",\"urlTemplate\":\"https:\/\/www.reservit.com\/pt-br\/?s={search_term_string}\"},\"query-input\":{\"@type\":\"PropertyValueSpecification\",\"valueRequired\":true,\"valueName\":\"search_term_string\"}}],\"inLanguage\":\"pt-BR\"}]}<\/script>\n<!-- \/ Yoast SEO plugin. -->","yoast_head_json":{"title":"Alojamento | Click connect","description":"Click connectAumentar as vendas diretasO qu\u00e9 o Click connect ?&nbsp;O Click Connect permite ligar o seu hotel a comparadores de pre\u00e7os.Os comparadores de","robots":{"index":"index","follow":"follow","max-snippet":"max-snippet:-1","max-image-preview":"max-image-preview:large","max-video-preview":"max-video-preview:-1"},"canonical":"https:\/\/www.reservit.com\/pt-br\/alojamento-click-connect\/","og_locale":"pt_BR","og_type":"article","og_title":"Alojamento | Click connect","og_description":"Click connectAumentar as vendas diretasO qu\u00e9 o Click connect ?&nbsp;O Click Connect permite ligar o seu hotel a comparadores de pre\u00e7os.Os comparadores de","og_url":"https:\/\/www.reservit.com\/pt-br\/alojamento-click-connect\/","og_site_name":"Reservit","article_modified_time":"2023-02-09T14:01:47+00:00","og_image":[{"url":"https:\/\/www.reservit.com\/zeeptapo\/2021\/01\/mise_en_scene_RIT_clickconnect-1030x876-1.png","type":"","width":"","height":""}],"twitter_card":"summary_large_image","twitter_misc":{"Est. tempo de leitura":"1 minuto"},"schema":{"@context":"https:\/\/schema.org","@graph":[{"@type":"WebPage","@id":"https:\/\/www.reservit.com\/pt-br\/alojamento-click-connect\/","url":"https:\/\/www.reservit.com\/pt-br\/alojamento-click-connect\/","name":"Alojamento | Click connect","isPartOf":{"@id":"https:\/\/www.reservit.com\/pt-br\/#website"},"primaryImageOfPage":{"@id":"https:\/\/www.reservit.com\/pt-br\/alojamento-click-connect\/#primaryimage"},"image":{"@id":"https:\/\/www.reservit.com\/pt-br\/alojamento-click-connect\/#primaryimage"},"thumbnailUrl":"https:\/\/www.reservit.com\/zeeptapo\/2021\/01\/mise_en_scene_RIT_clickconnect-1030x876-1.png","datePublished":"2021-01-15T14:40:46+00:00","dateModified":"2023-02-09T14:01:47+00:00","description":"Click connectAumentar as vendas diretasO qu\u00e9 o Click connect ?&nbsp;O Click Connect permite ligar o seu hotel a comparadores de pre\u00e7os.Os comparadores de","breadcrumb":{"@id":"https:\/\/www.reservit.com\/pt-br\/alojamento-click-connect\/#breadcrumb"},"inLanguage":"pt-BR","potentialAction":[{"@type":"ReadAction","target":["https:\/\/www.reservit.com\/pt-br\/alojamento-click-connect\/"]}]},{"@type":"ImageObject","inLanguage":"pt-BR","@id":"https:\/\/www.reservit.com\/pt-br\/alojamento-click-connect\/#primaryimage","url":"https:\/\/www.reservit.com\/zeeptapo\/2021\/01\/mise_en_scene_RIT_clickconnect-1030x876-1.png","contentUrl":"https:\/\/www.reservit.com\/zeeptapo\/2021\/01\/mise_en_scene_RIT_clickconnect-1030x876-1.png"},{"@type":"BreadcrumbList","@id":"https:\/\/www.reservit.com\/pt-br\/alojamento-click-connect\/#breadcrumb","itemListElement":[{"@type":"ListItem","position":1,"name":"Accueil","item":"https:\/\/www.reservit.com\/pt-br\/logiciels-de-reservation-developpes-pour-hotels-restaurants-activites-de-loisirs-br\/"},{"@type":"ListItem","position":2,"name":"Alojamento | Click connect"}]},{"@type":"WebSite","@id":"https:\/\/www.reservit.com\/pt-br\/#website","url":"https:\/\/www.reservit.com\/pt-br\/","name":"Reservit","description":"Un site utilisant WordPress","potentialAction":[{"@type":"SearchAction","target":{"@type":"EntryPoint","urlTemplate":"https:\/\/www.reservit.com\/pt-br\/?s={search_term_string}"},"query-input":{"@type":"PropertyValueSpecification","valueRequired":true,"valueName":"search_term_string"}}],"inLanguage":"pt-BR"}]}},"_links":{"self":[{"href":"https:\/\/www.reservit.com\/pt-br\/wp-json\/wp\/v2\/pages\/2751","targetHints":{"allow":["GET"]}}],"collection":[{"href":"https:\/\/www.reservit.com\/pt-br\/wp-json\/wp\/v2\/pages"}],"about":[{"href":"https:\/\/www.reservit.com\/pt-br\/wp-json\/wp\/v2\/types\/page"}],"author":[{"embeddable":true,"href":"https:\/\/www.reservit.com\/pt-br\/wp-json\/wp\/v2\/users\/5"}],"replies":[{"embeddable":true,"href":"https:\/\/www.reservit.com\/pt-br\/wp-json\/wp\/v2\/comments?post=2751"}],"version-history":[{"count":0,"href":"https:\/\/www.reservit.com\/pt-br\/wp-json\/wp\/v2\/pages\/2751\/revisions"}],"wp:attachment":[{"href":"https:\/\/www.reservit.com\/pt-br\/wp-json\/wp\/v2\/media?parent=2751"}],"curies":[{"name":"wp","href":"https:\/\/api.w.org\/{rel}","templated":true}]}}