{"id":2743,"date":"2021-01-14T16:25:36","date_gmt":"2021-01-14T15:25:36","guid":{"rendered":"https:\/\/www.reservit.com\/paiement-automatise\/"},"modified":"2021-08-10T11:28:14","modified_gmt":"2021-08-10T09:28:14","slug":"alojamento-pagamento-on-line","status":"publish","type":"page","link":"https:\/\/www.reservit.com\/pt-br\/alojamento-pagamento-on-line\/","title":{"rendered":""},"content":{"rendered":"<div class=\"vce-row-container\" data-vce-boxed-width=\"true\"><div class=\"vce-row vce-element--has-background vce-row--col-gap-30 page-banner vce-row-content--top\" id=\"el-94b67783\" data-vce-do-apply=\"all el-94b67783\"><div class=\"vce-content-background-container\"><div class=\"vce-asset-background-simple-container vce-visible-all-only vce-asset-background-simple--style-cover vce-asset-background-simple--position-center-top\"><div class=\"vce-asset-background-simple\">\n              <div class=\"vce-asset-background-simple-item vcv-lozad\" data-background-image=\"http:\/\/www.reservit.com\/zeeptapo\/2021\/01\/paybox_paiement-845x321-2.jpg\"><\/div>\n              <noscript>\n                <div class=\"vce-asset-background-simple-item\" style=\"background-image: url(http:\/\/www.reservit.com\/zeeptapo\/2021\/01\/paybox_paiement-845x321-2.jpg)\"><\/div>\n              <\/noscript>\n            <\/div><\/div><\/div><div class=\"vce-row-content\" data-vce-element-content=\"true\"><div class=\"vce-col vce-col--md-auto vce-col--xs-1 vce-col--xs-last vce-col--xs-first vce-col--sm-last vce-col--sm-first vce-col--md-last vce-col--lg-last vce-col--xl-last vce-col--md-first vce-col--lg-first vce-col--xl-first\" id=\"el-d252c871\"><div class=\"vce-col-inner\" data-vce-do-apply=\"border margin background  el-d252c871\"><div class=\"vce-col-content\" data-vce-element-content=\"true\" data-vce-do-apply=\"padding el-d252c871\"><div class=\"vce-text-block banner-arrows\"><div class=\"vce-text-block-wrapper vce\" id=\"el-c450b284\" data-vce-do-apply=\"all el-c450b284\"><h1>Pagamento on-line<\/h1><p>Pagamento on-line seguro por meio da 3Dsecure.<\/p><\/div><\/div><\/div><\/div><\/div><\/div><\/div><\/div><div class=\"vce-row-container\" data-vce-boxed-width=\"true\"><div class=\"vce-row vce-row--col-gap-30 vce-row-equal-height vce-row-content--top\" id=\"el-a78f6639\" data-vce-do-apply=\"all el-a78f6639\"><div class=\"vce-row-content\" data-vce-element-content=\"true\"><div class=\"vce-col vce-col--md-auto vce-col--xs-1 vce-col--xs-last vce-col--xs-first vce-col--sm-last vce-col--sm-first vce-col--md-last vce-col--lg-last vce-col--xl-last vce-col--md-first vce-col--lg-first vce-col--xl-first\" id=\"el-58d89bb4\"><div class=\"vce-col-inner\" data-vce-do-apply=\"border margin background  el-58d89bb4\"><div class=\"vce-col-content\" data-vce-element-content=\"true\" data-vce-do-apply=\"padding el-58d89bb4\"><div class=\"vce-text-block\"><div class=\"vce-text-block-wrapper vce\" id=\"el-83173ed3\" data-vce-do-apply=\"all el-83173ed3\"><h2 style=\"text-align: center;\">Personalize a oferta no seu site oficial<\/h2><\/div><\/div><\/div><\/div><\/div><\/div><\/div><\/div><div class=\"vce-row-container\" data-vce-boxed-width=\"true\"><div class=\"vce-row vce-row--col-gap-30 fancy-bloc vce-row-equal-height vce-row-content--top\" id=\"el-3008a72a\" data-vce-do-apply=\"all el-3008a72a\"><div class=\"vce-row-content\" data-vce-element-content=\"true\"><div class=\"vce-col vce-col--md-auto vce-col--xs-1 vce-col--xs-last vce-col--xs-first vce-col--sm-last vce-col--sm-first vce-col--md-first vce-col--lg-first vce-col--xl-first\" id=\"el-626f5f2d\"><div class=\"vce-col-inner\" data-vce-do-apply=\"border margin background  el-626f5f2d\"><div class=\"vce-col-content\" data-vce-element-content=\"true\" data-vce-do-apply=\"padding el-626f5f2d\"><div class=\"vce-text-block\"><div class=\"vce-text-block-wrapper vce\" id=\"el-e87eca2e\" data-vce-do-apply=\"all el-e87eca2e\"><p><img loading=\"lazy\" decoding=\"async\" class=\"alignnone size-full wp-image-35\" src=\"https:\/\/www.reservit.com\/zeeptapo\/2021\/01\/picto1.png\" alt=\"\" width=\"98\" height=\"82\">&nbsp; &nbsp;Uma sele\u00e7\u00e3o dos modos de pagamento adequados \u00e0 sua atividade e clientes<\/p><\/div><\/div><\/div><\/div><\/div><div class=\"vce-col vce-col--md-auto vce-col--xs-1 vce-col--xs-last vce-col--xs-first vce-col--sm-last vce-col--sm-first vce-col--md-last vce-col--lg-last vce-col--xl-last\" id=\"el-1656ff19\"><div class=\"vce-col-inner\" data-vce-do-apply=\"border margin background  el-1656ff19\"><div class=\"vce-col-content\" data-vce-element-content=\"true\" data-vce-do-apply=\"padding el-1656ff19\"><div class=\"vce-text-block\"><div class=\"vce-text-block-wrapper vce\" id=\"el-86bdec29\" data-vce-do-apply=\"all el-86bdec29\"><p><img loading=\"lazy\" decoding=\"async\" class=\"alignnone size-full wp-image-30\" src=\"https:\/\/www.reservit.com\/zeeptapo\/2021\/01\/demo.png\" alt=\"\" width=\"87\" height=\"87\">&nbsp; &nbsp;Uma flexibilidade de cobran\u00e7as, reporte, reembolsos para satisfazer e fidelizar os seus clientes<\/p><\/div><\/div><\/div><\/div><\/div><\/div><\/div><\/div><div class=\"vce-row-container\" data-vce-boxed-width=\"true\"><div class=\"vce-row vce-row--col-gap-30 fancy-bloc vce-row-equal-height vce-row-content--top\" id=\"el-a3cfa53f\" data-vce-do-apply=\"all el-a3cfa53f\"><div class=\"vce-row-content\" data-vce-element-content=\"true\"><div class=\"vce-col vce-col--md-auto vce-col--xs-1 vce-col--xs-last vce-col--xs-first vce-col--sm-last vce-col--sm-first vce-col--md-first vce-col--lg-first vce-col--xl-first\" id=\"el-9de68652\"><div class=\"vce-col-inner\" data-vce-do-apply=\"border margin background  el-9de68652\"><div class=\"vce-col-content\" data-vce-element-content=\"true\" data-vce-do-apply=\"padding el-9de68652\"><div class=\"vce-text-block\"><div class=\"vce-text-block-wrapper vce\" id=\"el-e682ce2a\" data-vce-do-apply=\"all el-e682ce2a\"><p><img loading=\"lazy\" decoding=\"async\" class=\"alignnone size-full wp-image-37\" src=\"https:\/\/www.reservit.com\/zeeptapo\/2021\/01\/picto3.png\" alt=\"\" width=\"95\" height=\"82\">&nbsp; Para o seu cliente, un d\u00e9bito confort\u00e1vel no momento da reserva<\/p><\/div><\/div><\/div><\/div><\/div><div class=\"vce-col vce-col--md-auto vce-col--xs-1 vce-col--xs-last vce-col--xs-first vce-col--sm-last vce-col--sm-first vce-col--md-last vce-col--lg-last vce-col--xl-last\" id=\"el-18afd86a\"><div class=\"vce-col-inner\" data-vce-do-apply=\"border margin background  el-18afd86a\"><div class=\"vce-col-content\" data-vce-element-content=\"true\" data-vce-do-apply=\"padding el-18afd86a\"><div class=\"vce-text-block\"><div class=\"vce-text-block-wrapper vce\" id=\"el-e3425ff6\" data-vce-do-apply=\"all el-e3425ff6\"><p><img loading=\"lazy\" decoding=\"async\" class=\"alignnone size-full wp-image-36\" src=\"https:\/\/www.reservit.com\/zeeptapo\/2021\/01\/picto2.png\" alt=\"\" width=\"90\" height=\"63\">&nbsp; Possibilidade de fazer com que a totalida das tarifas sejam pagas previamente e debitadas automaticamente ao cliente<\/p><\/div><\/div><\/div><\/div><\/div><\/div><\/div><\/div><div class=\"vce-row-container\" data-vce-boxed-width=\"true\"><div class=\"vce-row vce-row--col-gap-30 vce-row-equal-height vce-row-content--top vcv-state--show-resizer\" id=\"el-14663c98\" data-vce-do-apply=\"all el-14663c98\"><div class=\"vce-content-background-container\"><\/div><div class=\"vce-row-content\" data-vce-element-content=\"true\"><div class=\"vce-col vce-col--md-auto vce-col--xs-1 vce-col--xs-last vce-col--xs-first vce-col--sm-last vce-col--sm-first vce-col--md-last vce-col--lg-last vce-col--xl-last vce-col--md-first vce-col--lg-first vce-col--xl-first\" id=\"el-2eb2ed62\"><div class=\"vce-col-inner\" data-vce-do-apply=\"border margin background  el-2eb2ed62\"><div class=\"vce-col-content\" data-vce-element-content=\"true\" data-vce-do-apply=\"padding el-2eb2ed62\"><div class=\"vce-text-block\"><div class=\"vce-text-block-wrapper vce\" id=\"el-f0545d5b\" data-vce-do-apply=\"all el-f0545d5b\"><h2 style=\"text-align: center;\">Projeta a sua atividade contra os incumprimentos de pagamento por meio do 3Dsecure<\/h2><p style=\"text-align: left;\">3DSecure \u00e9 um protocolo antifraude implementado pela Visa e MasterCard.<br>\u2022 Este protege contra a recusa das transa\u00e7\u00f5es<br>\u2022 Permite a autentica\u00e7\u00e3o do portador do cart\u00e3o por meio de seu banco no momento da aquisi\u00e7\u00e3o on-line.<br>\u2022 O protocolo 3DSecure est\u00e1 dispon\u00edvel em nossas solu\u00e7\u00f5es, basta efetuar um pedido de ativa\u00e7\u00e3o.<\/p><\/div><\/div><\/div><\/div><\/div><\/div><\/div><\/div><div class=\"vce-row-container\" data-vce-boxed-width=\"true\"><div class=\"vce-row vce-row--has-col-background vce-row--col-gap-70 vce-row-equal-height vce-row-content--top\" id=\"el-d246aba8\" data-vce-do-apply=\"all el-d246aba8\"><div class=\"vce-content-background-container\"><\/div><div class=\"vce-row-content\" data-vce-element-content=\"true\"><div class=\"vce-col vce-col--md-43-35p vce-col--xs-1 vce-col--xs-last vce-col--xs-first vce-col--sm-last vce-col--sm-first vce-col--md-first vce-col--lg-first vce-col--xl-first\" id=\"el-376874ee\"><div class=\"vce-col-inner\" data-vce-do-apply=\"border margin background  el-376874ee\"><div class=\"vce-col-content\" data-vce-element-content=\"true\" data-vce-do-apply=\"padding el-376874ee\"><div class=\"vce-text-block\"><div class=\"vce-text-block-wrapper vce\" id=\"el-f2adaf45\" data-vce-do-apply=\"all el-f2adaf45\"><h2 style=\"text-align: left;\">As suas vantagens<\/h2><ul><li>Ganhar tempo<\/li><li>Tesouraria refor\u00e7ada<\/li><li>Sem erros de digita\u00e7\u00e3o<\/li><li>Menos riscos de pagamento invalidado<\/li><li>Possibilidade de pagamentos parciais ou em quotas<\/li><li>Possibilidade de verificar a validade dos cart\u00f5es fornecidos<\/li><\/ul><\/div><\/div><\/div><\/div><\/div><div class=\"vce-col vce-element--has-background vce-col--md-56-65p vce-col--xs-1 vce-col--xs-last vce-col--xs-first vce-col--sm-last vce-col--sm-first vce-col--md-last vce-col--lg-last vce-col--xl-last\" id=\"el-fba5445d\"><div class=\"vce-col-inner\" data-vce-do-apply=\"border margin background  el-fba5445d\"><div class=\"vce-content-background-container\"><div class=\"vce-asset-background-simple-container vce-visible-all-only vce-asset-background-simple--style-cover vce-asset-background-simple--position-center-top\"><div class=\"vce-asset-background-simple\"><div class=\"vce-asset-background-simple-item\" style=\"background-image: url('https:\/\/www.reservit.com\/zeeptapo\/2021\/02\/rupixen-com-Q59HmzK38eQ-unsplash-scaled.jpg');\"><\/div><\/div><\/div><\/div><div class=\"vce-col-content\" data-vce-element-content=\"true\" data-vce-do-apply=\"padding el-fba5445d\"><\/div><\/div><\/div><\/div><\/div><\/div>\n","protected":false},"excerpt":{"rendered":"<p>Pagamento on-linePagamento on-line seguro por meio da 3Dsecure.Personalize a oferta no seu site oficial&nbsp; &nbsp;Uma sele\u00e7\u00e3o dos modos de pagamento adequados \u00e0 sua atividade e clientes&nbsp; &nbsp;Uma flexibilidade de cobran\u00e7as, reporte, reembolsos para satisfazer e fidelizar os seus clientes&nbsp; Para o seu cliente, un d\u00e9bito confort\u00e1vel no momento da reserva&nbsp; Possibilidade de fazer com que [&hellip;]<\/p>\n","protected":false},"author":5,"featured_media":11141,"parent":0,"menu_order":0,"comment_status":"closed","ping_status":"closed","template":"","meta":{"footnotes":""},"class_list":["post-2743","page","type-page","status-publish","has-post-thumbnail","hentry"],"yoast_head":"<!-- This site is optimized with the Yoast SEO plugin v24.1 - https:\/\/yoast.com\/wordpress\/plugins\/seo\/ -->\n<title>Alojamento | Pagamento On-line<\/title>\n<meta name=\"description\" content=\"Pagamento on-linePagamento on-line seguro por meio da 3Dsecure.Personalize a oferta no seu site oficial&nbsp; &nbsp;Uma sele\u00e7\u00e3o dos modos de pagamento\" \/>\n<meta name=\"robots\" content=\"index, follow, max-snippet:-1, max-image-preview:large, max-video-preview:-1\" \/>\n<link rel=\"canonical\" href=\"https:\/\/www.reservit.com\/pt-br\/alojamento-pagamento-on-line\/\" \/>\n<meta property=\"og:locale\" content=\"pt_BR\" \/>\n<meta property=\"og:type\" content=\"article\" \/>\n<meta property=\"og:title\" content=\"Alojamento | Pagamento On-line\" \/>\n<meta property=\"og:description\" content=\"Pagamento on-linePagamento on-line seguro por meio da 3Dsecure.Personalize a oferta no seu site oficial&nbsp; &nbsp;Uma sele\u00e7\u00e3o dos modos de pagamento\" \/>\n<meta property=\"og:url\" content=\"https:\/\/www.reservit.com\/pt-br\/alojamento-pagamento-on-line\/\" \/>\n<meta property=\"og:site_name\" content=\"Reservit\" \/>\n<meta property=\"article:modified_time\" content=\"2021-08-10T09:28:14+00:00\" \/>\n<meta property=\"og:image\" content=\"https:\/\/www.reservit.com\/zeeptapo\/2021\/01\/picto1.png\" \/>\n<meta name=\"twitter:card\" content=\"summary_large_image\" \/>\n<meta name=\"twitter:label1\" content=\"Est. tempo de leitura\" \/>\n\t<meta name=\"twitter:data1\" content=\"1 minuto\" \/>\n<script type=\"application\/ld+json\" class=\"yoast-schema-graph\">{\"@context\":\"https:\/\/schema.org\",\"@graph\":[{\"@type\":\"WebPage\",\"@id\":\"https:\/\/www.reservit.com\/pt-br\/alojamento-pagamento-on-line\/\",\"url\":\"https:\/\/www.reservit.com\/pt-br\/alojamento-pagamento-on-line\/\",\"name\":\"Alojamento | Pagamento On-line\",\"isPartOf\":{\"@id\":\"https:\/\/www.reservit.com\/pt-br\/#website\"},\"primaryImageOfPage\":{\"@id\":\"https:\/\/www.reservit.com\/pt-br\/alojamento-pagamento-on-line\/#primaryimage\"},\"image\":{\"@id\":\"https:\/\/www.reservit.com\/pt-br\/alojamento-pagamento-on-line\/#primaryimage\"},\"thumbnailUrl\":\"https:\/\/www.reservit.com\/zeeptapo\/2024\/08\/RIT-PMS-8.png\",\"datePublished\":\"2021-01-14T15:25:36+00:00\",\"dateModified\":\"2021-08-10T09:28:14+00:00\",\"description\":\"Pagamento on-linePagamento on-line seguro por meio da 3Dsecure.Personalize a oferta no seu site oficial&nbsp; &nbsp;Uma sele\u00e7\u00e3o dos modos de pagamento\",\"inLanguage\":\"pt-BR\",\"potentialAction\":[{\"@type\":\"ReadAction\",\"target\":[\"https:\/\/www.reservit.com\/pt-br\/alojamento-pagamento-on-line\/\"]}]},{\"@type\":\"ImageObject\",\"inLanguage\":\"pt-BR\",\"@id\":\"https:\/\/www.reservit.com\/pt-br\/alojamento-pagamento-on-line\/#primaryimage\",\"url\":\"https:\/\/www.reservit.com\/zeeptapo\/2024\/08\/RIT-PMS-8.png\",\"contentUrl\":\"https:\/\/www.reservit.com\/zeeptapo\/2024\/08\/RIT-PMS-8.png\",\"width\":800,\"height\":500},{\"@type\":\"WebSite\",\"@id\":\"https:\/\/www.reservit.com\/pt-br\/#website\",\"url\":\"https:\/\/www.reservit.com\/pt-br\/\",\"name\":\"Reservit\",\"description\":\"Un site utilisant WordPress\",\"potentialAction\":[{\"@type\":\"SearchAction\",\"target\":{\"@type\":\"EntryPoint\",\"urlTemplate\":\"https:\/\/www.reservit.com\/pt-br\/?s={search_term_string}\"},\"query-input\":{\"@type\":\"PropertyValueSpecification\",\"valueRequired\":true,\"valueName\":\"search_term_string\"}}],\"inLanguage\":\"pt-BR\"}]}<\/script>\n<!-- \/ Yoast SEO plugin. -->","yoast_head_json":{"title":"Alojamento | Pagamento On-line","description":"Pagamento on-linePagamento on-line seguro por meio da 3Dsecure.Personalize a oferta no seu site oficial&nbsp; &nbsp;Uma sele\u00e7\u00e3o dos modos de pagamento","robots":{"index":"index","follow":"follow","max-snippet":"max-snippet:-1","max-image-preview":"max-image-preview:large","max-video-preview":"max-video-preview:-1"},"canonical":"https:\/\/www.reservit.com\/pt-br\/alojamento-pagamento-on-line\/","og_locale":"pt_BR","og_type":"article","og_title":"Alojamento | Pagamento On-line","og_description":"Pagamento on-linePagamento on-line seguro por meio da 3Dsecure.Personalize a oferta no seu site oficial&nbsp; &nbsp;Uma sele\u00e7\u00e3o dos modos de pagamento","og_url":"https:\/\/www.reservit.com\/pt-br\/alojamento-pagamento-on-line\/","og_site_name":"Reservit","article_modified_time":"2021-08-10T09:28:14+00:00","og_image":[{"url":"https:\/\/www.reservit.com\/zeeptapo\/2021\/01\/picto1.png","type":"","width":"","height":""}],"twitter_card":"summary_large_image","twitter_misc":{"Est. tempo de leitura":"1 minuto"},"schema":{"@context":"https:\/\/schema.org","@graph":[{"@type":"WebPage","@id":"https:\/\/www.reservit.com\/pt-br\/alojamento-pagamento-on-line\/","url":"https:\/\/www.reservit.com\/pt-br\/alojamento-pagamento-on-line\/","name":"Alojamento | Pagamento On-line","isPartOf":{"@id":"https:\/\/www.reservit.com\/pt-br\/#website"},"primaryImageOfPage":{"@id":"https:\/\/www.reservit.com\/pt-br\/alojamento-pagamento-on-line\/#primaryimage"},"image":{"@id":"https:\/\/www.reservit.com\/pt-br\/alojamento-pagamento-on-line\/#primaryimage"},"thumbnailUrl":"https:\/\/www.reservit.com\/zeeptapo\/2024\/08\/RIT-PMS-8.png","datePublished":"2021-01-14T15:25:36+00:00","dateModified":"2021-08-10T09:28:14+00:00","description":"Pagamento on-linePagamento on-line seguro por meio da 3Dsecure.Personalize a oferta no seu site oficial&nbsp; &nbsp;Uma sele\u00e7\u00e3o dos modos de pagamento","inLanguage":"pt-BR","potentialAction":[{"@type":"ReadAction","target":["https:\/\/www.reservit.com\/pt-br\/alojamento-pagamento-on-line\/"]}]},{"@type":"ImageObject","inLanguage":"pt-BR","@id":"https:\/\/www.reservit.com\/pt-br\/alojamento-pagamento-on-line\/#primaryimage","url":"https:\/\/www.reservit.com\/zeeptapo\/2024\/08\/RIT-PMS-8.png","contentUrl":"https:\/\/www.reservit.com\/zeeptapo\/2024\/08\/RIT-PMS-8.png","width":800,"height":500},{"@type":"WebSite","@id":"https:\/\/www.reservit.com\/pt-br\/#website","url":"https:\/\/www.reservit.com\/pt-br\/","name":"Reservit","description":"Un site utilisant WordPress","potentialAction":[{"@type":"SearchAction","target":{"@type":"EntryPoint","urlTemplate":"https:\/\/www.reservit.com\/pt-br\/?s={search_term_string}"},"query-input":{"@type":"PropertyValueSpecification","valueRequired":true,"valueName":"search_term_string"}}],"inLanguage":"pt-BR"}]}},"_links":{"self":[{"href":"https:\/\/www.reservit.com\/pt-br\/wp-json\/wp\/v2\/pages\/2743","targetHints":{"allow":["GET"]}}],"collection":[{"href":"https:\/\/www.reservit.com\/pt-br\/wp-json\/wp\/v2\/pages"}],"about":[{"href":"https:\/\/www.reservit.com\/pt-br\/wp-json\/wp\/v2\/types\/page"}],"author":[{"embeddable":true,"href":"https:\/\/www.reservit.com\/pt-br\/wp-json\/wp\/v2\/users\/5"}],"replies":[{"embeddable":true,"href":"https:\/\/www.reservit.com\/pt-br\/wp-json\/wp\/v2\/comments?post=2743"}],"version-history":[{"count":0,"href":"https:\/\/www.reservit.com\/pt-br\/wp-json\/wp\/v2\/pages\/2743\/revisions"}],"wp:featuredmedia":[{"embeddable":true,"href":"https:\/\/www.reservit.com\/pt-br\/wp-json\/wp\/v2\/media\/11141"}],"wp:attachment":[{"href":"https:\/\/www.reservit.com\/pt-br\/wp-json\/wp\/v2\/media?parent=2743"}],"curies":[{"name":"wp","href":"https:\/\/api.w.org\/{rel}","templated":true}]}}