{"id":3086,"date":"2021-02-01T16:50:11","date_gmt":"2021-02-01T15:50:11","guid":{"rendered":"https:\/\/www.reservit.com\/nos-revendeurs\/"},"modified":"2021-08-10T12:22:40","modified_gmt":"2021-08-10T10:22:40","slug":"i-nostri-rivenditori","status":"publish","type":"page","link":"https:\/\/www.reservit.com\/it\/i-nostri-rivenditori\/","title":{"rendered":""},"content":{"rendered":"<div class=\"vce-row-container\" data-vce-boxed-width=\"true\"><div class=\"vce-row vce-element--has-background vce-row--col-gap-30 page-banner vce-row-content--top\" id=\"el-94b67783\" data-vce-do-apply=\"all el-94b67783\"><div class=\"vce-content-background-container\"><div class=\"vce-asset-background-simple-container vce-visible-all-only vce-asset-background-simple--style-cover vce-asset-background-simple--position-center-top\"><div class=\"vce-asset-background-simple\">\n              <div class=\"vce-asset-background-simple-item vcv-lozad\" data-background-image=\"https:\/\/www.reservit.com\/zeeptapo\/2021\/02\/Orange.png\"><\/div>\n              <noscript>\n                <div class=\"vce-asset-background-simple-item\" style=\"background-image: url(https:\/\/www.reservit.com\/zeeptapo\/2021\/02\/Orange.png)\"><\/div>\n              <\/noscript>\n            <\/div><\/div><\/div><div class=\"vce-row-content\" data-vce-element-content=\"true\"><div class=\"vce-col vce-col--md-auto vce-col--xs-1 vce-col--xs-last vce-col--xs-first vce-col--sm-last vce-col--sm-first vce-col--md-last vce-col--lg-last vce-col--xl-last vce-col--md-first vce-col--lg-first vce-col--xl-first\" id=\"el-d252c871\"><div class=\"vce-col-inner\" data-vce-do-apply=\"border margin background  el-d252c871\"><div class=\"vce-col-content\" data-vce-element-content=\"true\" data-vce-do-apply=\"padding el-d252c871\"><div class=\"vce-text-block banner-arrows\"><div class=\"vce-text-block-wrapper vce\" id=\"el-c450b284\" data-vce-do-apply=\"all el-c450b284\"><h1><span style=\"color: #000000;\">I nostri partner<\/span><\/h1><h3><span style=\"color: #000000;\">Rivenditori<\/span><\/h3><\/div><\/div><\/div><\/div><\/div><\/div><\/div><\/div><div class=\"vce-row-container\" data-vce-boxed-width=\"true\"><div class=\"vce-row vce-row--col-gap-30 vce-row-equal-height vce-row-content--top\" id=\"el-b4190e94\" data-vce-do-apply=\"all el-b4190e94\"><div class=\"vce-row-content\" data-vce-element-content=\"true\"><div class=\"vce-col vce-col--md-auto vce-col--xs-1 vce-col--xs-last vce-col--xs-first vce-col--sm-last vce-col--sm-first vce-col--md-first vce-col--lg-first vce-col--xl-first\" id=\"el-90be05e0\"><div class=\"vce-col-inner\" data-vce-do-apply=\"border margin background  el-90be05e0\"><div class=\"vce-content-background-container\"><\/div><div class=\"vce-col-content\" data-vce-element-content=\"true\" data-vce-do-apply=\"padding el-90be05e0\"><div class=\"vce-single-image-container vce-single-image--align-left\"><div class=\"vce vce-single-image-wrapper\" id=\"el-8b86cc4f\" data-vce-do-apply=\"all el-8b86cc4f\"><figure><div class=\"vce-single-image-inner vce-single-image--absolute\" style=\"padding-bottom: 70%; width: 400px;\"><img loading=\"lazy\" decoding=\"async\" class=\"vce-single-image vcv-lozad\" data-src=\"https:\/\/www.reservit.com\/zeeptapo\/2021\/02\/admin-ajax.png\" width=\"400\" height=\"280\" src=\"\" data-img-src=\"https:\/\/www.reservit.com\/zeeptapo\/2021\/02\/admin-ajax.png\" alt=\"\" title=\"admin-ajax\" \/><noscript>\n        <img loading=\"lazy\" decoding=\"async\" class=\"vce-single-image\" src=\"https:\/\/www.reservit.com\/zeeptapo\/2021\/02\/admin-ajax.png\" width=\"400\" height=\"280\" alt=\"\" title=\"admin-ajax\" \/>\n      <\/noscript><\/div><figcaption hidden=\"\"><\/figcaption><\/figure><\/div><\/div><div class=\"vce-text-block\"><div class=\"vce-text-block-wrapper vce\" id=\"el-bcc24724\" data-vce-do-apply=\"all el-bcc24724\"><h2 style=\"text-align: center;\">Softbooker au Canada<\/h2>\n<p>Softbooker ReservIT \u00e8 il distributore esclusivo in Canada, soluzione di gestione prenotazioni online di alberghi.<\/p><\/div><\/div><div class=\"vce-button--style-basic-container vce-button--style-basic-container--align-center\"><span class=\"vce-button--style-basic-wrapper vce\" id=\"el-590fbbd7\" data-vce-do-apply=\"margin el-590fbbd7\"><a class=\"vce-button--style-basic vce-button--style-basic--border-round vce-button--style-basic--size-medium vce-button--style-basic--color-empty--b-215-21-92\" href=\"https:\/\/www.reservit.com\/\" title=\"\" data-vce-do-apply=\"padding border background  el-590fbbd7\">Sito web<\/a><\/span><\/div><\/div><\/div><\/div><div class=\"vce-col vce-col--md-auto vce-col--xs-1 vce-col--xs-last vce-col--xs-first vce-col--sm-last vce-col--sm-first\" id=\"el-8ff9a848\"><div class=\"vce-col-inner\" data-vce-do-apply=\"border margin background  el-8ff9a848\"><div class=\"vce-content-background-container\"><\/div><div class=\"vce-col-content\" data-vce-element-content=\"true\" data-vce-do-apply=\"padding el-8ff9a848\"><div class=\"vce-single-image-container vce-single-image--align-left\"><div class=\"vce vce-single-image-wrapper\" id=\"el-d6be4b00\" data-vce-do-apply=\"all el-d6be4b00\"><figure><div class=\"vce-single-image-inner vce-single-image--absolute\" style=\"padding-bottom: 34.5%; width: 400px;\"><img loading=\"lazy\" decoding=\"async\" class=\"vce-single-image vcv-lozad\" data-src=\"https:\/\/www.reservit.com\/zeeptapo\/2021\/02\/admin-ajax-1.png\" width=\"400\" height=\"138\" src=\"\" data-img-src=\"https:\/\/www.reservit.com\/zeeptapo\/2021\/02\/admin-ajax-1.png\" alt=\"\" title=\"admin-ajax (1)\" \/><noscript>\n        <img loading=\"lazy\" decoding=\"async\" class=\"vce-single-image\" src=\"https:\/\/www.reservit.com\/zeeptapo\/2021\/02\/admin-ajax-1.png\" width=\"400\" height=\"138\" alt=\"\" title=\"admin-ajax (1)\" \/>\n      <\/noscript><\/div><figcaption hidden=\"\"><\/figcaption><\/figure><\/div><\/div><div class=\"vce-text-block\"><div class=\"vce-text-block-wrapper vce\" id=\"el-12de5e42\" data-vce-do-apply=\"all el-12de5e42\"><h2 style=\"text-align: center;\">Zadig au Br\u00e9sil<\/h2>\n<p>Zadig \u00e8 il distributore esclusivo di ReservIT Brasile.<\/p><\/div><\/div><div class=\"vce-button--style-basic-container vce-button--style-basic-container--align-center\"><span class=\"vce-button--style-basic-wrapper vce\" id=\"el-75ddc0f1\" data-vce-do-apply=\"margin el-75ddc0f1\"><a class=\"vce-button--style-basic vce-button--style-basic--border-round vce-button--style-basic--size-medium vce-button--style-basic--color-empty--b-215-21-92\" href=\"https:\/\/www.reservit.com.br\/\" title=\"\" data-vce-do-apply=\"padding border background  el-75ddc0f1\">Sito web<\/a><\/span><\/div><\/div><\/div><\/div><div class=\"vce-col vce-col--md-auto vce-col--xs-1 vce-col--xs-last vce-col--xs-first vce-col--sm-last vce-col--sm-first vce-col--md-last vce-col--lg-last vce-col--xl-last\" id=\"el-f6021a7c\"><div class=\"vce-col-inner\" data-vce-do-apply=\"border margin background  el-f6021a7c\"><div class=\"vce-content-background-container\"><\/div><div class=\"vce-col-content\" data-vce-element-content=\"true\" data-vce-do-apply=\"padding el-f6021a7c\"><div class=\"vce-single-image-container vce-single-image--align-center\"><div class=\"vce vce-single-image-wrapper\" id=\"el-728e9dd0\" data-vce-do-apply=\"all el-728e9dd0\"><figure><div class=\"vce-single-image-inner vce-single-image--absolute\" style=\"padding-bottom: 100%; width: 200px;\"><img loading=\"lazy\" decoding=\"async\" class=\"vce-single-image vcv-lozad\" data-src=\"https:\/\/www.reservit.com\/zeeptapo\/2021\/02\/SHCREAWEB.png\" width=\"200\" height=\"200\" src=\"\" data-img-src=\"https:\/\/www.reservit.com\/zeeptapo\/2021\/02\/SHCREAWEB.png\" alt=\"\" title=\"SHCR\u00c9AWEB\" \/><noscript>\n        <img loading=\"lazy\" decoding=\"async\" class=\"vce-single-image\" src=\"https:\/\/www.reservit.com\/zeeptapo\/2021\/02\/SHCREAWEB.png\" width=\"200\" height=\"200\" alt=\"\" title=\"SHCR\u00c9AWEB\" \/>\n      <\/noscript><\/div><figcaption hidden=\"\"><\/figcaption><\/figure><\/div><\/div><div class=\"vce-text-block\"><div class=\"vce-text-block-wrapper vce\" id=\"el-6bec0134\" data-vce-do-apply=\"all el-6bec0134\"><h2 style=\"text-align: center;\">Shcr\u00e9aweb au pacifique<\/h2>\n<p>SPO vuole un\u2019agenzia tutto in uno, che offre un servizio \u00e0 la carte sulla base di un\u2019esperienza senza pari in vari campi di attivit\u00e0.<\/p><\/div><\/div><div class=\"vce-button--style-basic-container vce-button--style-basic-container--align-center\"><span class=\"vce-button--style-basic-wrapper vce\" id=\"el-c1de36a0\" data-vce-do-apply=\"margin el-c1de36a0\"><a class=\"vce-button--style-basic vce-button--style-basic--border-round vce-button--style-basic--size-medium vce-button--style-basic--color-empty--b-215-21-92\" href=\"https:\/\/shcreaweb.nc\" title=\"\" data-vce-do-apply=\"padding border background  el-c1de36a0\">Sito web<\/a><\/span><\/div><\/div><\/div><\/div><\/div><\/div><\/div>\n","protected":false},"excerpt":{"rendered":"<p>I nostri partnerRivenditori Softbooker au Canada Softbooker ReservIT \u00e8 il distributore esclusivo in Canada, soluzione di gestione prenotazioni online di alberghi.Sito web Zadig au Br\u00e9sil Zadig \u00e8 il distributore esclusivo di ReservIT Brasile.Sito web Shcr\u00e9aweb au pacifique SPO vuole un\u2019agenzia tutto in uno, che offre un servizio \u00e0 la carte sulla base di un\u2019esperienza senza [&hellip;]<\/p>\n","protected":false},"author":2,"featured_media":0,"parent":0,"menu_order":0,"comment_status":"closed","ping_status":"closed","template":"","meta":{"footnotes":""},"class_list":["post-3086","page","type-page","status-publish","hentry"],"yoast_head":"<!-- This site is optimized with the Yoast SEO plugin v24.1 - https:\/\/yoast.com\/wordpress\/plugins\/seo\/ -->\n<title>I nostri rivenditori<\/title>\n<meta name=\"description\" content=\"I nostri partnerRivenditori Softbooker au Canada Softbooker ReservIT \u00e8 il distributore esclusivo in Canada, soluzione di gestione prenotazioni online di\" \/>\n<meta name=\"robots\" content=\"index, follow, max-snippet:-1, max-image-preview:large, max-video-preview:-1\" \/>\n<link rel=\"canonical\" href=\"https:\/\/www.reservit.com\/it\/i-nostri-rivenditori\/\" \/>\n<meta property=\"og:locale\" content=\"it_IT\" \/>\n<meta property=\"og:type\" content=\"article\" \/>\n<meta property=\"og:title\" content=\"I nostri rivenditori\" \/>\n<meta property=\"og:description\" content=\"I nostri partnerRivenditori Softbooker au Canada Softbooker ReservIT \u00e8 il distributore esclusivo in Canada, soluzione di gestione prenotazioni online di\" \/>\n<meta property=\"og:url\" content=\"https:\/\/www.reservit.com\/it\/i-nostri-rivenditori\/\" \/>\n<meta property=\"og:site_name\" content=\"Reservit\" \/>\n<meta property=\"article:modified_time\" content=\"2021-08-10T10:22:40+00:00\" \/>\n<meta property=\"og:image\" content=\"https:\/\/www.reservit.com\/zeeptapo\/2021\/02\/admin-ajax.png\" \/>\n<meta name=\"twitter:card\" content=\"summary_large_image\" \/>\n<script type=\"application\/ld+json\" class=\"yoast-schema-graph\">{\"@context\":\"https:\/\/schema.org\",\"@graph\":[{\"@type\":\"WebPage\",\"@id\":\"https:\/\/www.reservit.com\/it\/i-nostri-rivenditori\/\",\"url\":\"https:\/\/www.reservit.com\/it\/i-nostri-rivenditori\/\",\"name\":\"I nostri rivenditori\",\"isPartOf\":{\"@id\":\"https:\/\/www.reservit.com\/it\/#website\"},\"primaryImageOfPage\":{\"@id\":\"https:\/\/www.reservit.com\/it\/i-nostri-rivenditori\/#primaryimage\"},\"image\":{\"@id\":\"https:\/\/www.reservit.com\/it\/i-nostri-rivenditori\/#primaryimage\"},\"thumbnailUrl\":\"https:\/\/www.reservit.com\/zeeptapo\/2021\/02\/admin-ajax.png\",\"datePublished\":\"2021-02-01T15:50:11+00:00\",\"dateModified\":\"2021-08-10T10:22:40+00:00\",\"description\":\"I nostri partnerRivenditori Softbooker au Canada Softbooker ReservIT \u00e8 il distributore esclusivo in Canada, soluzione di gestione prenotazioni online di\",\"inLanguage\":\"it-IT\",\"potentialAction\":[{\"@type\":\"ReadAction\",\"target\":[\"https:\/\/www.reservit.com\/it\/i-nostri-rivenditori\/\"]}]},{\"@type\":\"ImageObject\",\"inLanguage\":\"it-IT\",\"@id\":\"https:\/\/www.reservit.com\/it\/i-nostri-rivenditori\/#primaryimage\",\"url\":\"https:\/\/www.reservit.com\/zeeptapo\/2021\/02\/admin-ajax.png\",\"contentUrl\":\"https:\/\/www.reservit.com\/zeeptapo\/2021\/02\/admin-ajax.png\"},{\"@type\":\"WebSite\",\"@id\":\"https:\/\/www.reservit.com\/it\/#website\",\"url\":\"https:\/\/www.reservit.com\/it\/\",\"name\":\"Reservit\",\"description\":\"Un site utilisant WordPress\",\"potentialAction\":[{\"@type\":\"SearchAction\",\"target\":{\"@type\":\"EntryPoint\",\"urlTemplate\":\"https:\/\/www.reservit.com\/it\/?s={search_term_string}\"},\"query-input\":{\"@type\":\"PropertyValueSpecification\",\"valueRequired\":true,\"valueName\":\"search_term_string\"}}],\"inLanguage\":\"it-IT\"}]}<\/script>\n<!-- \/ Yoast SEO plugin. -->","yoast_head_json":{"title":"I nostri rivenditori","description":"I nostri partnerRivenditori Softbooker au Canada Softbooker ReservIT \u00e8 il distributore esclusivo in Canada, soluzione di gestione prenotazioni online di","robots":{"index":"index","follow":"follow","max-snippet":"max-snippet:-1","max-image-preview":"max-image-preview:large","max-video-preview":"max-video-preview:-1"},"canonical":"https:\/\/www.reservit.com\/it\/i-nostri-rivenditori\/","og_locale":"it_IT","og_type":"article","og_title":"I nostri rivenditori","og_description":"I nostri partnerRivenditori Softbooker au Canada Softbooker ReservIT \u00e8 il distributore esclusivo in Canada, soluzione di gestione prenotazioni online di","og_url":"https:\/\/www.reservit.com\/it\/i-nostri-rivenditori\/","og_site_name":"Reservit","article_modified_time":"2021-08-10T10:22:40+00:00","og_image":[{"url":"https:\/\/www.reservit.com\/zeeptapo\/2021\/02\/admin-ajax.png","type":"","width":"","height":""}],"twitter_card":"summary_large_image","schema":{"@context":"https:\/\/schema.org","@graph":[{"@type":"WebPage","@id":"https:\/\/www.reservit.com\/it\/i-nostri-rivenditori\/","url":"https:\/\/www.reservit.com\/it\/i-nostri-rivenditori\/","name":"I nostri rivenditori","isPartOf":{"@id":"https:\/\/www.reservit.com\/it\/#website"},"primaryImageOfPage":{"@id":"https:\/\/www.reservit.com\/it\/i-nostri-rivenditori\/#primaryimage"},"image":{"@id":"https:\/\/www.reservit.com\/it\/i-nostri-rivenditori\/#primaryimage"},"thumbnailUrl":"https:\/\/www.reservit.com\/zeeptapo\/2021\/02\/admin-ajax.png","datePublished":"2021-02-01T15:50:11+00:00","dateModified":"2021-08-10T10:22:40+00:00","description":"I nostri partnerRivenditori Softbooker au Canada Softbooker ReservIT \u00e8 il distributore esclusivo in Canada, soluzione di gestione prenotazioni online di","inLanguage":"it-IT","potentialAction":[{"@type":"ReadAction","target":["https:\/\/www.reservit.com\/it\/i-nostri-rivenditori\/"]}]},{"@type":"ImageObject","inLanguage":"it-IT","@id":"https:\/\/www.reservit.com\/it\/i-nostri-rivenditori\/#primaryimage","url":"https:\/\/www.reservit.com\/zeeptapo\/2021\/02\/admin-ajax.png","contentUrl":"https:\/\/www.reservit.com\/zeeptapo\/2021\/02\/admin-ajax.png"},{"@type":"WebSite","@id":"https:\/\/www.reservit.com\/it\/#website","url":"https:\/\/www.reservit.com\/it\/","name":"Reservit","description":"Un site utilisant WordPress","potentialAction":[{"@type":"SearchAction","target":{"@type":"EntryPoint","urlTemplate":"https:\/\/www.reservit.com\/it\/?s={search_term_string}"},"query-input":{"@type":"PropertyValueSpecification","valueRequired":true,"valueName":"search_term_string"}}],"inLanguage":"it-IT"}]}},"_links":{"self":[{"href":"https:\/\/www.reservit.com\/it\/wp-json\/wp\/v2\/pages\/3086","targetHints":{"allow":["GET"]}}],"collection":[{"href":"https:\/\/www.reservit.com\/it\/wp-json\/wp\/v2\/pages"}],"about":[{"href":"https:\/\/www.reservit.com\/it\/wp-json\/wp\/v2\/types\/page"}],"author":[{"embeddable":true,"href":"https:\/\/www.reservit.com\/it\/wp-json\/wp\/v2\/users\/2"}],"replies":[{"embeddable":true,"href":"https:\/\/www.reservit.com\/it\/wp-json\/wp\/v2\/comments?post=3086"}],"version-history":[{"count":0,"href":"https:\/\/www.reservit.com\/it\/wp-json\/wp\/v2\/pages\/3086\/revisions"}],"wp:attachment":[{"href":"https:\/\/www.reservit.com\/it\/wp-json\/wp\/v2\/media?parent=3086"}],"curies":[{"name":"wp","href":"https:\/\/api.w.org\/{rel}","templated":true}]}}