{"id":2797,"date":"2021-01-15T15:58:32","date_gmt":"2021-01-15T14:58:32","guid":{"rendered":"https:\/\/www.reservit.com\/spa-paiement-en-ligne\/"},"modified":"2021-08-10T14:48:07","modified_gmt":"2021-08-10T12:48:07","slug":"spa-pago-en-linea","status":"publish","type":"page","link":"https:\/\/www.reservit.com\/es\/spa-pago-en-linea\/","title":{"rendered":""},"content":{"rendered":"<div class=\"vce-row-container\" data-vce-boxed-width=\"true\"><div class=\"vce-row vce-element--has-background vce-row--col-gap-30 page-banner vce-row-content--top\" id=\"el-94b67783\" data-vce-do-apply=\"all el-94b67783\"><div class=\"vce-content-background-container\"><div class=\"vce-asset-background-simple-container vce-visible-all-only vce-asset-background-simple--style-cover vce-asset-background-simple--position-center-center\"><div class=\"vce-asset-background-simple\">\n              <div class=\"vce-asset-background-simple-item vcv-lozad\" data-background-image=\"https:\/\/www.reservit.com\/zeeptapo\/2021\/01\/paybox_paiement-1030x687-2.jpg\"><\/div>\n              <noscript>\n                <div class=\"vce-asset-background-simple-item\" style=\"background-image: url(https:\/\/www.reservit.com\/zeeptapo\/2021\/01\/paybox_paiement-1030x687-2.jpg)\"><\/div>\n              <\/noscript>\n            <\/div><\/div><\/div><div class=\"vce-row-content\" data-vce-element-content=\"true\"><div class=\"vce-col vce-col--md-auto vce-col--xs-1 vce-col--xs-last vce-col--xs-first vce-col--sm-last vce-col--sm-first vce-col--md-last vce-col--lg-last vce-col--xl-last vce-col--md-first vce-col--lg-first vce-col--xl-first\" id=\"el-d252c871\"><div class=\"vce-col-inner\" data-vce-do-apply=\"border margin background  el-d252c871\"><div class=\"vce-col-content\" data-vce-element-content=\"true\" data-vce-do-apply=\"padding el-d252c871\"><div class=\"vce-text-block banner-arrows\"><div class=\"vce-text-block-wrapper vce\" id=\"el-c450b284\" data-vce-do-apply=\"all el-c450b284\"><h1>Pago en l\u00ednea<\/h1><p>Ya no gestionar\u00e1 las transacciones cara a cara y ganara tiempo cuando llegue el cliente<\/p><\/div><\/div><\/div><\/div><\/div><\/div><\/div><\/div><div class=\"vce-row-container\" data-vce-boxed-width=\"true\"><div class=\"vce-row vce-row--has-col-background vce-row--col-gap-70 vce-row-equal-height vce-row-content--top\" id=\"el-dd8b2c8e\" data-vce-do-apply=\"all el-dd8b2c8e\"><div class=\"vce-content-background-container\"><\/div><div class=\"vce-row-content\" data-vce-element-content=\"true\"><div class=\"vce-col vce-element--has-background vce-col--md-56-73p vce-col--xs-1 vce-col--xs-last vce-col--xs-first vce-col--sm-last vce-col--sm-first vce-col--md-first vce-col--lg-first vce-col--xl-first\" id=\"el-309d95f4\"><div class=\"vce-col-inner\" data-vce-do-apply=\"border margin background  el-309d95f4\"><div class=\"vce-content-background-container\"><div class=\"vce-asset-background-simple-container vce-visible-all-only vce-asset-background-simple--style-cover vce-asset-background-simple--position-center-top\"><div class=\"vce-asset-background-simple\">\n              <div class=\"vce-asset-background-simple-item vcv-lozad\" data-background-image=\"https:\/\/www.reservit.com\/zeeptapo\/2021\/02\/bruce-mars-FWVMhUa_wbY-unsplash-scaled.jpg\"><\/div>\n              <noscript>\n                <div class=\"vce-asset-background-simple-item\" style=\"background-image: url(https:\/\/www.reservit.com\/zeeptapo\/2021\/02\/bruce-mars-FWVMhUa_wbY-unsplash-scaled.jpg)\"><\/div>\n              <\/noscript>\n            <\/div><\/div><\/div><div class=\"vce-col-content\" data-vce-element-content=\"true\" data-vce-do-apply=\"padding el-309d95f4\"><\/div><\/div><\/div><div class=\"vce-col vce-col--md-43-25p vce-col--xs-1 vce-col--xs-last vce-col--xs-first vce-col--sm-last vce-col--sm-first vce-col--md-last vce-col--lg-last vce-col--xl-last\" id=\"el-b151a1a8\"><div class=\"vce-col-inner\" data-vce-do-apply=\"border margin background  el-b151a1a8\"><div class=\"vce-col-content\" data-vce-element-content=\"true\" data-vce-do-apply=\"padding el-b151a1a8\"><div class=\"vce-text-block\"><div class=\"vce-text-block-wrapper vce\" id=\"el-bcc24724\" data-vce-do-apply=\"all el-bcc24724\"><h2 style=\"text-align: center;\">Pago v\u00eda Stripe<\/h2><p>El m\u00e9todo de pago es un atractivo a\u00f1adido para sus clientes actuales y potenciales. Ofrezca m\u00e9todos de pago tras reservar la actividad.<\/p><p>Una vez reservada la actividad, se dirige al usuario a las p\u00e1ginas de pago seguro PCI de nuestro asociado Stripe<br>Adem\u00e1s de las tarjetas de cr\u00e9dito (Visa y Mastercard), Paybox dispone de autorizaciones y certificados de emisores privados, compradores y centros de tratamiento.<\/p><p>Sus ventajas :<\/p><ul><li>Ahorro de tiempo<\/li><li>Tesorer\u00eda reforzada<\/li><li>Sin errores en la introducci\u00f3n de datos<\/li><li>Menor riesgo de pagos invalidados<\/li><li>Posibilidad de pagos parciales o repartidos<\/li><li>Posibilidad de comprobar la validez de las tarjetas proporcionadas<\/li><\/ul><\/div><\/div><\/div><\/div><\/div><\/div><\/div><\/div>\n","protected":false},"excerpt":{"rendered":"<p>Pago en l\u00edneaYa no gestionar\u00e1 las transacciones cara a cara y ganara tiempo cuando llegue el cliente Pago v\u00eda StripeEl m\u00e9todo de pago es un atractivo a\u00f1adido para sus clientes actuales y potenciales. Ofrezca m\u00e9todos de pago tras reservar la actividad.Una vez reservada la actividad, se dirige al usuario a las p\u00e1ginas de pago seguro [&hellip;]<\/p>\n","protected":false},"author":3,"featured_media":0,"parent":0,"menu_order":0,"comment_status":"closed","ping_status":"closed","template":"","meta":{"footnotes":""},"class_list":["post-2797","page","type-page","status-publish","hentry"],"yoast_head":"<!-- This site is optimized with the Yoast SEO plugin v24.1 - https:\/\/yoast.com\/wordpress\/plugins\/seo\/ -->\n<title>Spa | Pago en l\u00ednea<\/title>\n<meta name=\"description\" content=\"Pago en l\u00edneaYa no gestionar\u00e1 las transacciones cara a cara y ganara tiempo cuando llegue el cliente Pago v\u00eda StripeEl m\u00e9todo de pago es un atractivo\" \/>\n<meta name=\"robots\" content=\"index, follow, max-snippet:-1, max-image-preview:large, max-video-preview:-1\" \/>\n<link rel=\"canonical\" href=\"https:\/\/www.reservit.com\/es\/spa-pago-en-linea\/\" \/>\n<meta property=\"og:locale\" content=\"es_ES\" \/>\n<meta property=\"og:type\" content=\"article\" \/>\n<meta property=\"og:title\" content=\"Spa | Pago en l\u00ednea\" \/>\n<meta property=\"og:description\" content=\"Pago en l\u00edneaYa no gestionar\u00e1 las transacciones cara a cara y ganara tiempo cuando llegue el cliente Pago v\u00eda StripeEl m\u00e9todo de pago es un atractivo\" \/>\n<meta property=\"og:url\" content=\"https:\/\/www.reservit.com\/es\/spa-pago-en-linea\/\" \/>\n<meta property=\"og:site_name\" content=\"Reservit\" \/>\n<meta property=\"article:modified_time\" content=\"2021-08-10T12:48:07+00:00\" \/>\n<meta name=\"twitter:card\" content=\"summary_large_image\" \/>\n<meta name=\"twitter:label1\" content=\"Tiempo de lectura\" \/>\n\t<meta name=\"twitter:data1\" content=\"1 minuto\" \/>\n<script type=\"application\/ld+json\" class=\"yoast-schema-graph\">{\"@context\":\"https:\/\/schema.org\",\"@graph\":[{\"@type\":\"WebPage\",\"@id\":\"https:\/\/www.reservit.com\/es\/spa-pago-en-linea\/\",\"url\":\"https:\/\/www.reservit.com\/es\/spa-pago-en-linea\/\",\"name\":\"Spa | Pago en l\u00ednea\",\"isPartOf\":{\"@id\":\"https:\/\/www.reservit.com\/es\/#website\"},\"datePublished\":\"2021-01-15T14:58:32+00:00\",\"dateModified\":\"2021-08-10T12:48:07+00:00\",\"description\":\"Pago en l\u00edneaYa no gestionar\u00e1 las transacciones cara a cara y ganara tiempo cuando llegue el cliente Pago v\u00eda StripeEl m\u00e9todo de pago es un atractivo\",\"inLanguage\":\"es\",\"potentialAction\":[{\"@type\":\"ReadAction\",\"target\":[\"https:\/\/www.reservit.com\/es\/spa-pago-en-linea\/\"]}]},{\"@type\":\"WebSite\",\"@id\":\"https:\/\/www.reservit.com\/es\/#website\",\"url\":\"https:\/\/www.reservit.com\/es\/\",\"name\":\"Reservit\",\"description\":\"Un site utilisant WordPress\",\"potentialAction\":[{\"@type\":\"SearchAction\",\"target\":{\"@type\":\"EntryPoint\",\"urlTemplate\":\"https:\/\/www.reservit.com\/es\/?s={search_term_string}\"},\"query-input\":{\"@type\":\"PropertyValueSpecification\",\"valueRequired\":true,\"valueName\":\"search_term_string\"}}],\"inLanguage\":\"es\"}]}<\/script>\n<!-- \/ Yoast SEO plugin. -->","yoast_head_json":{"title":"Spa | Pago en l\u00ednea","description":"Pago en l\u00edneaYa no gestionar\u00e1 las transacciones cara a cara y ganara tiempo cuando llegue el cliente Pago v\u00eda StripeEl m\u00e9todo de pago es un atractivo","robots":{"index":"index","follow":"follow","max-snippet":"max-snippet:-1","max-image-preview":"max-image-preview:large","max-video-preview":"max-video-preview:-1"},"canonical":"https:\/\/www.reservit.com\/es\/spa-pago-en-linea\/","og_locale":"es_ES","og_type":"article","og_title":"Spa | Pago en l\u00ednea","og_description":"Pago en l\u00edneaYa no gestionar\u00e1 las transacciones cara a cara y ganara tiempo cuando llegue el cliente Pago v\u00eda StripeEl m\u00e9todo de pago es un atractivo","og_url":"https:\/\/www.reservit.com\/es\/spa-pago-en-linea\/","og_site_name":"Reservit","article_modified_time":"2021-08-10T12:48:07+00:00","twitter_card":"summary_large_image","twitter_misc":{"Tiempo de lectura":"1 minuto"},"schema":{"@context":"https:\/\/schema.org","@graph":[{"@type":"WebPage","@id":"https:\/\/www.reservit.com\/es\/spa-pago-en-linea\/","url":"https:\/\/www.reservit.com\/es\/spa-pago-en-linea\/","name":"Spa | Pago en l\u00ednea","isPartOf":{"@id":"https:\/\/www.reservit.com\/es\/#website"},"datePublished":"2021-01-15T14:58:32+00:00","dateModified":"2021-08-10T12:48:07+00:00","description":"Pago en l\u00edneaYa no gestionar\u00e1 las transacciones cara a cara y ganara tiempo cuando llegue el cliente Pago v\u00eda StripeEl m\u00e9todo de pago es un atractivo","inLanguage":"es","potentialAction":[{"@type":"ReadAction","target":["https:\/\/www.reservit.com\/es\/spa-pago-en-linea\/"]}]},{"@type":"WebSite","@id":"https:\/\/www.reservit.com\/es\/#website","url":"https:\/\/www.reservit.com\/es\/","name":"Reservit","description":"Un site utilisant WordPress","potentialAction":[{"@type":"SearchAction","target":{"@type":"EntryPoint","urlTemplate":"https:\/\/www.reservit.com\/es\/?s={search_term_string}"},"query-input":{"@type":"PropertyValueSpecification","valueRequired":true,"valueName":"search_term_string"}}],"inLanguage":"es"}]}},"_links":{"self":[{"href":"https:\/\/www.reservit.com\/es\/wp-json\/wp\/v2\/pages\/2797","targetHints":{"allow":["GET"]}}],"collection":[{"href":"https:\/\/www.reservit.com\/es\/wp-json\/wp\/v2\/pages"}],"about":[{"href":"https:\/\/www.reservit.com\/es\/wp-json\/wp\/v2\/types\/page"}],"author":[{"embeddable":true,"href":"https:\/\/www.reservit.com\/es\/wp-json\/wp\/v2\/users\/3"}],"replies":[{"embeddable":true,"href":"https:\/\/www.reservit.com\/es\/wp-json\/wp\/v2\/comments?post=2797"}],"version-history":[{"count":0,"href":"https:\/\/www.reservit.com\/es\/wp-json\/wp\/v2\/pages\/2797\/revisions"}],"wp:attachment":[{"href":"https:\/\/www.reservit.com\/es\/wp-json\/wp\/v2\/media?parent=2797"}],"curies":[{"name":"wp","href":"https:\/\/api.w.org\/{rel}","templated":true}]}}