{"id":2792,"date":"2021-01-14T15:53:36","date_gmt":"2021-01-14T14:53:36","guid":{"rendered":"https:\/\/www.reservit.com\/moteur-de-reservation-activites\/"},"modified":"2021-08-10T14:44:10","modified_gmt":"2021-08-10T12:44:10","slug":"actividades-motor-de-reservas","status":"publish","type":"page","link":"https:\/\/www.reservit.com\/es\/actividades-motor-de-reservas\/","title":{"rendered":""},"content":{"rendered":"<div class=\"vce-row-container\" data-vce-boxed-width=\"true\"><div class=\"vce-row vce-element--has-background vce-row--col-gap-30 page-banner vce-row-content--top\" id=\"el-94b67783\" data-vce-do-apply=\"all el-94b67783\"><div class=\"vce-content-background-container\"><div class=\"vce-asset-background-simple-container vce-visible-all-only vce-asset-background-simple--style-cover vce-asset-background-simple--position-center-bottom\"><div class=\"vce-asset-background-simple\">\n              <div class=\"vce-asset-background-simple-item vcv-lozad\" data-background-image=\"https:\/\/www.reservit.com\/zeeptapo\/2021\/02\/mark-sivewright-xMjQYjGGJgk-unsplash-scaled.jpg\"><\/div>\n              <noscript>\n                <div class=\"vce-asset-background-simple-item\" style=\"background-image: url(https:\/\/www.reservit.com\/zeeptapo\/2021\/02\/mark-sivewright-xMjQYjGGJgk-unsplash-scaled.jpg)\"><\/div>\n              <\/noscript>\n            <\/div><\/div><\/div><div class=\"vce-row-content\" data-vce-element-content=\"true\"><div class=\"vce-col vce-col--md-auto vce-col--xs-1 vce-col--xs-last vce-col--xs-first vce-col--sm-last vce-col--sm-first vce-col--md-last vce-col--lg-last vce-col--xl-last vce-col--md-first vce-col--lg-first vce-col--xl-first\" id=\"el-d252c871\"><div class=\"vce-col-inner\" data-vce-do-apply=\"border margin background  el-d252c871\"><div class=\"vce-col-content\" data-vce-element-content=\"true\" data-vce-do-apply=\"padding el-d252c871\"><div class=\"vce-text-block banner-arrows\"><div class=\"vce-text-block-wrapper vce\" id=\"el-c450b284\" data-vce-do-apply=\"all el-c450b284\"><h1>Motor de reservas<\/h1><p>Reservar en l\u00ednea su actividad por franjas horarias<\/p><\/div><\/div><\/div><\/div><\/div><\/div><\/div><\/div><div class=\"vce-row-container\" data-vce-boxed-width=\"true\"><div class=\"vce-row vce-row--col-gap-70 vce-row-equal-height vce-row-content--top\" id=\"el-dd8b2c8e\" data-vce-do-apply=\"all el-dd8b2c8e\"><div class=\"vce-content-background-container\"><\/div><div class=\"vce-row-content\" data-vce-element-content=\"true\"><div class=\"vce-col vce-col--md-56-73p vce-col--xs-1 vce-col--xs-last vce-col--xs-first vce-col--sm-last vce-col--sm-first vce-col--md-first vce-col--lg-first vce-col--xl-first\" id=\"el-309d95f4\"><div class=\"vce-col-inner\" data-vce-do-apply=\"border margin background  el-309d95f4\"><div class=\"vce-col-content\" data-vce-element-content=\"true\" data-vce-do-apply=\"padding el-309d95f4\"><div class=\"vce-single-image-container vce-single-image--align-center\"><div class=\"vce vce-single-image-wrapper\" id=\"el-728e9dd0\" data-vce-do-apply=\"all el-728e9dd0\"><figure><div class=\"vce-single-image-inner vce-single-image--absolute\" style=\"padding-bottom: 100%; width: 500px;\"><img loading=\"lazy\" decoding=\"async\" class=\"vce-single-image vcv-lozad\" data-src=\"https:\/\/www.reservit.com\/zeeptapo\/2021\/02\/Sans-titre-5.jpg\" width=\"500\" height=\"500\" src=\"\" data-img-src=\"https:\/\/www.reservit.com\/zeeptapo\/2021\/02\/Sans-titre-5.jpg\" alt=\"\" title=\"Sans titre (5)\" \/><noscript>\n        <img loading=\"lazy\" decoding=\"async\" class=\"vce-single-image\" src=\"https:\/\/www.reservit.com\/zeeptapo\/2021\/02\/Sans-titre-5.jpg\" width=\"500\" height=\"500\" alt=\"\" title=\"Sans titre (5)\" \/>\n      <\/noscript><\/div><figcaption hidden=\"\"><\/figcaption><\/figure><\/div><\/div><\/div><\/div><\/div><div class=\"vce-col vce-col--md-43-25p vce-col--xs-1 vce-col--xs-last vce-col--xs-first vce-col--sm-last vce-col--sm-first vce-col--md-last vce-col--lg-last vce-col--xl-last\" id=\"el-b151a1a8\"><div class=\"vce-col-inner\" data-vce-do-apply=\"border margin background  el-b151a1a8\"><div class=\"vce-col-content\" data-vce-element-content=\"true\" data-vce-do-apply=\"padding el-b151a1a8\"><div class=\"vce-text-block\"><div class=\"vce-text-block-wrapper vce\" id=\"el-bcc24724\" data-vce-do-apply=\"all el-bcc24724\"><h2 style=\"text-align: center;\">&nbsp;<\/h2><h2 style=\"text-align: center;\">Reservar por nicho<\/h2><p>Los internautas pueden reservar y pagar directamente en su sitio web. Ahorre tiempo de gesti\u00f3n gracias al motor de reservas Reservit Actividades:<\/p><p>\u2022 + disponibilidad en la recepci\u00f3n y l\u00ednea telef\u00f3nica libre<br>\u2022 Actualizaci\u00f3n de su planificaci\u00f3n en tiempo real<br>\u2022 Fondos disponibles gracias al pago anticipado (se\u00f1al)<br>\u2022 Mejor previsi\u00f3n de la ocupaci\u00f3n con el m\u00e9todo prepago\/Lista de espera autom\u00e1tica para optimizar el porcentaje de ocupaci\u00f3n<\/p><\/div><\/div><\/div><\/div><\/div><\/div><\/div><\/div><div class=\"vce-row-container\" data-vce-boxed-width=\"true\"><div class=\"vce-row vce-row--has-col-background vce-row--col-gap-70 vce-row-equal-height vce-row-content--top\" id=\"el-d246aba8\" data-vce-do-apply=\"all el-d246aba8\"><div class=\"vce-content-background-container\"><\/div><div class=\"vce-row-content\" data-vce-element-content=\"true\"><div class=\"vce-col vce-col--md-46-16p vce-col--xs-1 vce-col--xs-last vce-col--xs-first vce-col--sm-last vce-col--sm-first vce-col--md-first vce-col--lg-first vce-col--xl-first\" id=\"el-376874ee\"><div class=\"vce-col-inner\" data-vce-do-apply=\"border margin background  el-376874ee\"><div class=\"vce-col-content\" data-vce-element-content=\"true\" data-vce-do-apply=\"padding el-376874ee\"><div class=\"vce-text-block\"><div class=\"vce-text-block-wrapper vce\" id=\"el-f2adaf45\" data-vce-do-apply=\"all el-f2adaf45\"><h2 style=\"text-align: center;\">Funcionalidades<\/h2><p>Sistema de reservas para todas las estructuras de deporte, ocio, etc. Permite gestionar:<\/p><p>\u2022 las plazas<br>\u2022 las tarifas<br>\u2022 las reservas<br>\u2022 la base de datos de los clientes<br>\u2022 las estad\u00edsticas<br>\u2022 la comunicaci\u00f3n externa<\/p><\/div><\/div><\/div><\/div><\/div><div class=\"vce-col vce-element--has-background vce-col--md-53-83p vce-col--xs-1 vce-col--xs-last vce-col--xs-first vce-col--sm-last vce-col--sm-first vce-col--md-last vce-col--lg-last vce-col--xl-last\" id=\"el-fba5445d\"><div class=\"vce-col-inner\" data-vce-do-apply=\"border margin background  el-fba5445d\"><div class=\"vce-content-background-container\"><div class=\"vce-asset-background-simple-container vce-visible-all-only vce-asset-background-simple--style-cover vce-asset-background-simple--position-center-top\"><div class=\"vce-asset-background-simple\">\n              <div class=\"vce-asset-background-simple-item vcv-lozad\" data-background-image=\"https:\/\/www.reservit.com\/zeeptapo\/2021\/01\/cours_de_sport-1030x687-2.jpg\"><\/div>\n              <noscript>\n                <div class=\"vce-asset-background-simple-item\" style=\"background-image: url(https:\/\/www.reservit.com\/zeeptapo\/2021\/01\/cours_de_sport-1030x687-2.jpg)\"><\/div>\n              <\/noscript>\n            <\/div><\/div><\/div><div class=\"vce-col-content\" data-vce-element-content=\"true\" data-vce-do-apply=\"padding el-fba5445d\"><\/div><\/div><\/div><\/div><\/div><\/div>\n","protected":false},"excerpt":{"rendered":"<p>Motor de reservasReservar en l\u00ednea su actividad por franjas horarias &nbsp;Reservar por nichoLos internautas pueden reservar y pagar directamente en su sitio web. Ahorre tiempo de gesti\u00f3n gracias al motor de reservas Reservit Actividades:\u2022 + disponibilidad en la recepci\u00f3n y l\u00ednea telef\u00f3nica libre\u2022 Actualizaci\u00f3n de su planificaci\u00f3n en tiempo real\u2022 Fondos disponibles gracias al pago [&hellip;]<\/p>\n","protected":false},"author":5,"featured_media":12003,"parent":0,"menu_order":0,"comment_status":"closed","ping_status":"closed","template":"","meta":{"footnotes":""},"class_list":["post-2792","page","type-page","status-publish","has-post-thumbnail","hentry"],"yoast_head":"<!-- This site is optimized with the Yoast SEO plugin v24.1 - https:\/\/yoast.com\/wordpress\/plugins\/seo\/ -->\n<title>Actividades | Motor de reservas<\/title>\n<meta name=\"description\" content=\"Motor de reservasReservar en l\u00ednea su actividad por franjas horarias &nbsp;Reservar por nichoLos internautas pueden reservar y pagar directamente en su\" \/>\n<meta name=\"robots\" content=\"index, follow, max-snippet:-1, max-image-preview:large, max-video-preview:-1\" \/>\n<link rel=\"canonical\" href=\"https:\/\/www.reservit.com\/es\/actividades-motor-de-reservas\/\" \/>\n<meta property=\"og:locale\" content=\"es_ES\" \/>\n<meta property=\"og:type\" content=\"article\" \/>\n<meta property=\"og:title\" content=\"Actividades | Motor de reservas\" \/>\n<meta property=\"og:description\" content=\"Motor de reservasReservar en l\u00ednea su actividad por franjas horarias &nbsp;Reservar por nichoLos internautas pueden reservar y pagar directamente en su\" \/>\n<meta property=\"og:url\" content=\"https:\/\/www.reservit.com\/es\/actividades-motor-de-reservas\/\" \/>\n<meta property=\"og:site_name\" content=\"Reservit\" \/>\n<meta property=\"article:modified_time\" content=\"2021-08-10T12:44:10+00:00\" \/>\n<meta property=\"og:image\" content=\"https:\/\/www.reservit.com\/zeeptapo\/2021\/02\/Sans-titre-5.jpg\" \/>\n<meta name=\"twitter:card\" content=\"summary_large_image\" \/>\n<meta name=\"twitter:label1\" content=\"Tiempo de lectura\" \/>\n\t<meta name=\"twitter:data1\" content=\"1 minuto\" \/>\n<script type=\"application\/ld+json\" class=\"yoast-schema-graph\">{\"@context\":\"https:\/\/schema.org\",\"@graph\":[{\"@type\":\"WebPage\",\"@id\":\"https:\/\/www.reservit.com\/es\/actividades-motor-de-reservas\/\",\"url\":\"https:\/\/www.reservit.com\/es\/actividades-motor-de-reservas\/\",\"name\":\"Actividades | Motor de reservas\",\"isPartOf\":{\"@id\":\"https:\/\/www.reservit.com\/es\/#website\"},\"primaryImageOfPage\":{\"@id\":\"https:\/\/www.reservit.com\/es\/actividades-motor-de-reservas\/#primaryimage\"},\"image\":{\"@id\":\"https:\/\/www.reservit.com\/es\/actividades-motor-de-reservas\/#primaryimage\"},\"thumbnailUrl\":\"https:\/\/www.reservit.com\/zeeptapo\/2024\/08\/Activites-2.png\",\"datePublished\":\"2021-01-14T14:53:36+00:00\",\"dateModified\":\"2021-08-10T12:44:10+00:00\",\"description\":\"Motor de reservasReservar en l\u00ednea su actividad por franjas horarias &nbsp;Reservar por nichoLos internautas pueden reservar y pagar directamente en su\",\"inLanguage\":\"es\",\"potentialAction\":[{\"@type\":\"ReadAction\",\"target\":[\"https:\/\/www.reservit.com\/es\/actividades-motor-de-reservas\/\"]}]},{\"@type\":\"ImageObject\",\"inLanguage\":\"es\",\"@id\":\"https:\/\/www.reservit.com\/es\/actividades-motor-de-reservas\/#primaryimage\",\"url\":\"https:\/\/www.reservit.com\/zeeptapo\/2024\/08\/Activites-2.png\",\"contentUrl\":\"https:\/\/www.reservit.com\/zeeptapo\/2024\/08\/Activites-2.png\",\"width\":800,\"height\":500},{\"@type\":\"WebSite\",\"@id\":\"https:\/\/www.reservit.com\/es\/#website\",\"url\":\"https:\/\/www.reservit.com\/es\/\",\"name\":\"Reservit\",\"description\":\"Un site utilisant WordPress\",\"potentialAction\":[{\"@type\":\"SearchAction\",\"target\":{\"@type\":\"EntryPoint\",\"urlTemplate\":\"https:\/\/www.reservit.com\/es\/?s={search_term_string}\"},\"query-input\":{\"@type\":\"PropertyValueSpecification\",\"valueRequired\":true,\"valueName\":\"search_term_string\"}}],\"inLanguage\":\"es\"}]}<\/script>\n<!-- \/ Yoast SEO plugin. -->","yoast_head_json":{"title":"Actividades | Motor de reservas","description":"Motor de reservasReservar en l\u00ednea su actividad por franjas horarias &nbsp;Reservar por nichoLos internautas pueden reservar y pagar directamente en su","robots":{"index":"index","follow":"follow","max-snippet":"max-snippet:-1","max-image-preview":"max-image-preview:large","max-video-preview":"max-video-preview:-1"},"canonical":"https:\/\/www.reservit.com\/es\/actividades-motor-de-reservas\/","og_locale":"es_ES","og_type":"article","og_title":"Actividades | Motor de reservas","og_description":"Motor de reservasReservar en l\u00ednea su actividad por franjas horarias &nbsp;Reservar por nichoLos internautas pueden reservar y pagar directamente en su","og_url":"https:\/\/www.reservit.com\/es\/actividades-motor-de-reservas\/","og_site_name":"Reservit","article_modified_time":"2021-08-10T12:44:10+00:00","og_image":[{"url":"https:\/\/www.reservit.com\/zeeptapo\/2021\/02\/Sans-titre-5.jpg","type":"","width":"","height":""}],"twitter_card":"summary_large_image","twitter_misc":{"Tiempo de lectura":"1 minuto"},"schema":{"@context":"https:\/\/schema.org","@graph":[{"@type":"WebPage","@id":"https:\/\/www.reservit.com\/es\/actividades-motor-de-reservas\/","url":"https:\/\/www.reservit.com\/es\/actividades-motor-de-reservas\/","name":"Actividades | Motor de reservas","isPartOf":{"@id":"https:\/\/www.reservit.com\/es\/#website"},"primaryImageOfPage":{"@id":"https:\/\/www.reservit.com\/es\/actividades-motor-de-reservas\/#primaryimage"},"image":{"@id":"https:\/\/www.reservit.com\/es\/actividades-motor-de-reservas\/#primaryimage"},"thumbnailUrl":"https:\/\/www.reservit.com\/zeeptapo\/2024\/08\/Activites-2.png","datePublished":"2021-01-14T14:53:36+00:00","dateModified":"2021-08-10T12:44:10+00:00","description":"Motor de reservasReservar en l\u00ednea su actividad por franjas horarias &nbsp;Reservar por nichoLos internautas pueden reservar y pagar directamente en su","inLanguage":"es","potentialAction":[{"@type":"ReadAction","target":["https:\/\/www.reservit.com\/es\/actividades-motor-de-reservas\/"]}]},{"@type":"ImageObject","inLanguage":"es","@id":"https:\/\/www.reservit.com\/es\/actividades-motor-de-reservas\/#primaryimage","url":"https:\/\/www.reservit.com\/zeeptapo\/2024\/08\/Activites-2.png","contentUrl":"https:\/\/www.reservit.com\/zeeptapo\/2024\/08\/Activites-2.png","width":800,"height":500},{"@type":"WebSite","@id":"https:\/\/www.reservit.com\/es\/#website","url":"https:\/\/www.reservit.com\/es\/","name":"Reservit","description":"Un site utilisant WordPress","potentialAction":[{"@type":"SearchAction","target":{"@type":"EntryPoint","urlTemplate":"https:\/\/www.reservit.com\/es\/?s={search_term_string}"},"query-input":{"@type":"PropertyValueSpecification","valueRequired":true,"valueName":"search_term_string"}}],"inLanguage":"es"}]}},"_links":{"self":[{"href":"https:\/\/www.reservit.com\/es\/wp-json\/wp\/v2\/pages\/2792","targetHints":{"allow":["GET"]}}],"collection":[{"href":"https:\/\/www.reservit.com\/es\/wp-json\/wp\/v2\/pages"}],"about":[{"href":"https:\/\/www.reservit.com\/es\/wp-json\/wp\/v2\/types\/page"}],"author":[{"embeddable":true,"href":"https:\/\/www.reservit.com\/es\/wp-json\/wp\/v2\/users\/5"}],"replies":[{"embeddable":true,"href":"https:\/\/www.reservit.com\/es\/wp-json\/wp\/v2\/comments?post=2792"}],"version-history":[{"count":0,"href":"https:\/\/www.reservit.com\/es\/wp-json\/wp\/v2\/pages\/2792\/revisions"}],"wp:featuredmedia":[{"embeddable":true,"href":"https:\/\/www.reservit.com\/es\/wp-json\/wp\/v2\/media\/12003"}],"wp:attachment":[{"href":"https:\/\/www.reservit.com\/es\/wp-json\/wp\/v2\/media?parent=2792"}],"curies":[{"name":"wp","href":"https:\/\/api.w.org\/{rel}","templated":true}]}}